{"id":11858,"date":"2022-05-19T10:52:21","date_gmt":"2022-05-19T08:52:21","guid":{"rendered":"https:\/\/laverteshop.fr\/product\/mighty-plus-storz-und-bickel\/"},"modified":"2025-07-15T15:03:59","modified_gmt":"2025-07-15T13:03:59","slug":"mighty-plus-storz-und-bickel","status":"publish","type":"product","link":"https:\/\/laverteshop.fr\/es\/producto\/mighty-plus-storz-und-bickel\/","title":{"rendered":"Mighty Plus - Storz und Bickel"},"content":{"rendered":"<p><strong>Incluye en el paquete:<\/strong><\/p>\n<p>-1x Mighty+<br \/>\n-1x USB-C a USB-A<br \/>\n-3x Tamiz est\u00e1ndar<br \/>\n-3x Tamiz grueso<br \/>\n-3x Junta base<br \/>\n-1 c\u00e1psula dosificadora<br \/>\n-1x Cepillo de limpieza<br \/>\n-1x Instrucciones de uso<\/p>\n<div><\/div>\n<div>\n<div>\n<div><strong>Nota<\/strong><\/div>\n<div>D&rsquo;un point de vue technique, le Mighty Plus peut \u00e9galement \u00eatre charg\u00e9 avec un c\u00e2ble de chargement USB-C vers USB-C.<\/div>\n<div>Las velocidades de carga m\u00e1s r\u00e1pidas se consiguen con un adaptador de corriente que proporcione las velocidades de carga soportadas por el Mighty Plus (adaptador de corriente de 45W con 15V 3A, compatible con Power Delivery).<\/div>\n<\/div>\n<\/div>","protected":false},"excerpt":{"rendered":"<p><strong>Storz und Bickel Mighty Plus<\/strong><\/p>\n<p>Mejor, m\u00e1s r\u00e1pido, m\u00e1s fuerte. Siente la potencia del nuevo y mejorado MIGHTY Plus.<\/p>\n<p>Desde su lanzamiento, el MIGHTY ha estado en una liga propia.<\/p>\n<p>Aujourd&rsquo;hui, le MIGHTY Plus place la barre encore plus haut gr\u00e2ce \u00e0 ces nouvelles fonctionnalit\u00e9s \u00e9tonnantes :<\/p>\n<ul>\n<li>Toma USB-C<\/li>\n<li>Funci\u00f3n de supercarga: 80 % de carga en 40 minutos<\/li>\n<li>Se calienta en unos 60 segundos<\/li>\n<li>C\u00e1mara de relleno revestida de cer\u00e1mica<\/li>\n<li>Dise\u00f1o optimizado para una mayor estabilidad<\/li>\n<li>Temperatura preestablecida del superbooster<\/li>\n<li>Mejora de la vivienda<\/li>\n<li>2 ans de garantie + 1 an \u00e0 l&rsquo;enregistrement<\/li>\n<\/ul>","protected":false},"featured_media":11855,"comment_status":"open","ping_status":"closed","template":"","meta":{"inline_featured_image":false},"product_brand":[249],"product_cat":[248],"product_tag":[],"class_list":{"0":"post-11858","1":"product","2":"type-product","3":"status-publish","4":"has-post-thumbnail","6":"product_brand-storz-und-bickel","7":"product_cat-vaporisateurs","9":"first","10":"instock","11":"taxable","12":"shipping-taxable","13":"purchasable","14":"product-type-simple"},"jetpack_sharing_enabled":true,"_links":{"self":[{"href":"https:\/\/laverteshop.fr\/es\/wp-json\/wp\/v2\/product\/11858","targetHints":{"allow":["GET"]}}],"collection":[{"href":"https:\/\/laverteshop.fr\/es\/wp-json\/wp\/v2\/product"}],"about":[{"href":"https:\/\/laverteshop.fr\/es\/wp-json\/wp\/v2\/types\/product"}],"replies":[{"embeddable":true,"href":"https:\/\/laverteshop.fr\/es\/wp-json\/wp\/v2\/comments?post=11858"}],"wp:featuredmedia":[{"embeddable":true,"href":"https:\/\/laverteshop.fr\/es\/wp-json\/wp\/v2\/media\/11855"}],"wp:attachment":[{"href":"https:\/\/laverteshop.fr\/es\/wp-json\/wp\/v2\/media?parent=11858"}],"wp:term":[{"taxonomy":"product_brand","embeddable":true,"href":"https:\/\/laverteshop.fr\/es\/wp-json\/wp\/v2\/product_brand?post=11858"},{"taxonomy":"product_cat","embeddable":true,"href":"https:\/\/laverteshop.fr\/es\/wp-json\/wp\/v2\/product_cat?post=11858"},{"taxonomy":"product_tag","embeddable":true,"href":"https:\/\/laverteshop.fr\/es\/wp-json\/wp\/v2\/product_tag?post=11858"}],"curies":[{"name":"wp","href":"https:\/\/api.w.org\/{rel}","templated":true}]}}