{"id":9739,"date":"2021-11-11T15:55:34","date_gmt":"2021-11-11T14:55:34","guid":{"rendered":"https:\/\/laverteshop.fr\/?post_type=product&#038;p=9739"},"modified":"2025-07-15T15:04:15","modified_gmt":"2025-07-15T13:04:15","slug":"seda-filtres-bio","status":"publish","type":"product","link":"https:\/\/laverteshop.fr\/en\/product\/seda-filtres-bio\/","title":{"rendered":"SEDA Biofilters"},"content":{"rendered":"<p>Les filtres SEDA Bio sont enti\u00e8rement organiques. Faits \u00e0 partir de graine d&rsquo;amarante, ils sont respectueux de la plan\u00e8te et rendent votre d\u00e9gustation encore plus sp\u00e9ciale.<\/p>\n<p>Approximately 35 filters per package.<\/p>\n<p>A mini price for a symbolic accessory.<\/p>\n<p>All our accessories and derivatives are carefully chosen according to their composition, their reputation, and their use. You will find on our site only reference brands, which will bring back good memories.<\/p>","protected":false},"excerpt":{"rendered":"<p>Les filtres SEDA Bio sont enti\u00e8rement organiques. Faits \u00e0 partir de graine d&rsquo;amarante, ils sont respectueux de la plan\u00e8te et rendent votre d\u00e9gustation encore plus sp\u00e9ciale.<\/p>\n<p>Approximately 35 filters per package.<\/p>\n<p>A mini price for a symbolic accessory.<\/p>","protected":false},"featured_media":9745,"comment_status":"open","ping_status":"closed","template":"","meta":{"inline_featured_image":false},"product_brand":[223],"product_cat":[197],"product_tag":[218],"class_list":{"0":"post-9739","1":"product","2":"type-product","3":"status-publish","4":"has-post-thumbnail","6":"product_brand-seda","7":"product_cat-filtres","8":"product_tag-filtres","10":"first","11":"instock","12":"taxable","13":"shipping-taxable","14":"purchasable","15":"product-type-simple"},"jetpack_sharing_enabled":true,"_links":{"self":[{"href":"https:\/\/laverteshop.fr\/en\/wp-json\/wp\/v2\/product\/9739","targetHints":{"allow":["GET"]}}],"collection":[{"href":"https:\/\/laverteshop.fr\/en\/wp-json\/wp\/v2\/product"}],"about":[{"href":"https:\/\/laverteshop.fr\/en\/wp-json\/wp\/v2\/types\/product"}],"replies":[{"embeddable":true,"href":"https:\/\/laverteshop.fr\/en\/wp-json\/wp\/v2\/comments?post=9739"}],"wp:featuredmedia":[{"embeddable":true,"href":"https:\/\/laverteshop.fr\/en\/wp-json\/wp\/v2\/media\/9745"}],"wp:attachment":[{"href":"https:\/\/laverteshop.fr\/en\/wp-json\/wp\/v2\/media?parent=9739"}],"wp:term":[{"taxonomy":"product_brand","embeddable":true,"href":"https:\/\/laverteshop.fr\/en\/wp-json\/wp\/v2\/product_brand?post=9739"},{"taxonomy":"product_cat","embeddable":true,"href":"https:\/\/laverteshop.fr\/en\/wp-json\/wp\/v2\/product_cat?post=9739"},{"taxonomy":"product_tag","embeddable":true,"href":"https:\/\/laverteshop.fr\/en\/wp-json\/wp\/v2\/product_tag?post=9739"}],"curies":[{"name":"wp","href":"https:\/\/api.w.org\/{rel}","templated":true}]}}