{"id":9235,"date":"2021-09-24T08:41:14","date_gmt":"2021-09-24T06:41:14","guid":{"rendered":"https:\/\/laverteshop.fr\/?post_type=product&#038;p=9235"},"modified":"2026-03-09T07:16:26","modified_gmt":"2026-03-09T06:16:26","slug":"organic-green-20-cbd-oil","status":"publish","type":"product","link":"https:\/\/laverteshop.fr\/en\/product\/organic-green-20-cbd-oil\/","title":{"rendered":"Organic CBD Oil - La Verte - 20% CBD"},"content":{"rendered":"<p>This Organic CBD Oil - La Verte - 20% CBD is perfect if you have chronic pain, or sleep problems.<\/p>\n<p>Our CBD oil is certified Swiss CBD quality. What matters most to us is to be able to provide you with excellent value oils at affordable and acceptable prices, and within the levels allowed by the CJEU (0% THC).<\/p>\n<p>We advise you to consult your doctor, who will be able to advise you the best use for your CBD.<\/p>","protected":false},"excerpt":{"rendered":"<p>Our Organic CBD Oil - La Verte - 20% CBD has been developed in Switzerland by scientists and researchers who want to produce the best oil for your well-being.<\/p>\n<p>This 20% CBD oil is perfect for sleep, as well as if you have to deal with recurring pain.<\/p>\n<p>Ses 20% de CBD agiront rapidement sur votre corps pour vous procurer le bien \u00eatre cherch\u00e9. C&rsquo;est une huile MCT, ce qui signifie qu&rsquo;elle est faite \u00e0 base d&rsquo;huile de coco, ce qui la rend plus l\u00e9g\u00e8re et donc parfait pour son utilisation.<\/p>","protected":false},"featured_media":9229,"comment_status":"open","ping_status":"closed","template":"","meta":{"inline_featured_image":false},"product_brand":[75],"product_cat":[60,243],"product_tag":[215,216],"class_list":{"0":"post-9235","1":"product","2":"type-product","3":"status-publish","4":"has-post-thumbnail","6":"product_brand-la-verte","7":"product_cat-bien-etre","8":"product_cat-huiles-cbd","9":"product_tag-bio","10":"product_tag-huile-cbd","12":"first","13":"outofstock","14":"taxable","15":"shipping-taxable","16":"purchasable","17":"product-type-simple"},"jetpack_sharing_enabled":true,"_links":{"self":[{"href":"https:\/\/laverteshop.fr\/en\/wp-json\/wp\/v2\/product\/9235","targetHints":{"allow":["GET"]}}],"collection":[{"href":"https:\/\/laverteshop.fr\/en\/wp-json\/wp\/v2\/product"}],"about":[{"href":"https:\/\/laverteshop.fr\/en\/wp-json\/wp\/v2\/types\/product"}],"replies":[{"embeddable":true,"href":"https:\/\/laverteshop.fr\/en\/wp-json\/wp\/v2\/comments?post=9235"}],"wp:featuredmedia":[{"embeddable":true,"href":"https:\/\/laverteshop.fr\/en\/wp-json\/wp\/v2\/media\/9229"}],"wp:attachment":[{"href":"https:\/\/laverteshop.fr\/en\/wp-json\/wp\/v2\/media?parent=9235"}],"wp:term":[{"taxonomy":"product_brand","embeddable":true,"href":"https:\/\/laverteshop.fr\/en\/wp-json\/wp\/v2\/product_brand?post=9235"},{"taxonomy":"product_cat","embeddable":true,"href":"https:\/\/laverteshop.fr\/en\/wp-json\/wp\/v2\/product_cat?post=9235"},{"taxonomy":"product_tag","embeddable":true,"href":"https:\/\/laverteshop.fr\/en\/wp-json\/wp\/v2\/product_tag?post=9235"}],"curies":[{"name":"wp","href":"https:\/\/api.w.org\/{rel}","templated":true}]}}