{"id":8847,"date":"2021-08-31T09:16:13","date_gmt":"2021-08-31T07:16:13","guid":{"rendered":"https:\/\/laverteshop.fr\/?post_type=product&#038;p=8847"},"modified":"2025-07-15T15:10:42","modified_gmt":"2025-07-15T13:10:42","slug":"filters-a-charbon-active-actitube-extra-slim-6mm","status":"publish","type":"product","link":"https:\/\/laverteshop.fr\/en\/product\/filters-a-charbon-active-actitube-extra-slim-6mm\/","title":{"rendered":"Actitube| Extra Slim activated carbon filters 6mm"},"content":{"rendered":"<p>- Filter dimensions: 6 x 27 mm<br \/>\n- Ceramic caps on both sides<br \/>\n- 50 filters per package<\/p>\n<p><strong>Winter tips :<\/strong><\/p>\n<p>At temperatures below 5\u00b0 C, the filter can become clogged. The cause is the condensation of smoke inside the filter.<\/p>\n<p>This is why it is advisable to smoke indoors during the cold season or to keep the\u00a0<a href=\"https:\/\/laverteshop.fr\/en\/product-category\/accessories\/filters\/\">filter<\/a>\u00a0warm until you turn it on.<\/p>\n<p>To ensure you get the best possible experience, we only sell products of the highest quality. Premium materials are used to make them, and they are recognized worldwide.<\/p>\n<p>The prices applied are also very interesting for this type of products so do not hesitate and add them to your order!<\/p>","protected":false},"excerpt":{"rendered":"<p>The\u00a0<strong>filters\u00a0<\/strong><a href=\"https:\/\/laverteshop.fr\/en\/product\/filtres-a-charbon-active-actitube-slim-compact-travel-size\/\"><strong>ActiTube<\/strong><\/a> <strong>Extra<\/strong> <strong>Slim<\/strong>\u00a0have been designed to filter out a large part of the harmful substances using activated carbon.<\/p>\n<p>For these filters, actiTube has reduced the degree of filling. As a result, the protection of the respiratory tract is reduced, but you get the FULL FLAVOR when smoking your roll-ups.<\/p>\n<p>It has the particularity of retaining certain elements such as nicotine and tar which are formed during the combustion of cigarettes and other harmful substances.<\/p>\n<p>When smoke passes through an activated carbon filter, much of the harmful tar in the smoke sticks to the activated carbon.<\/p>\n<p>La fum\u00e9e est moins n\u00e9faste, elle est refroidie par un embout en c\u00e9ramique, ce qui l&rsquo;a rend plus douce, le go\u00fbt du tabac est att\u00e9nu\u00e9 mais pas celui de l\u2019herbe et l\u2019effet du \u00ab hit \u00bb n\u2019est pas alt\u00e9r\u00e9.<\/p>","protected":false},"featured_media":9974,"comment_status":"open","ping_status":"closed","template":"","meta":{"inline_featured_image":false},"product_brand":[211],"product_cat":[197,61],"product_tag":[217,218],"class_list":{"0":"post-8847","1":"product","2":"type-product","3":"status-publish","4":"has-post-thumbnail","6":"product_brand-actitube","7":"product_cat-filtres","8":"product_cat-accessoires","9":"product_tag-feuilles","10":"product_tag-filtres","12":"first","13":"instock","14":"taxable","15":"shipping-taxable","16":"purchasable","17":"product-type-simple"},"jetpack_sharing_enabled":true,"_links":{"self":[{"href":"https:\/\/laverteshop.fr\/en\/wp-json\/wp\/v2\/product\/8847","targetHints":{"allow":["GET"]}}],"collection":[{"href":"https:\/\/laverteshop.fr\/en\/wp-json\/wp\/v2\/product"}],"about":[{"href":"https:\/\/laverteshop.fr\/en\/wp-json\/wp\/v2\/types\/product"}],"replies":[{"embeddable":true,"href":"https:\/\/laverteshop.fr\/en\/wp-json\/wp\/v2\/comments?post=8847"}],"wp:featuredmedia":[{"embeddable":true,"href":"https:\/\/laverteshop.fr\/en\/wp-json\/wp\/v2\/media\/9974"}],"wp:attachment":[{"href":"https:\/\/laverteshop.fr\/en\/wp-json\/wp\/v2\/media?parent=8847"}],"wp:term":[{"taxonomy":"product_brand","embeddable":true,"href":"https:\/\/laverteshop.fr\/en\/wp-json\/wp\/v2\/product_brand?post=8847"},{"taxonomy":"product_cat","embeddable":true,"href":"https:\/\/laverteshop.fr\/en\/wp-json\/wp\/v2\/product_cat?post=8847"},{"taxonomy":"product_tag","embeddable":true,"href":"https:\/\/laverteshop.fr\/en\/wp-json\/wp\/v2\/product_tag?post=8847"}],"curies":[{"name":"wp","href":"https:\/\/api.w.org\/{rel}","templated":true}]}}