{"id":8465,"date":"2021-08-10T16:46:31","date_gmt":"2021-08-10T14:46:31","guid":{"rendered":"https:\/\/laverteshop.fr\/?post_type=product&#038;p=8465"},"modified":"2025-07-15T15:10:52","modified_gmt":"2025-07-15T13:10:52","slug":"sheets-a-roll-flame-pink-king-slim","status":"publish","type":"product","link":"https:\/\/laverteshop.fr\/en\/product\/sheets-a-roll-flame-pink-king-slim\/","title":{"rendered":"Flamez Pink King Slim Rolling Sheets"},"content":{"rendered":"<p>Stand out from the crowd with these beautiful pink papers made with hemp fibers (90%) and wood fibers (10%) for added strength.<br \/>\nBuy Flamez Pink Edition papers<br \/>\nRevitalisez votre \u00ab\u00a0fum\u00e9e\u00a0\u00bb avec ces papiers Pink Edition de Flamez. Commandez en toute s\u00e9curit\u00e9 sur notre boutique en ligne et soyez s\u00fbr de recevoir votre paquet \u00e0 votre porte.<br \/>\nDo you swear Pinky!<\/p>\n<p>In order to ensure you the best possible tasting experience, we only sell products of the highest quality. They are world-renowned for their structure and, above all, are made from premium materials and raw materials.<\/p>\n<p>The prices applied are also very interesting for this type of products, so do not hesitate and add them to your order!<\/p>","protected":false},"excerpt":{"rendered":"<p>Flame Pink Edition!<br \/>\nLes vraies \u00ab\u00a0reines\u00a0\u00bb utilisent les papiers Flamez Pink (Queen) Size Slim !<br \/>\nStand out from the crowd with these beautiful pink papers made with hemp fibers (90%) and wood fibers (10%) for added strength.<\/p>\n<p>33 sheets per pack<br \/>\nLength: King Size (110 mm)<br \/>\nWidth: Slim (44 mm)<br \/>\nColor: pink<br \/>\nNature : mixture of hemp (90%) and wood (10%)<\/p>","protected":false},"featured_media":8466,"comment_status":"open","ping_status":"closed","template":"","meta":{"inline_featured_image":false},"product_brand":[204],"product_cat":[196,61],"product_tag":[217,218],"class_list":{"0":"post-8465","1":"product","2":"type-product","3":"status-publish","4":"has-post-thumbnail","6":"product_brand-flamez","7":"product_cat-feuilles-a-rouler","8":"product_cat-accessoires","9":"product_tag-feuilles","10":"product_tag-filtres","12":"first","13":"outofstock","14":"taxable","15":"shipping-taxable","16":"purchasable","17":"product-type-simple"},"jetpack_sharing_enabled":true,"_links":{"self":[{"href":"https:\/\/laverteshop.fr\/en\/wp-json\/wp\/v2\/product\/8465","targetHints":{"allow":["GET"]}}],"collection":[{"href":"https:\/\/laverteshop.fr\/en\/wp-json\/wp\/v2\/product"}],"about":[{"href":"https:\/\/laverteshop.fr\/en\/wp-json\/wp\/v2\/types\/product"}],"replies":[{"embeddable":true,"href":"https:\/\/laverteshop.fr\/en\/wp-json\/wp\/v2\/comments?post=8465"}],"wp:featuredmedia":[{"embeddable":true,"href":"https:\/\/laverteshop.fr\/en\/wp-json\/wp\/v2\/media\/8466"}],"wp:attachment":[{"href":"https:\/\/laverteshop.fr\/en\/wp-json\/wp\/v2\/media?parent=8465"}],"wp:term":[{"taxonomy":"product_brand","embeddable":true,"href":"https:\/\/laverteshop.fr\/en\/wp-json\/wp\/v2\/product_brand?post=8465"},{"taxonomy":"product_cat","embeddable":true,"href":"https:\/\/laverteshop.fr\/en\/wp-json\/wp\/v2\/product_cat?post=8465"},{"taxonomy":"product_tag","embeddable":true,"href":"https:\/\/laverteshop.fr\/en\/wp-json\/wp\/v2\/product_tag?post=8465"}],"curies":[{"name":"wp","href":"https:\/\/api.w.org\/{rel}","templated":true}]}}