{"id":8460,"date":"2021-08-10T16:37:33","date_gmt":"2021-08-10T14:37:33","guid":{"rendered":"https:\/\/laverteshop.fr\/?post_type=product&#038;p=8460"},"modified":"2025-10-13T08:32:56","modified_gmt":"2025-10-13T06:32:56","slug":"filters-raw-wide-hemp-cotton-25mm","status":"publish","type":"product","link":"https:\/\/laverteshop.fr\/en\/product\/filters-raw-wide-hemp-cotton-25mm\/","title":{"rendered":"Raw Wide Hemp Cotton 25mm Filters"},"content":{"rendered":"<p>Raw a toujours fabriqu\u00e9 d&rsquo;excellents papiers sans produits chimiques ni agents de blanchiment. Aujourd&rsquo;hui, ils ont ajout\u00e9 des perforations \u00e0 cette merveilleuse capacit\u00e9 !<br \/>\nLes Raw Perforated Tips signifient que vous n&rsquo;avez plus d&rsquo;excuse pour rouler une cigarette de mauvaise qualit\u00e9. Les perforations peuvent \u00eatre repli\u00e9es pour cr\u00e9er une forme en \u00ab\u00a0z\u00a0\u00bb dans le cafetier. Cela ajoute au refroidissement de votre fum\u00e9e.<br \/>\nThe tips are wider than the usual tips, which further increases this cooling and makes them ideal for very large cigarettes.<br \/>\nMade from natural hemp and cotton fibres.<\/p>\n<p>In order to ensure you the best possible tasting experience, we only sell products of the highest quality. They are world-renowned for their structure and, above all, are made from premium materials and raw materials.<\/p>\n<p>The prices applied are also very interesting for this type of products, so do not hesitate and add them to your order!<\/p>","protected":false},"excerpt":{"rendered":"<p>Extra large raw points<br \/>\nPerforated for easy rolling<br \/>\nSize: 55x25mm<br \/>\n50 tips per booklet<\/p>\n<p>Z-bendable for even better smoke filtering<\/p>","protected":false},"featured_media":8461,"comment_status":"open","ping_status":"closed","template":"","meta":{"inline_featured_image":false},"product_brand":[198],"product_cat":[197,61],"product_tag":[217,218],"class_list":{"0":"post-8460","1":"product","2":"type-product","3":"status-publish","4":"has-post-thumbnail","6":"product_brand-raw","7":"product_cat-filtres","8":"product_cat-accessoires","9":"product_tag-feuilles","10":"product_tag-filtres","12":"first","13":"instock","14":"taxable","15":"shipping-taxable","16":"purchasable","17":"product-type-simple"},"jetpack_sharing_enabled":true,"_links":{"self":[{"href":"https:\/\/laverteshop.fr\/en\/wp-json\/wp\/v2\/product\/8460","targetHints":{"allow":["GET"]}}],"collection":[{"href":"https:\/\/laverteshop.fr\/en\/wp-json\/wp\/v2\/product"}],"about":[{"href":"https:\/\/laverteshop.fr\/en\/wp-json\/wp\/v2\/types\/product"}],"replies":[{"embeddable":true,"href":"https:\/\/laverteshop.fr\/en\/wp-json\/wp\/v2\/comments?post=8460"}],"wp:featuredmedia":[{"embeddable":true,"href":"https:\/\/laverteshop.fr\/en\/wp-json\/wp\/v2\/media\/8461"}],"wp:attachment":[{"href":"https:\/\/laverteshop.fr\/en\/wp-json\/wp\/v2\/media?parent=8460"}],"wp:term":[{"taxonomy":"product_brand","embeddable":true,"href":"https:\/\/laverteshop.fr\/en\/wp-json\/wp\/v2\/product_brand?post=8460"},{"taxonomy":"product_cat","embeddable":true,"href":"https:\/\/laverteshop.fr\/en\/wp-json\/wp\/v2\/product_cat?post=8460"},{"taxonomy":"product_tag","embeddable":true,"href":"https:\/\/laverteshop.fr\/en\/wp-json\/wp\/v2\/product_tag?post=8460"}],"curies":[{"name":"wp","href":"https:\/\/api.w.org\/{rel}","templated":true}]}}