{"id":8283,"date":"2021-08-05T14:11:16","date_gmt":"2021-08-05T12:11:16","guid":{"rendered":"https:\/\/laverteshop.fr\/?post_type=product&#038;p=8283"},"modified":"2025-07-15T16:56:49","modified_gmt":"2025-07-15T14:56:49","slug":"moon-rock-60","status":"publish","type":"product","link":"https:\/\/laverteshop.fr\/en\/product\/moon-rock-60\/","title":{"rendered":"Moon Rock 60%"},"content":{"rendered":"<p>Ce moon rock CBD 60% vous ravira par son haut taux de CBD, qui garantit une excellente relaxation. Un go\u00fbt tr\u00e8s fruit\u00e9 au nez. Nous utilisons une de nos Kush sous serre, qui est ensuite tremp\u00e9 dans de l&rsquo;huile de CBD.<\/p>\n<p>Our products are certified Swiss CBD quality. What matters most to us is to be able to provide you with flowers and pollens of excellent value, at affordable and acceptable prices, and in compliance with the levels authorized by the CJEU (&lt;0.2% THC).<\/p>\n<p>What can you do with these products? Relaxing infusions, to improve your sleep, potpourri to impregnate your home with a natural scent, or you can use them in your food if you wish (salads, sauces, seasonings).<\/p>\n<p>We advise you to consult your doctor, who will be able to advise you the best use for your CBD.<\/p>","protected":false},"excerpt":{"rendered":"<p>Ce moon rock provient d&rsquo;une vari\u00e9t\u00e9 Kush cultiv\u00e9e sous serre, et tremp\u00e9e dans de l&rsquo;huile de CBD, ce qui donne ce taux \u00e9lev\u00e9 de CBD. Un produit phare qui peut \u00eatre utilis\u00e9 sous plusieurs formes (compl\u00e9ment alimentaire, infusions, etc). Son go\u00fbt fruit\u00e9 au nez vous ravira et vous rappeler des odeurs de barbapapa et de bonbons. C&rsquo;est un produit \u00e0 ne pas manquer, qui assurera une excellente relaxation.<\/p>\n<table style=\"border-collapse: collapse; width: 305px; height: 211px;\" border=\"1\">\n<tbody>\n<tr>\n<td style=\"width: 50%; text-align: center;\"><strong>THC<\/strong><\/td>\n<td style=\"width: 50%; text-align: center;\"><strong>0.12%<\/strong><\/td>\n<\/tr>\n<tr>\n<td style=\"width: 50%; text-align: center;\"><strong>CBD<\/strong><\/td>\n<td style=\"width: 50%; text-align: center;\"><strong>60%<\/strong><\/td>\n<\/tr>\n<tr>\n<td style=\"width: 50%; text-align: center;\"><strong>CBG<\/strong><\/td>\n<td style=\"width: 50%; text-align: center;\"><strong>0.02%<\/strong><\/td>\n<\/tr>\n<tr>\n<td style=\"width: 50%; text-align: center;\"><strong>Culture<\/strong><\/td>\n<td style=\"width: 50%; text-align: center;\"><strong>Indoor<\/strong><\/td>\n<\/tr>\n<\/tbody>\n<\/table>\n<p>&nbsp;<\/p>","protected":false},"featured_media":9707,"comment_status":"open","ping_status":"closed","template":"","meta":{"inline_featured_image":false},"product_brand":[75],"product_cat":[189],"product_tag":[76],"class_list":{"0":"post-8283","1":"product","2":"type-product","3":"status-publish","4":"has-post-thumbnail","6":"product_brand-la-verte","7":"product_cat-rock","8":"product_tag-indoor","10":"first","11":"instock","12":"taxable","13":"shipping-taxable","14":"purchasable","15":"product-type-variable"},"jetpack_sharing_enabled":true,"_links":{"self":[{"href":"https:\/\/laverteshop.fr\/en\/wp-json\/wp\/v2\/product\/8283","targetHints":{"allow":["GET"]}}],"collection":[{"href":"https:\/\/laverteshop.fr\/en\/wp-json\/wp\/v2\/product"}],"about":[{"href":"https:\/\/laverteshop.fr\/en\/wp-json\/wp\/v2\/types\/product"}],"replies":[{"embeddable":true,"href":"https:\/\/laverteshop.fr\/en\/wp-json\/wp\/v2\/comments?post=8283"}],"wp:featuredmedia":[{"embeddable":true,"href":"https:\/\/laverteshop.fr\/en\/wp-json\/wp\/v2\/media\/9707"}],"wp:attachment":[{"href":"https:\/\/laverteshop.fr\/en\/wp-json\/wp\/v2\/media?parent=8283"}],"wp:term":[{"taxonomy":"product_brand","embeddable":true,"href":"https:\/\/laverteshop.fr\/en\/wp-json\/wp\/v2\/product_brand?post=8283"},{"taxonomy":"product_cat","embeddable":true,"href":"https:\/\/laverteshop.fr\/en\/wp-json\/wp\/v2\/product_cat?post=8283"},{"taxonomy":"product_tag","embeddable":true,"href":"https:\/\/laverteshop.fr\/en\/wp-json\/wp\/v2\/product_tag?post=8283"}],"curies":[{"name":"wp","href":"https:\/\/api.w.org\/{rel}","templated":true}]}}