{"id":7690,"date":"2021-06-13T11:48:51","date_gmt":"2021-06-13T09:48:51","guid":{"rendered":"https:\/\/laverteshop.fr\/?post_type=product&#038;p=7690"},"modified":"2025-07-15T15:11:04","modified_gmt":"2025-07-15T13:11:04","slug":"sour-tsunami-greenhouse","status":"publish","type":"product","link":"https:\/\/laverteshop.fr\/en\/product\/sour-tsunami-greenhouse\/","title":{"rendered":"Sour Tsunami Greenhouse"},"content":{"rendered":"<p>This is our Greenhouse Sour Tsunami. Unlike the original Tsunami, it has a little bit of a sour taste. Nice medium sized buds, and a nice dark green colour. Its relatively terpenized smell will remind you of its earthy side. A very good value for money.<\/p>\n<p>With the Sour Tsunami Greenhouse, you have a nice product, on special offer at the moment.<\/p>\n<p>Our products are certified Swiss CBD quality. What matters most to us is to be able to provide you with flowers and pollens of excellent value, at affordable and acceptable prices, and in compliance with the levels authorized by the CJEU (&lt;0.2% THC).<\/p>\n<p>What can you do with these products? Relaxing infusions, to improve your sleep, potpourri to impregnate your home with a natural scent, or you can use them in your food if you wish (salads, sauces, seasonings).<\/p>\n<p>We advise you to consult your doctor, who will be able to advise you the best use for your CBD.<\/p>\n<p><em>You will also like:<\/em><\/p>\n<ul>\n<li data-wpmeteor-mouseover=\"true\"><a href=\"https:\/\/laverteshop.fr\/en\/product\/kush\/\">Forested Kush<\/a><\/li>\n<li data-wpmeteor-mouseover=\"true\"><a href=\"https:\/\/laverteshop.fr\/en\/top-5-most-popular-cbd-variants-of-2021\/\">Top 5 CBD varieties<\/a><\/li>\n<li data-wpmeteor-mouseover=\"true\"><a href=\"https:\/\/laverteshop.fr\/en\/product\/white-cbg\/\">White CBG<\/a><\/li>\n<li data-wpmeteor-mouseover=\"true\"><a href=\"https:\/\/laverteshop.fr\/en\/medical-cannabis-grown-in-germany-is-available-for-the-first-time\/\">Cannabis grown in Germany...<\/a><\/li>\n<\/ul>","protected":false},"excerpt":{"rendered":"<p>Notre Sour Tsunami Greenhouse est une vari\u00e9t\u00e9 qui est devenue c\u00e9l\u00e8bre parce qu&rsquo;elle est l&rsquo;une des premi\u00e8res \u00e0 avoir \u00e9t\u00e9 s\u00e9lectionn\u00e9e pour sa forte <a href=\"https:\/\/laverteshop.fr\/en\/the-cbd-and-sex\/\">CBD content<\/a> plut\u00f4t qu&rsquo;en THC.<\/p>\n<p>Le r\u00e9sultat est une vari\u00e9t\u00e9 efficace pour traiter la douleur et l&rsquo;inflammation<a href=\"https:\/\/laverteshop.fr\/en\/why-take-cbd-work\/\"> sans produire un \u00ab\u00a0high\u00a0\u00bb<\/a> related to high THC content.<\/p>\n<p>This flower was created by crossing Sour Diesel plants with NYC Diesel. This <a href=\"https:\/\/laverteshop.fr\/en\/product\/hawaiian-haze\/\">hybrid<\/a> Sativa-dominant flowers in 9 weeks, producing dense, dark green buds with dark green, purple-tinged leaves. The buds have a familiar musky diesel smell with sweet undertones.<\/p>\n<table style=\"border-collapse: collapse; width: 305px; height: 211px;\" border=\"1\">\n<tbody>\n<tr>\n<td style=\"width: 50%; text-align: center;\"><strong>THC<\/strong><\/td>\n<td style=\"width: 50%; text-align: center;\"><strong>0.18%<\/strong><\/td>\n<\/tr>\n<tr>\n<td style=\"width: 50%; text-align: center;\"><strong>CBD<\/strong><\/td>\n<td style=\"width: 50%; text-align: center;\"><strong>7.8%<\/strong><\/td>\n<\/tr>\n<tr>\n<td style=\"width: 50%; text-align: center;\"><strong>CBG<\/strong><\/td>\n<td style=\"width: 50%; text-align: center;\"><strong>0.18%<\/strong><\/td>\n<\/tr>\n<tr>\n<td style=\"width: 50%; text-align: center;\"><strong>Culture<\/strong><\/td>\n<td style=\"width: 50%; text-align: center;\"><strong>Hybrid<\/strong><\/td>\n<\/tr>\n<\/tbody>\n<\/table>","protected":false},"featured_media":8303,"comment_status":"open","ping_status":"closed","template":"","meta":{"inline_featured_image":false},"product_brand":[75],"product_cat":[58],"product_tag":[74],"class_list":{"0":"post-7690","1":"product","2":"type-product","3":"status-publish","4":"has-post-thumbnail","6":"product_brand-la-verte","7":"product_cat-fleurs","8":"product_tag-sous-serre","10":"first","11":"outofstock","12":"sale","13":"taxable","14":"shipping-taxable","15":"purchasable","16":"product-type-variable","17":"has-default-attributes"},"jetpack_sharing_enabled":true,"_links":{"self":[{"href":"https:\/\/laverteshop.fr\/en\/wp-json\/wp\/v2\/product\/7690","targetHints":{"allow":["GET"]}}],"collection":[{"href":"https:\/\/laverteshop.fr\/en\/wp-json\/wp\/v2\/product"}],"about":[{"href":"https:\/\/laverteshop.fr\/en\/wp-json\/wp\/v2\/types\/product"}],"replies":[{"embeddable":true,"href":"https:\/\/laverteshop.fr\/en\/wp-json\/wp\/v2\/comments?post=7690"}],"wp:featuredmedia":[{"embeddable":true,"href":"https:\/\/laverteshop.fr\/en\/wp-json\/wp\/v2\/media\/8303"}],"wp:attachment":[{"href":"https:\/\/laverteshop.fr\/en\/wp-json\/wp\/v2\/media?parent=7690"}],"wp:term":[{"taxonomy":"product_brand","embeddable":true,"href":"https:\/\/laverteshop.fr\/en\/wp-json\/wp\/v2\/product_brand?post=7690"},{"taxonomy":"product_cat","embeddable":true,"href":"https:\/\/laverteshop.fr\/en\/wp-json\/wp\/v2\/product_cat?post=7690"},{"taxonomy":"product_tag","embeddable":true,"href":"https:\/\/laverteshop.fr\/en\/wp-json\/wp\/v2\/product_tag?post=7690"}],"curies":[{"name":"wp","href":"https:\/\/api.w.org\/{rel}","templated":true}]}}