{"id":20353,"date":"2025-09-13T09:15:00","date_gmt":"2025-09-13T07:15:00","guid":{"rendered":"https:\/\/laverteshop.fr\/?post_type=product&#038;p=20353"},"modified":"2026-03-27T19:49:37","modified_gmt":"2026-03-27T18:49:37","slug":"super-skunk-indoor-small","status":"publish","type":"product","link":"https:\/\/laverteshop.fr\/en\/product\/super-skunk-indoor-small\/","title":{"rendered":"Super Skunk Indoor small"},"content":{"rendered":"<p>Alerte nouveaut\u00e9 ! Nous savons que vous adorez nos small buds, alors nous venons d&rsquo;ajouter un top produit \u00e0 notre collection : La Super Skunk Indoor small. Cette fleur provient d&rsquo;une culture en int\u00e9rieur, ce qui assure une qualit\u00e9 parfaite de fleur, car elles sont trait\u00e9es aux conditions parfaites de luminosit\u00e9, temp\u00e9rature et humidit\u00e9. Cette vari\u00e9t\u00e9 est \u00e9labor\u00e9e par des producteurs passionn\u00e9s et investis, pour assurer la plus haute qualit\u00e9 possible.<\/p>\n<p>La Super Skunk Indoor small est une fleur verte claire, pr\u00e9sent\u00e9e sous forme de petites t\u00eates tr\u00e8s faciles \u00e0 effriter, avec beaucoup de pistils blancs, ce qui montre que c&rsquo;est une vari\u00e9t\u00e9 tr\u00e8s pollinis\u00e9e. Elle provient d&rsquo;une g\u00e9n\u00e9tique de type Super Skunk, connue pour \u00eatre plut\u00f4t bois\u00e9e et puissante.<\/p>\n<p>Cette Super Skunk indoor small vous plaira \u00e0 coup s\u00fbr ! A ne pas rater.<\/p>\n<p>What matters most to us is that we can provide you with excellent value flowers and resins at affordable and acceptable prices, and within the levels permitted by the CJEU (&lt;0.3% THC).<\/p>\n<p>What can you do with these products? Relaxing infusions, to improve your sleep, potpourri to impregnate your home with a natural scent, or you can use them in your food if you wish (salads, sauces, seasonings).<\/p>\n<p>We advise you to consult your doctor, who will be able to advise you the best use for your CBD.<\/p>\n<p>&nbsp;<\/p>\n<p>&nbsp;<\/p>\n<p>&nbsp;<\/p>\n<h6><\/h6>","protected":false},"excerpt":{"rendered":"<p>La fleur de CBD Super Skunk Indoor small provient d&rsquo;une culture en int\u00e9rieur, et est \u00e9labor\u00e9e par des producteurs passionn\u00e9s et investis, pour assurer la plus haute qualit\u00e9 possible.<\/p>\n<p>De jolies petites t\u00eates, une couleur claire, remplie de trichomes blancs qui nous montre une fleur tr\u00e8s pollinis\u00e9e. Une odeur florale et puissante se d\u00e9gage lors de l&rsquo;ouverture du sachet ainsi que lors de la consommation. La Super Skunk Indoor small a tout pour vous plaire, si vous \u00eates amateurs de mini buds \u00e0 bon prix et excellente qualit\u00e9.<\/p>\n<p>Un must try dans nos mini buds ! N&rsquo;attendez plus !<\/p>\n<ul>\n<li>Origin: Switzerland<\/li>\n<li>Vari\u00e9t\u00e9 : Skunk<\/li>\n<\/ul>\n<table style=\"border-collapse: collapse; width: 192px; height: 205px;\" border=\"1\">\n<tbody>\n<tr>\n<td style=\"width: 50%; text-align: center;\"><strong>THC<\/strong><\/td>\n<td style=\"width: 50%; text-align: center;\"><strong>0.27 %<\/strong><\/td>\n<\/tr>\n<tr>\n<td style=\"width: 50%; text-align: center;\"><strong>CBD<\/strong><\/td>\n<td style=\"width: 50%; text-align: center;\"><strong>18 %<\/strong><\/td>\n<\/tr>\n<tr>\n<td style=\"width: 50%; text-align: center;\"><strong>CBG<\/strong><\/td>\n<td style=\"width: 50%; text-align: center;\"><strong>n.n<\/strong><\/td>\n<\/tr>\n<tr>\n<td style=\"width: 50%; text-align: center;\"><b>Culture<\/b><\/td>\n<td style=\"width: 50%; text-align: center;\"><strong>Indoor<\/strong><\/td>\n<\/tr>\n<\/tbody>\n<\/table>","protected":false},"featured_media":20358,"comment_status":"open","ping_status":"closed","template":"","meta":{"inline_featured_image":false},"product_brand":[75],"product_cat":[58,253,258],"product_tag":[220,76,252],"class_list":{"0":"post-20353","1":"product","2":"type-product","3":"status-publish","4":"has-post-thumbnail","6":"product_brand-la-verte","7":"product_cat-fleurs","8":"product_cat-indoor","9":"product_cat-trim-minibuds-cbd","10":"product_tag-fleurs-cbd","11":"product_tag-indoor","12":"product_tag-mini-buds","14":"first","15":"instock","16":"taxable","17":"shipping-taxable","18":"purchasable","19":"product-type-variable"},"jetpack_sharing_enabled":true,"_links":{"self":[{"href":"https:\/\/laverteshop.fr\/en\/wp-json\/wp\/v2\/product\/20353","targetHints":{"allow":["GET"]}}],"collection":[{"href":"https:\/\/laverteshop.fr\/en\/wp-json\/wp\/v2\/product"}],"about":[{"href":"https:\/\/laverteshop.fr\/en\/wp-json\/wp\/v2\/types\/product"}],"replies":[{"embeddable":true,"href":"https:\/\/laverteshop.fr\/en\/wp-json\/wp\/v2\/comments?post=20353"}],"wp:featuredmedia":[{"embeddable":true,"href":"https:\/\/laverteshop.fr\/en\/wp-json\/wp\/v2\/media\/20358"}],"wp:attachment":[{"href":"https:\/\/laverteshop.fr\/en\/wp-json\/wp\/v2\/media?parent=20353"}],"wp:term":[{"taxonomy":"product_brand","embeddable":true,"href":"https:\/\/laverteshop.fr\/en\/wp-json\/wp\/v2\/product_brand?post=20353"},{"taxonomy":"product_cat","embeddable":true,"href":"https:\/\/laverteshop.fr\/en\/wp-json\/wp\/v2\/product_cat?post=20353"},{"taxonomy":"product_tag","embeddable":true,"href":"https:\/\/laverteshop.fr\/en\/wp-json\/wp\/v2\/product_tag?post=20353"}],"curies":[{"name":"wp","href":"https:\/\/api.w.org\/{rel}","templated":true}]}}