{"id":19193,"date":"2025-01-17T15:49:17","date_gmt":"2025-01-17T14:49:17","guid":{"rendered":"https:\/\/laverteshop.fr\/?post_type=product&#038;p=19193"},"modified":"2025-12-29T22:05:17","modified_gmt":"2025-12-29T21:05:17","slug":"kiss-indoor-cbd","status":"publish","type":"product","link":"https:\/\/laverteshop.fr\/en\/product\/kiss-indoor-cbd\/","title":{"rendered":"Kiss Indoor CBD"},"content":{"rendered":"<p>Alerte nouveaut\u00e9 ! Top indoor qui vient s&rsquo;ajouter \u00e0 notre catalogue<\/p>\n<p>La Kiss indoor CBD est une magnifique fleur pr\u00e9sent\u00e9e sous forme de grosse t\u00eates compactes, et aux odeurs fruit\u00e9es bien pr\u00e9sentes. la Kiss se rapproche d&rsquo;une vari\u00e9t\u00e9 type Gelato, elle est donc l\u00e9g\u00e8rement sucr\u00e9e. Une couleur claire, et de jolis trichomes qui ressortent.<\/p>\n<p>With a CBD content of 18%, it's sure to relax you.<\/p>\n<p>Our products are certified Swiss CBD quality. What matters most to us is to be able to provide you with excellent value flowers and resins, at affordable and acceptable prices, and within the levels allowed by the CJEU (&lt;0.3% THC).<\/p>\n<p>What can you do with these products? Relaxing infusions, to improve your sleep, potpourri to impregnate your home with a natural scent, or you can use them in your food if you wish (salads, sauces, seasonings).<\/p>\n<p>We advise you to consult your doctor, who will be able to advise you the best use for your CBD.<\/p>","protected":false},"excerpt":{"rendered":"<p>Top quality novelty alert! If you love indoor flowers with character, you'll love Kiss indoor. Grown indoors, all the conditions are right for an excellent flower (light, humidity, temperature).<\/p>\n<p>Elle est grosse, compacte, et des couleur claire. Lors de l&rsquo;ouverture du sachet, des notes sucr\u00e9es et fruit\u00e9es vous raviront.<\/p>\n<p>And if you liked our latest releases, you'll see that the quality is still there! A product not to be missed!<\/p>\n<table style=\"border-collapse: collapse; width: 192px; height: 205px;\" border=\"1\">\n<tbody>\n<tr>\n<td style=\"width: 50%; text-align: center;\"><strong>THC<\/strong><\/td>\n<td style=\"width: 50%; text-align: center;\"><strong>0.24 %<\/strong><\/td>\n<\/tr>\n<tr>\n<td style=\"width: 50%; text-align: center;\"><b>CBD<\/b><\/td>\n<td style=\"width: 50%; text-align: center;\"><strong>18 %<\/strong><\/td>\n<\/tr>\n<tr>\n<td style=\"width: 50%; text-align: center;\"><b>CBG<\/b><\/td>\n<td style=\"width: 50%; text-align: center;\"><strong>n.n<\/strong><\/td>\n<\/tr>\n<tr>\n<td style=\"width: 50%; text-align: center;\"><b>Culture<\/b><\/td>\n<td style=\"width: 50%; text-align: center;\"><strong>Indoor<\/strong><\/td>\n<\/tr>\n<\/tbody>\n<\/table>","protected":false},"featured_media":19197,"comment_status":"open","ping_status":"closed","template":"","meta":{"inline_featured_image":false},"product_brand":[75],"product_cat":[58,253],"product_tag":[220,299],"class_list":{"0":"post-19193","1":"product","2":"type-product","3":"status-publish","4":"has-post-thumbnail","6":"product_brand-la-verte","7":"product_cat-fleurs","8":"product_cat-indoor","9":"product_tag-fleurs-cbd","10":"product_tag-fleurs-indoor","12":"first","13":"instock","14":"taxable","15":"shipping-taxable","16":"purchasable","17":"product-type-variable"},"jetpack_sharing_enabled":true,"_links":{"self":[{"href":"https:\/\/laverteshop.fr\/en\/wp-json\/wp\/v2\/product\/19193","targetHints":{"allow":["GET"]}}],"collection":[{"href":"https:\/\/laverteshop.fr\/en\/wp-json\/wp\/v2\/product"}],"about":[{"href":"https:\/\/laverteshop.fr\/en\/wp-json\/wp\/v2\/types\/product"}],"replies":[{"embeddable":true,"href":"https:\/\/laverteshop.fr\/en\/wp-json\/wp\/v2\/comments?post=19193"}],"wp:featuredmedia":[{"embeddable":true,"href":"https:\/\/laverteshop.fr\/en\/wp-json\/wp\/v2\/media\/19197"}],"wp:attachment":[{"href":"https:\/\/laverteshop.fr\/en\/wp-json\/wp\/v2\/media?parent=19193"}],"wp:term":[{"taxonomy":"product_brand","embeddable":true,"href":"https:\/\/laverteshop.fr\/en\/wp-json\/wp\/v2\/product_brand?post=19193"},{"taxonomy":"product_cat","embeddable":true,"href":"https:\/\/laverteshop.fr\/en\/wp-json\/wp\/v2\/product_cat?post=19193"},{"taxonomy":"product_tag","embeddable":true,"href":"https:\/\/laverteshop.fr\/en\/wp-json\/wp\/v2\/product_tag?post=19193"}],"curies":[{"name":"wp","href":"https:\/\/api.w.org\/{rel}","templated":true}]}}