{"id":18676,"date":"2024-09-03T15:57:25","date_gmt":"2024-09-03T13:57:25","guid":{"rendered":"https:\/\/laverteshop.fr\/?post_type=product&#038;p=18676"},"modified":"2026-04-05T08:39:55","modified_gmt":"2026-04-05T06:39:55","slug":"swiss-premium-black-hash-bio-3","status":"publish","type":"product","link":"https:\/\/laverteshop.fr\/en\/product\/swiss-premium-black-hash-bio-3\/","title":{"rendered":"Lebanese Red TGV"},"content":{"rendered":"<p>New molecular product! Lebanese Red TGV<\/p>\n<p>Qu&rsquo;est ce que le TGV ? C&rsquo;est un m\u00e9lange d&rsquo;isolats (forme poudreuse du CBD, et donc tr\u00e8s concentr\u00e9 en CBD) de CBN, de CBC ainsi qu&rsquo;un isolat naturel et l\u00e9g\u00e8rement euphorisant. Ce m\u00e9lange d&rsquo;isolats est ensuite inclus dans la presse des r\u00e9sines, et ajout\u00e9 sur les fleurs gr\u00e2ce a un ajout de pollens. Les fleurs sont donc plus claires, plus fortes, plus relaxantes et euphorisantes, mais non psychotropes, et beaucoup moins fort que d&rsquo;autre anciennes n\u00e9o-mol\u00e9cules (THCP, HHCPO, etc). Produit 100% naturel et l\u00e9gal !<\/p>\n<p>Cette mol\u00e9cule vous relaxera davantage que le CBD normal, mais ne vous donnera pas de gros \u00ab\u00a0high\u00a0\u00bb, c&rsquo;est un produit plut\u00f4t naturel.<\/p>\n<p>Red Lebanese is a semi-hard, semi-soft hash with a lovely ochre colour. Easy to use and crumble, it gives off a lovely, slightly woody smell when burnt. With the addition of TGV, it is stronger and more euphoric than the classic red Lebanese. Don't hesitate to try it out!<\/p>\n<p>What matters most to us is that we can provide you with excellent value flowers and resins at affordable and acceptable prices, and within the levels permitted by the CJEU (&lt;0.3% THC).<\/p>\n<p>What can you do with these products? Relaxing infusions, to improve your sleep, potpourri to impregnate your home with a natural scent, or you can use them in your food if you wish (salads, sauces, seasonings).<\/p>\n<p>We advise you to consult your doctor, who will be able to advise you the best use for your CBD.<\/p>\n<p><strong>IMPORTANT NOTE:<\/strong> Nos r\u00e9sines et hash sont pr\u00e9par\u00e9s dans des laboratoires certifi\u00e9s, avec des proc\u00e9d\u00e9s et techniques qui appartiennent seulement aux producteurs avec qui nous travaillons. La texture et l&rsquo;odeur des produits peuvent donc changer d&rsquo;une r\u00e9colte \u00e0 une autre, d\u00e9pendant aussi de la fleur utilis\u00e9e. Si vous avez un probl\u00e8me avec un produit, contactez nous \u00e0 <a href=\"mailto:contact@laverteshop.fr\">contact@laverteshop.fr<\/a> and we will find a solution for your satisfaction. Thank you for your understanding.<\/p>","protected":false},"excerpt":{"rendered":"<p>La mol\u00e9cule TGV (voir d\u00e9tails ci dessous dans la description longue) vous relaxera davantage que le CBD normal, mais ne vous donnera pas de gros \u00ab\u00a0high\u00a0\u00bb. Produit 100% naturel et l\u00e9gal !<\/p>\n<p>Libanais Rouge TGV is therefore the same as our Libanais Rouge CBD, but with the addition of a TGV molecule. A woody hash with a strong taste and smell. The relaxing effects are there for all our fans of quality resins.<\/p>\n<ul>\n<li>Origin : Bio Suisse<\/li>\n<li>Effects: relaxing<\/li>\n<\/ul>\n<table style=\"border-collapse: collapse; width: 192px; height: 205px;\" border=\"1\">\n<tbody>\n<tr>\n<td style=\"width: 50%; text-align: center;\"><strong>THC<\/strong><\/td>\n<td style=\"width: 50%; text-align: center;\"><strong>0.2 %<\/strong><\/td>\n<\/tr>\n<tr>\n<td style=\"width: 50%; text-align: center;\"><strong>CBD<\/strong><\/td>\n<td style=\"width: 50%; text-align: center;\"><strong>27 %<\/strong><\/td>\n<\/tr>\n<tr>\n<td style=\"width: 50%; text-align: center;\"><b>CBN<\/b><\/td>\n<td style=\"width: 50%; text-align: center;\"><strong>5 %<\/strong><\/td>\n<\/tr>\n<tr>\n<td style=\"width: 50%; text-align: center;\"><b>Culture<\/b><\/td>\n<td style=\"width: 50%; text-align: center;\"><strong>Indoor<\/strong><\/td>\n<\/tr>\n<\/tbody>\n<\/table>\n<p>&nbsp;<\/p>","protected":false},"featured_media":18696,"comment_status":"open","ping_status":"closed","template":"","meta":{"inline_featured_image":false},"product_brand":[75],"product_cat":[304,59],"product_tag":[244,230,301],"class_list":{"0":"post-18676","1":"product","2":"type-product","3":"status-publish","4":"has-post-thumbnail","6":"product_brand-la-verte","7":"product_cat-produits-puissants","8":"product_cat-pollens","9":"product_tag-hash","10":"product_tag-resines","11":"product_tag-tgv","13":"first","14":"outofstock","15":"taxable","16":"shipping-taxable","17":"purchasable","18":"product-type-variable"},"jetpack_sharing_enabled":true,"_links":{"self":[{"href":"https:\/\/laverteshop.fr\/en\/wp-json\/wp\/v2\/product\/18676","targetHints":{"allow":["GET"]}}],"collection":[{"href":"https:\/\/laverteshop.fr\/en\/wp-json\/wp\/v2\/product"}],"about":[{"href":"https:\/\/laverteshop.fr\/en\/wp-json\/wp\/v2\/types\/product"}],"replies":[{"embeddable":true,"href":"https:\/\/laverteshop.fr\/en\/wp-json\/wp\/v2\/comments?post=18676"}],"wp:featuredmedia":[{"embeddable":true,"href":"https:\/\/laverteshop.fr\/en\/wp-json\/wp\/v2\/media\/18696"}],"wp:attachment":[{"href":"https:\/\/laverteshop.fr\/en\/wp-json\/wp\/v2\/media?parent=18676"}],"wp:term":[{"taxonomy":"product_brand","embeddable":true,"href":"https:\/\/laverteshop.fr\/en\/wp-json\/wp\/v2\/product_brand?post=18676"},{"taxonomy":"product_cat","embeddable":true,"href":"https:\/\/laverteshop.fr\/en\/wp-json\/wp\/v2\/product_cat?post=18676"},{"taxonomy":"product_tag","embeddable":true,"href":"https:\/\/laverteshop.fr\/en\/wp-json\/wp\/v2\/product_tag?post=18676"}],"curies":[{"name":"wp","href":"https:\/\/api.w.org\/{rel}","templated":true}]}}