{"id":18438,"date":"2024-07-23T16:51:43","date_gmt":"2024-07-23T14:51:43","guid":{"rendered":"https:\/\/laverteshop.fr\/?post_type=product&#038;p=18438"},"modified":"2025-07-15T15:50:15","modified_gmt":"2025-07-15T13:50:15","slug":"blueberry-indoor-mini-buds-3","status":"publish","type":"product","link":"https:\/\/laverteshop.fr\/en\/product\/blueberry-indoor-mini-buds-3\/","title":{"rendered":"Queen Purple Indoor mini buds"},"content":{"rendered":"<p>The best of Swiss CBD.<\/p>\n<p>Avis \u00e0 tous nos amateurs de mini buds et popcorn buds, voici notre nouvelle arriv\u00e9e, et c&rsquo;est une p\u00e9pite ! Cette Queen Purple Indoor mini buds, provient de la culture de la Queen Purple indoor, v\u00e9ritable bijou de fleur de CBD. Des minis buds claires, avec de jolis notes purple qui ressortent, et un go\u00fbt l\u00e9g\u00e8rement fruit\u00e9.<\/p>\n<p>Grown indoors, it's a bright, beautiful flower with a very strong aroma. Ideal for all our fans of mini buds, come and try it out!<\/p>\n<p>What matters most to us is that we can provide you with excellent value flowers and resins at affordable and acceptable prices, and within the levels permitted by the CJEU (&lt;0.3% THC).<\/p>\n<p>What can you do with these products? Relaxing infusions, to improve your sleep, potpourri to impregnate your home with a natural scent, or you can use them in your food if you wish (salads, sauces, seasonings).<\/p>\n<p>We advise you to consult your doctor, who will be able to advise you the best use for your CBD.<\/p>\n<p>&nbsp;<\/p>\n<p>&nbsp;<\/p>\n<p>&nbsp;<\/p>\n<h6><\/h6>","protected":false},"excerpt":{"rendered":"<p>La fleur de CBD Queen Purple Indoor mini buds provient d&rsquo;une culture en int\u00e9rieur, et est \u00e9labor\u00e9e par des producteurs passionn\u00e9s et investis, pour assurer la plus haute qualit\u00e9 possible.<\/p>\n<p>Pretty little buds, a slightly violet colour, and flowers that smell strong and good. When burnt, the notes are rather fruity, and the 16% of CBD provide a not inconsiderable relaxing effect.<\/p>\n<p>If you like our mini buds, and our new releases over the last few months, then this is the flower for you! Inexpensive and excellent!<\/p>\n<ul>\n<li>Origin: Switzerland<\/li>\n<li>Variety: Queen Purple<\/li>\n<\/ul>\n<table style=\"border-collapse: collapse; width: 192px; height: 205px;\" border=\"1\">\n<tbody>\n<tr>\n<td style=\"width: 50%; text-align: center;\"><strong>THC<\/strong><\/td>\n<td style=\"width: 50%; text-align: center;\"><strong>0.23 %<\/strong><\/td>\n<\/tr>\n<tr>\n<td style=\"width: 50%; text-align: center;\"><strong>CBD<\/strong><\/td>\n<td style=\"width: 50%; text-align: center;\"><strong>16 %<\/strong><\/td>\n<\/tr>\n<tr>\n<td style=\"width: 50%; text-align: center;\"><strong>CBG<\/strong><\/td>\n<td style=\"width: 50%; text-align: center;\"><strong>n.n<\/strong><\/td>\n<\/tr>\n<tr>\n<td style=\"width: 50%; text-align: center;\"><b>Culture<\/b><\/td>\n<td style=\"width: 50%; text-align: center;\"><strong>Indoor<\/strong><\/td>\n<\/tr>\n<\/tbody>\n<\/table>","protected":false},"featured_media":18443,"comment_status":"open","ping_status":"closed","template":"","meta":{"inline_featured_image":false},"product_brand":[75],"product_cat":[58,253,258],"product_tag":[220,76,252],"class_list":{"0":"post-18438","1":"product","2":"type-product","3":"status-publish","4":"has-post-thumbnail","6":"product_brand-la-verte","7":"product_cat-fleurs","8":"product_cat-indoor","9":"product_cat-trim-minibuds-cbd","10":"product_tag-fleurs-cbd","11":"product_tag-indoor","12":"product_tag-mini-buds","14":"first","15":"outofstock","16":"taxable","17":"shipping-taxable","18":"purchasable","19":"product-type-variable"},"jetpack_sharing_enabled":true,"_links":{"self":[{"href":"https:\/\/laverteshop.fr\/en\/wp-json\/wp\/v2\/product\/18438","targetHints":{"allow":["GET"]}}],"collection":[{"href":"https:\/\/laverteshop.fr\/en\/wp-json\/wp\/v2\/product"}],"about":[{"href":"https:\/\/laverteshop.fr\/en\/wp-json\/wp\/v2\/types\/product"}],"replies":[{"embeddable":true,"href":"https:\/\/laverteshop.fr\/en\/wp-json\/wp\/v2\/comments?post=18438"}],"wp:featuredmedia":[{"embeddable":true,"href":"https:\/\/laverteshop.fr\/en\/wp-json\/wp\/v2\/media\/18443"}],"wp:attachment":[{"href":"https:\/\/laverteshop.fr\/en\/wp-json\/wp\/v2\/media?parent=18438"}],"wp:term":[{"taxonomy":"product_brand","embeddable":true,"href":"https:\/\/laverteshop.fr\/en\/wp-json\/wp\/v2\/product_brand?post=18438"},{"taxonomy":"product_cat","embeddable":true,"href":"https:\/\/laverteshop.fr\/en\/wp-json\/wp\/v2\/product_cat?post=18438"},{"taxonomy":"product_tag","embeddable":true,"href":"https:\/\/laverteshop.fr\/en\/wp-json\/wp\/v2\/product_tag?post=18438"}],"curies":[{"name":"wp","href":"https:\/\/api.w.org\/{rel}","templated":true}]}}