{"id":18428,"date":"2024-07-23T16:18:25","date_gmt":"2024-07-23T14:18:25","guid":{"rendered":"https:\/\/laverteshop.fr\/?post_type=product&#038;p=18428"},"modified":"2026-01-19T08:40:35","modified_gmt":"2026-01-19T07:40:35","slug":"diesel-greenhouse-t-p-10","status":"publish","type":"product","link":"https:\/\/laverteshop.fr\/en\/product\/diesel-greenhouse-t-p-10\/","title":{"rendered":"Swiss Cheese Greenhouse"},"content":{"rendered":"<p>Pour pallier \u00e0 l&rsquo;interdiction des n\u00e9o-mol\u00e9cules, nous vous offrons le meilleur du CBD Suisse.<\/p>\n<p>A new arrival in the greenhouse flower section, Swiss Cheese Greenhouse is a compact, long and bushy flower, but superbly well manicured. Dark green and presented in large heads.<\/p>\n<p>Lors de l&rsquo;ouverture du pochon, c&rsquo;est un cot\u00e9 plus terreux qui se reconnaitra, provenant de la culture sous serre. Les conditions \u00e9tant plus fraiches en Suisse, on ressent une fraicheur lors de la consommation, et un ar\u00f4me plut\u00f4t bois\u00e9. Clairement une fleur qui plaira aux amateurs de fleurs de culture sous serre. Une top Greenhouse \u00e0 tr\u00e8s bon prix.<\/p>\n<p>Our products are certified Swiss CBD quality. What matters most to us is to be able to provide you with excellent value flowers and resins, at affordable and acceptable prices, and within the levels allowed by the CJEU (&lt;0.3% THC).<\/p>\n<p>What can you do with these products? Relaxing infusions, to improve your sleep, potpourri to impregnate your home with a natural scent, or you can use them in your food if you wish (salads, sauces, seasonings).<\/p>\n<p>We advise you to consult your doctor, who will be able to advise you the best use for your CBD.<\/p>","protected":false},"excerpt":{"rendered":"<p>Pour pallier \u00e0 l&rsquo;interdiction des n\u00e9o mol\u00e9cules, nous avons d\u00e9cid\u00e9 de vous proposer les meilleurs fleurs suisses possible. Cette Swiss Cheese greenhouse, comme l&rsquo;indique son nom, provient d&rsquo;une culture sous serre du canton de Berne. Des conditions fraiches, une terre propre et bien entretenue, et des serres nouvelles g\u00e9n\u00e9rations.<\/p>\n<p>This flower will delight you with its freshness, its large buds and its slightly dark green colour. A very recognisable taste of nature, this flower is excellent value for money.<\/p>\n<p>If you liked our latest novelties, you'll be won over by this quality flower.<\/p>\n<table style=\"border-collapse: collapse; width: 192px; height: 205px;\" border=\"1\">\n<tbody>\n<tr>\n<td style=\"width: 50%; text-align: center;\"><strong>THC<\/strong><\/td>\n<td style=\"width: 50%; text-align: center;\"><strong>0.22 %<\/strong><\/td>\n<\/tr>\n<tr>\n<td style=\"width: 50%; text-align: center;\"><b>CBD<\/b><\/td>\n<td style=\"width: 50%; text-align: center;\"><strong>14-16 %<\/strong><\/td>\n<\/tr>\n<tr>\n<td style=\"width: 50%; text-align: center;\"><b>CBG<\/b><\/td>\n<td style=\"width: 50%; text-align: center;\"><strong>n.n<\/strong><\/td>\n<\/tr>\n<tr>\n<td style=\"width: 50%; text-align: center;\"><b>Culture<\/b><\/td>\n<td style=\"width: 50%; text-align: center;\"><strong>Greenhouse<\/strong><\/td>\n<\/tr>\n<\/tbody>\n<\/table>","protected":false},"featured_media":19539,"comment_status":"open","ping_status":"closed","template":"","meta":{"inline_featured_image":false},"product_brand":[75],"product_cat":[58,255],"product_tag":[220,298],"class_list":{"0":"post-18428","1":"product","2":"type-product","3":"status-publish","4":"has-post-thumbnail","6":"product_brand-la-verte","7":"product_cat-fleurs","8":"product_cat-greenhouse","9":"product_tag-fleurs-cbd","10":"product_tag-fleurs-greenhouse","12":"first","13":"instock","14":"taxable","15":"shipping-taxable","16":"purchasable","17":"product-type-variable"},"jetpack_sharing_enabled":true,"_links":{"self":[{"href":"https:\/\/laverteshop.fr\/en\/wp-json\/wp\/v2\/product\/18428","targetHints":{"allow":["GET"]}}],"collection":[{"href":"https:\/\/laverteshop.fr\/en\/wp-json\/wp\/v2\/product"}],"about":[{"href":"https:\/\/laverteshop.fr\/en\/wp-json\/wp\/v2\/types\/product"}],"replies":[{"embeddable":true,"href":"https:\/\/laverteshop.fr\/en\/wp-json\/wp\/v2\/comments?post=18428"}],"wp:featuredmedia":[{"embeddable":true,"href":"https:\/\/laverteshop.fr\/en\/wp-json\/wp\/v2\/media\/19539"}],"wp:attachment":[{"href":"https:\/\/laverteshop.fr\/en\/wp-json\/wp\/v2\/media?parent=18428"}],"wp:term":[{"taxonomy":"product_brand","embeddable":true,"href":"https:\/\/laverteshop.fr\/en\/wp-json\/wp\/v2\/product_brand?post=18428"},{"taxonomy":"product_cat","embeddable":true,"href":"https:\/\/laverteshop.fr\/en\/wp-json\/wp\/v2\/product_cat?post=18428"},{"taxonomy":"product_tag","embeddable":true,"href":"https:\/\/laverteshop.fr\/en\/wp-json\/wp\/v2\/product_tag?post=18428"}],"curies":[{"name":"wp","href":"https:\/\/api.w.org\/{rel}","templated":true}]}}