{"id":18108,"date":"2024-05-30T17:32:29","date_gmt":"2024-05-30T15:32:29","guid":{"rendered":"https:\/\/laverteshop.fr\/?post_type=product&#038;p=18108"},"modified":"2026-03-12T20:11:52","modified_gmt":"2026-03-12T19:11:52","slug":"diesel-greenhouse-t-p-7","status":"publish","type":"product","link":"https:\/\/laverteshop.fr\/en\/product\/diesel-greenhouse-t-p-7\/","title":{"rendered":"Mango Haze Indoor"},"content":{"rendered":"<p>Pour pallier a l&rsquo;interdiction des nouvelles mol\u00e9cules cannabino\u00efdes, nous avons ajout\u00e9 de superbes fleurs \u00e0 notre gamme, dont la Mango Haze Indoor<\/p>\n<p>Cette Mango Haze Indoor ravira tous nos amateurs de fleurs de qualit\u00e9. Elle provient d&rsquo;une culture en int\u00e9rieur, et donc aux conditions parfaites d&rsquo;humidit\u00e9, de temp\u00e9rature et de chaleur. Elle est fait en Suisse Al\u00e9manique, par des professionnels de la culture de fleurs de CBD de qualit\u00e9<\/p>\n<p>D&rsquo;une couleur verte claire, vous retrouverez de jolis pistils oranges, ainsi qu&rsquo;une bud de grosse taille, bien compacte, ni trop s\u00e8che ni trop humide. Lors de sa consommation, des notes exotiques de mangue se feront ressentir.<\/p>\n<p>Our products are certified Swiss CBD quality. What matters most to us is to be able to provide you with excellent value flowers and resins, at affordable and acceptable prices, and within the levels allowed by the CJEU (&lt;0.3% THC).<\/p>\n<p>What can you do with these products? Relaxing infusions, to improve your sleep, potpourri to impregnate your home with a natural scent, or you can use them in your food if you wish (salads, sauces, seasonings).<\/p>\n<p>We advise you to consult your doctor, who will be able to advise you the best use for your CBD.<\/p>","protected":false},"excerpt":{"rendered":"<p>Cette Mango Haze Indoor est notre nouvelle addition \u00e0 notre catalogue de fleurs indoor. Maintenant que les nouvelles mol\u00e9cules ne sont plus autoris\u00e9es, nous voulons offrir des fleurs de CBD d&rsquo;excellente qualit\u00e9.<\/p>\n<p>Une fleur magnifique, compacte, verte clair, et orn\u00e9e de jolis pistils orang\u00e9s. Lors de l&rsquo;ouverture du sachet, vous d\u00e9couvrirez une joli odeur sucr\u00e9e et exotique, typique de la vari\u00e9t\u00e9 mango. Un taux de CBD plut\u00f4t \u00e9lev\u00e9 de 18%, qui assurera une relaxation non n\u00e9gligeable.<\/p>\n<p>To all our loyal fans of top-quality flowers, Mango Haze is sure to please!<\/p>\n<table style=\"border-collapse: collapse; width: 192px; height: 205px;\" border=\"1\">\n<tbody>\n<tr>\n<td style=\"width: 50%; text-align: center;\"><strong>THC<\/strong><\/td>\n<td style=\"width: 50%; text-align: center;\"><strong>0.28 %<\/strong><\/td>\n<\/tr>\n<tr>\n<td style=\"width: 50%; text-align: center;\"><b>CBD<\/b><\/td>\n<td style=\"width: 50%; text-align: center;\"><strong>18 %<\/strong><\/td>\n<\/tr>\n<tr>\n<td style=\"width: 50%; text-align: center;\"><b>CBG<\/b><\/td>\n<td style=\"width: 50%; text-align: center;\"><strong>n.n<\/strong><\/td>\n<\/tr>\n<tr>\n<td style=\"width: 50%; text-align: center;\"><b>Culture<\/b><\/td>\n<td style=\"width: 50%; text-align: center;\"><strong>Indoor<\/strong><\/td>\n<\/tr>\n<\/tbody>\n<\/table>","protected":false},"featured_media":18105,"comment_status":"open","ping_status":"closed","template":"","meta":{"inline_featured_image":false},"product_brand":[75],"product_cat":[58,253],"product_tag":[220,299],"class_list":{"0":"post-18108","1":"product","2":"type-product","3":"status-publish","4":"has-post-thumbnail","6":"product_brand-la-verte","7":"product_cat-fleurs","8":"product_cat-indoor","9":"product_tag-fleurs-cbd","10":"product_tag-fleurs-indoor","12":"first","13":"instock","14":"taxable","15":"shipping-taxable","16":"purchasable","17":"product-type-variable"},"jetpack_sharing_enabled":true,"_links":{"self":[{"href":"https:\/\/laverteshop.fr\/en\/wp-json\/wp\/v2\/product\/18108","targetHints":{"allow":["GET"]}}],"collection":[{"href":"https:\/\/laverteshop.fr\/en\/wp-json\/wp\/v2\/product"}],"about":[{"href":"https:\/\/laverteshop.fr\/en\/wp-json\/wp\/v2\/types\/product"}],"replies":[{"embeddable":true,"href":"https:\/\/laverteshop.fr\/en\/wp-json\/wp\/v2\/comments?post=18108"}],"wp:featuredmedia":[{"embeddable":true,"href":"https:\/\/laverteshop.fr\/en\/wp-json\/wp\/v2\/media\/18105"}],"wp:attachment":[{"href":"https:\/\/laverteshop.fr\/en\/wp-json\/wp\/v2\/media?parent=18108"}],"wp:term":[{"taxonomy":"product_brand","embeddable":true,"href":"https:\/\/laverteshop.fr\/en\/wp-json\/wp\/v2\/product_brand?post=18108"},{"taxonomy":"product_cat","embeddable":true,"href":"https:\/\/laverteshop.fr\/en\/wp-json\/wp\/v2\/product_cat?post=18108"},{"taxonomy":"product_tag","embeddable":true,"href":"https:\/\/laverteshop.fr\/en\/wp-json\/wp\/v2\/product_tag?post=18108"}],"curies":[{"name":"wp","href":"https:\/\/api.w.org\/{rel}","templated":true}]}}