{"id":17387,"date":"2024-02-15T11:15:16","date_gmt":"2024-02-15T10:15:16","guid":{"rendered":"https:\/\/laverteshop.fr\/?post_type=product&#038;p=17387"},"modified":"2025-07-15T15:59:08","modified_gmt":"2025-07-15T13:59:08","slug":"jack-frost-greenhouse-2","status":"publish","type":"product","link":"https:\/\/laverteshop.fr\/en\/product\/jack-frost-greenhouse-2\/","title":{"rendered":"Amnesia Haze Indoor"},"content":{"rendered":"<p>La fleur de CBD Amnesia Haze indoor est enfin de retour sur notre catalogue! Une des vari\u00e9t\u00e9 les plus connues du monde du CBD, cette fleur provient d&rsquo;une culture indoor suisse, faite par des professionnels, et donc aux niveaux de temp\u00e9ratures, de luminosit\u00e9 et d&rsquo;humidit\u00e9 parfaits.<\/p>\n<p>La Amnesia Haze indoor est une fleur d&rsquo;un vert clair, typique de cette vari\u00e9t\u00e9, avec de jolis pistils de pollen blanc. Vous trouverez de belles fleurs, croustillantes et tr\u00e8s bien manucur\u00e9es. Son odeur plut\u00f4t acidul\u00e9e qui est \u00e9galement reconnaissable pour toutes les variet\u00e9s de type Haze. C&rsquo;est clairement notre p\u00e9pite du moment, et elle ravira tous nos amateurs d&rsquo;excellentes fleurs.<\/p>\n<p>What matters most to us is that we can provide you with excellent value flowers and resins at affordable and acceptable prices, and within the levels permitted by the CJEU (&lt;0.3% THC).<\/p>\n<p>What can you do with these products? Relaxing infusions, to improve your sleep, potpourri to impregnate your home with a natural scent, or you can use them in your food if you wish (salads, sauces, seasonings).<\/p>\n<p>We advise you to consult your doctor, who will be able to advise you the best use for your CBD.<\/p>\n<p>&nbsp;<\/p>\n<p>&nbsp;<\/p>\n<p>&nbsp;<\/p>\n<h6><\/h6>","protected":false},"excerpt":{"rendered":"<p>La Amnesia Haze Indoor est enfin de retour ! Notre p\u00e9pite du moment, cette fleur de culture indoor vous ravira \u00e0 coup s\u00fbr. Difficile \u00e0 cultiver car elle est soigneusement travaill\u00e9e, aux conditions optimales de culture (luminosit\u00e9, temp\u00e9rature, humidit\u00e9). Pleine de pollen, verte tr\u00e8s clair, croustillante et humide \u00e0 la fois, c&rsquo;est une bombe \u00e0 ne pas rater !<\/p>\n<p>When burnt, you'll find all the slightly acidic terpenes typical of Haze genetics.<\/p>\n<p>Une manucure de qualit\u00e9, des buds de belle taille, elle a tout pour vous combler. Stock limit\u00e9, alors n&rsquo;attendez plus !<\/p>\n<table style=\"border-collapse: collapse; width: 192px; height: 205px;\" border=\"1\">\n<tbody>\n<tr>\n<td style=\"width: 50%; text-align: center;\"><strong>THC<\/strong><\/td>\n<td style=\"width: 50%; text-align: center;\"><strong>0.28 %<\/strong><\/td>\n<\/tr>\n<tr>\n<td style=\"width: 50%; text-align: center;\"><strong>CBD<\/strong><\/td>\n<td style=\"width: 50%; text-align: center;\"><strong>18 %<\/strong><\/td>\n<\/tr>\n<tr>\n<td style=\"width: 50%; text-align: center;\"><strong>CBG<\/strong><\/td>\n<td style=\"width: 50%; text-align: center;\"><strong>n.n<\/strong><\/td>\n<\/tr>\n<tr>\n<td style=\"width: 50%; text-align: center;\"><b>Culture<\/b><\/td>\n<td style=\"width: 50%; text-align: center;\"><strong>indoor<\/strong><\/td>\n<\/tr>\n<\/tbody>\n<\/table>","protected":false},"featured_media":17391,"comment_status":"open","ping_status":"closed","template":"","meta":{"inline_featured_image":false},"product_brand":[75],"product_cat":[58,253],"product_tag":[220,76],"class_list":{"0":"post-17387","1":"product","2":"type-product","3":"status-publish","4":"has-post-thumbnail","6":"product_brand-la-verte","7":"product_cat-fleurs","8":"product_cat-indoor","9":"product_tag-fleurs-cbd","10":"product_tag-indoor","12":"first","13":"instock","14":"taxable","15":"shipping-taxable","16":"purchasable","17":"product-type-variable"},"jetpack_sharing_enabled":true,"_links":{"self":[{"href":"https:\/\/laverteshop.fr\/en\/wp-json\/wp\/v2\/product\/17387","targetHints":{"allow":["GET"]}}],"collection":[{"href":"https:\/\/laverteshop.fr\/en\/wp-json\/wp\/v2\/product"}],"about":[{"href":"https:\/\/laverteshop.fr\/en\/wp-json\/wp\/v2\/types\/product"}],"replies":[{"embeddable":true,"href":"https:\/\/laverteshop.fr\/en\/wp-json\/wp\/v2\/comments?post=17387"}],"wp:featuredmedia":[{"embeddable":true,"href":"https:\/\/laverteshop.fr\/en\/wp-json\/wp\/v2\/media\/17391"}],"wp:attachment":[{"href":"https:\/\/laverteshop.fr\/en\/wp-json\/wp\/v2\/media?parent=17387"}],"wp:term":[{"taxonomy":"product_brand","embeddable":true,"href":"https:\/\/laverteshop.fr\/en\/wp-json\/wp\/v2\/product_brand?post=17387"},{"taxonomy":"product_cat","embeddable":true,"href":"https:\/\/laverteshop.fr\/en\/wp-json\/wp\/v2\/product_cat?post=17387"},{"taxonomy":"product_tag","embeddable":true,"href":"https:\/\/laverteshop.fr\/en\/wp-json\/wp\/v2\/product_tag?post=17387"}],"curies":[{"name":"wp","href":"https:\/\/api.w.org\/{rel}","templated":true}]}}