{"id":16942,"date":"2023-12-07T16:00:53","date_gmt":"2023-12-07T15:00:53","guid":{"rendered":"https:\/\/laverteshop.fr\/?post_type=product&#038;p=16942"},"modified":"2026-01-19T18:20:41","modified_gmt":"2026-01-19T17:20:41","slug":"jack-frost-greenhouse","status":"publish","type":"product","link":"https:\/\/laverteshop.fr\/en\/product\/jack-frost-greenhouse\/","title":{"rendered":"Jack Frost Greenhouse"},"content":{"rendered":"<p>La fleur de CBD Jack Frost Greenhouse provient d&rsquo;une culture sous serre, serres qui se trouvent dans le canton de Fribourg, ou la temp\u00e9rature et la m\u00e9t\u00e9o sont propices \u00e0 la culture. Peu d&rsquo;humidit\u00e9, un soleil bien pr\u00e9sent et des temp\u00e9ratures temp\u00e9r\u00e9es.<\/p>\n<p>La vari\u00e9t\u00e9 Jack Frost Greenhouse correspond bien \u00e0 son nom. Une fleur d&rsquo;un vert plut\u00f4t clair, typique de cette vari\u00e9t\u00e9, avec de jolis pistils de pollen blanc. Elle ressemble \u00e0 une fleur hydro. et plaira \u00e0 tous nos clients qui aiment les fleurs de type cryo ou hydro. Vous trouverez de grosses fleurs, croustillantes et facile d&rsquo;utilisation. Un go\u00fbt naturel et bois\u00e9 se fera ressentir lors de la consommation. A ne pas rater !<\/p>\n<p>What matters most to us is that we can provide you with excellent value flowers and resins at affordable and acceptable prices, and within the levels permitted by the CJEU (&lt;0.3% THC).<\/p>\n<p>What can you do with these products? Relaxing infusions, to improve your sleep, potpourri to impregnate your home with a natural scent, or you can use them in your food if you wish (salads, sauces, seasonings).<\/p>\n<p>We advise you to consult your doctor, who will be able to advise you the best use for your CBD.<\/p>\n<p>&nbsp;<\/p>\n<p>&nbsp;<\/p>\n<p>&nbsp;<\/p>\n<h6><\/h6>","protected":false},"excerpt":{"rendered":"<p>Cette Jack Frost Greenhouse provient d&rsquo;une culture sous serre, serres qui se trouvent dans le canton du Valais, ou la temp\u00e9rature et la m\u00e9t\u00e9o sont propices \u00e0 la culture.<\/p>\n<p>A magnificent light green flower, and a top-quality manicure (handmade by us). The special thing about this Jack Frost Greenhouse is its hydro feel, which is a real crowd-pleaser. With a woody, natural flavour that sets it apart from all the others, you're sure to love it.<\/p>\n<table style=\"border-collapse: collapse; width: 192px; height: 205px;\" border=\"1\">\n<tbody>\n<tr>\n<td style=\"width: 50%; text-align: center;\"><strong>THC<\/strong><\/td>\n<td style=\"width: 50%; text-align: center;\"><strong>0.28 %<\/strong><\/td>\n<\/tr>\n<tr>\n<td style=\"width: 50%; text-align: center;\"><strong>CBD<\/strong><\/td>\n<td style=\"width: 50%; text-align: center;\"><strong>16 %<\/strong><\/td>\n<\/tr>\n<tr>\n<td style=\"width: 50%; text-align: center;\"><strong>CBG<\/strong><\/td>\n<td style=\"width: 50%; text-align: center;\"><strong>n.n<\/strong><\/td>\n<\/tr>\n<tr>\n<td style=\"width: 50%; text-align: center;\"><b>Culture<\/b><\/td>\n<td style=\"width: 50%; text-align: center;\"><strong>greenhouse<\/strong><\/td>\n<\/tr>\n<\/tbody>\n<\/table>","protected":false},"featured_media":19538,"comment_status":"open","ping_status":"closed","template":"","meta":{"inline_featured_image":false},"product_brand":[75],"product_cat":[58,255],"product_tag":[220,227],"class_list":{"0":"post-16942","1":"product","2":"type-product","3":"status-publish","4":"has-post-thumbnail","6":"product_brand-la-verte","7":"product_cat-fleurs","8":"product_cat-greenhouse","9":"product_tag-fleurs-cbd","10":"product_tag-greenhouse","12":"first","13":"instock","14":"taxable","15":"shipping-taxable","16":"purchasable","17":"product-type-variable"},"jetpack_sharing_enabled":true,"_links":{"self":[{"href":"https:\/\/laverteshop.fr\/en\/wp-json\/wp\/v2\/product\/16942","targetHints":{"allow":["GET"]}}],"collection":[{"href":"https:\/\/laverteshop.fr\/en\/wp-json\/wp\/v2\/product"}],"about":[{"href":"https:\/\/laverteshop.fr\/en\/wp-json\/wp\/v2\/types\/product"}],"replies":[{"embeddable":true,"href":"https:\/\/laverteshop.fr\/en\/wp-json\/wp\/v2\/comments?post=16942"}],"wp:featuredmedia":[{"embeddable":true,"href":"https:\/\/laverteshop.fr\/en\/wp-json\/wp\/v2\/media\/19538"}],"wp:attachment":[{"href":"https:\/\/laverteshop.fr\/en\/wp-json\/wp\/v2\/media?parent=16942"}],"wp:term":[{"taxonomy":"product_brand","embeddable":true,"href":"https:\/\/laverteshop.fr\/en\/wp-json\/wp\/v2\/product_brand?post=16942"},{"taxonomy":"product_cat","embeddable":true,"href":"https:\/\/laverteshop.fr\/en\/wp-json\/wp\/v2\/product_cat?post=16942"},{"taxonomy":"product_tag","embeddable":true,"href":"https:\/\/laverteshop.fr\/en\/wp-json\/wp\/v2\/product_tag?post=16942"}],"curies":[{"name":"wp","href":"https:\/\/api.w.org\/{rel}","templated":true}]}}