{"id":15014,"date":"2023-04-07T11:38:32","date_gmt":"2023-04-07T09:38:32","guid":{"rendered":"https:\/\/laverteshop.fr\/?post_type=product&#038;p=15014"},"modified":"2026-02-10T17:17:07","modified_gmt":"2026-02-10T16:17:07","slug":"brownie-hash","status":"publish","type":"product","link":"https:\/\/laverteshop.fr\/en\/product\/brownie-hash\/","title":{"rendered":"Brownie Hash"},"content":{"rendered":"<p><span style=\"font-size: 14.4px;\">Nouvel arrivant \u00e0 notre catalogue de r\u00e9sines, le Brownie Hash est un hash d&rsquo;excellente qualit\u00e9, fait \u00e0 partir de fleurs de CBD de culture greenhouse.<\/span><\/p>\n<p>Ce Brownie Hash est plut\u00f4t moelleux et l\u00e9g\u00e8rement collant, ce qui le rend tr\u00e8s facile d&rsquo;utilisation. Une jolie couleur brun clair, et des odeurs plut\u00f4t fruit\u00e9es lors de la combustion. Son taux de CBD est de 23%, donc il assure une relaxation non n\u00e9gligeable.<\/p>\n<p>To be used without moderation, at any time of the day.<\/p>\n<p>Our products are certified Swiss CBD quality. What matters most to us is to be able to provide you with excellent value flowers and resins, at affordable and acceptable prices, and within the levels allowed by the CJEU (&lt;0.3% THC).<\/p>\n<p>What can you do with these products? Relaxing infusions, to improve your sleep, potpourri to impregnate your home with a natural scent, or you can use them in your food if you wish (salads, sauces, seasonings).<\/p>\n<p><strong>IMPORTANT NOTE:<\/strong> Nos r\u00e9sines et hash sont pr\u00e9par\u00e9s dans des laboratoires certifi\u00e9s, avec des proc\u00e9d\u00e9s et techniques qui appartiennent seulement aux producteurs avec qui nous travaillons. La texture et l&rsquo;odeur des produits peuvent donc changer d&rsquo;une r\u00e9colte \u00e0 une autre, d\u00e9pendant aussi de la fleur utilis\u00e9e. Si vous avez un probl\u00e8me avec un produit, contactez nous \u00e0 <a href=\"mailto:contact@laverteshop.fr\">contact@laverteshop.fr<\/a> and we will find a solution for your satisfaction. Thank you for your understanding.<\/p>\n<p>Nous vous conseillons de consulter l\u2019avis votre m\u00e9decin, qui pourra vous conseiller le meilleur usage pour votre CBD. Nous vous rappelons \u00e9galement qu&rsquo;il est d\u00e9conseill\u00e9 d&rsquo;utiliser du CBD avant de prendre le volant.<\/p>","protected":false},"excerpt":{"rendered":"<p><span style=\"font-size: 14.4px;\">Le Brownie Hash est un hash d&rsquo;excellente qualit\u00e9, press\u00e9 \u00e0 froid pour garder tous les terp\u00e8nes des fleurs utilis\u00e9es lors de sa cr\u00e9ation.<\/span><\/p>\n<p>Hash is soft and sticky and has a nice sweet taste when eaten.<\/p>\n<p>Its softness in the mouth makes it a product to use at any time of the day. It will undoubtedly delight our lovers of quality resins<\/p>\n<ul>\n<li>Origin of the flowers: Switzerland, organic farming<\/li>\n<li>Effects: relaxing<\/li>\n<\/ul>\n<table style=\"border-collapse: collapse; width: 192px; height: 205px;\" border=\"1\">\n<tbody>\n<tr>\n<td style=\"width: 50%; text-align: center;\"><strong>THC<\/strong><\/td>\n<td style=\"width: 50%; text-align: center;\"><strong>0.27 %<\/strong><\/td>\n<\/tr>\n<tr>\n<td style=\"width: 50%; text-align: center;\"><strong>CBD<\/strong><\/td>\n<td style=\"width: 50%; text-align: center;\"><strong>23 %<\/strong><\/td>\n<\/tr>\n<tr>\n<td style=\"width: 50%; text-align: center;\"><strong>CBG<\/strong><\/td>\n<td style=\"width: 50%; text-align: center;\"><strong>n.n<\/strong><\/td>\n<\/tr>\n<tr>\n<td style=\"width: 50%; text-align: center;\"><b>Culture<\/b><\/td>\n<td style=\"width: 50%; text-align: center;\"><strong>Greenhouse<\/strong><\/td>\n<\/tr>\n<\/tbody>\n<\/table>\n<p>&nbsp;<\/p>","protected":false},"featured_media":15885,"comment_status":"open","ping_status":"closed","template":"","meta":{"inline_featured_image":false},"product_brand":[75],"product_cat":[59],"product_tag":[244,229,230],"class_list":{"0":"post-15014","1":"product","2":"type-product","3":"status-publish","4":"has-post-thumbnail","6":"product_brand-la-verte","7":"product_cat-pollens","8":"product_tag-hash","9":"product_tag-pollens","10":"product_tag-resines","12":"first","13":"instock","14":"taxable","15":"shipping-taxable","16":"purchasable","17":"product-type-variable"},"jetpack_sharing_enabled":true,"_links":{"self":[{"href":"https:\/\/laverteshop.fr\/en\/wp-json\/wp\/v2\/product\/15014","targetHints":{"allow":["GET"]}}],"collection":[{"href":"https:\/\/laverteshop.fr\/en\/wp-json\/wp\/v2\/product"}],"about":[{"href":"https:\/\/laverteshop.fr\/en\/wp-json\/wp\/v2\/types\/product"}],"replies":[{"embeddable":true,"href":"https:\/\/laverteshop.fr\/en\/wp-json\/wp\/v2\/comments?post=15014"}],"wp:featuredmedia":[{"embeddable":true,"href":"https:\/\/laverteshop.fr\/en\/wp-json\/wp\/v2\/media\/15885"}],"wp:attachment":[{"href":"https:\/\/laverteshop.fr\/en\/wp-json\/wp\/v2\/media?parent=15014"}],"wp:term":[{"taxonomy":"product_brand","embeddable":true,"href":"https:\/\/laverteshop.fr\/en\/wp-json\/wp\/v2\/product_brand?post=15014"},{"taxonomy":"product_cat","embeddable":true,"href":"https:\/\/laverteshop.fr\/en\/wp-json\/wp\/v2\/product_cat?post=15014"},{"taxonomy":"product_tag","embeddable":true,"href":"https:\/\/laverteshop.fr\/en\/wp-json\/wp\/v2\/product_tag?post=15014"}],"curies":[{"name":"wp","href":"https:\/\/api.w.org\/{rel}","templated":true}]}}