{"id":14257,"date":"2023-01-11T17:00:55","date_gmt":"2023-01-11T16:00:55","guid":{"rendered":"https:\/\/laverteshop.fr\/?post_type=product&#038;p=14257"},"modified":"2026-01-12T19:56:23","modified_gmt":"2026-01-12T18:56:23","slug":"gold-amnesia-pollen","status":"publish","type":"product","link":"https:\/\/laverteshop.fr\/en\/product\/gold-amnesia-pollen\/","title":{"rendered":"Gold Amnesia Pollen"},"content":{"rendered":"<p><span style=\"font-size: 14.4px;\">This Gold Amnesia Pollen is a compressed hash, with a very fine oily powder texture. <\/span><\/p>\n<p><span style=\"font-size: 14.4px;\">Golden in colour, it comes from indoor Amnesia flowers, and is cold compressed to retain all the terpenes.<\/span><\/p>\n<p>Le Gold Amnesia Pollen, c&rsquo;est \u00e9galement un pollen tr\u00e8s agr\u00e9able \u00e0 consommer, facile d&rsquo;utilisation, et avec beaucoup d&rsquo;ar\u00f4me. Lors de sa combustion, vous sentirez des notes fruit\u00e9es et \u00e9galement un arri\u00e8re go\u00fbt terreux mais l\u00e9ger.<\/p>\n<p>Our products are certified Swiss CBD quality. What matters most to us is to be able to provide you with excellent value flowers and resins, at affordable and acceptable prices, and within the levels allowed by the CJEU (&lt;0.3% THC).<\/p>\n<p>What can you do with these products? Relaxing infusions, to improve your sleep, potpourri to impregnate your home with a natural scent, or you can use them in your food if you wish (salads, sauces, seasonings).<\/p>\n<p><strong>IMPORTANT NOTE:<\/strong> Nos r\u00e9sines et hash sont pr\u00e9par\u00e9s dans des laboratoires certifi\u00e9s, avec des proc\u00e9d\u00e9s et techniques qui appartiennent seulement aux producteurs avec qui nous travaillons. La texture et l&rsquo;odeur des produits peuvent donc changer d&rsquo;une r\u00e9colte \u00e0 une autre, d\u00e9pendant aussi de la fleur utilis\u00e9e. Si vous avez un probl\u00e8me avec un produit, contactez nous \u00e0 <a href=\"mailto:contact@laverteshop.fr\">contact@laverteshop.fr<\/a> and we will find a solution for your satisfaction. Thank you for your understanding.<\/p>\n<p>We advise you to consult your doctor, who will be able to advise you the best use for your CBD.<\/p>","protected":false},"excerpt":{"rendered":"<p><span style=\"font-size: 14.4px;\">Gold Amnesia Pollen is a super powdery and compact hash with a beautiful golden colour.<\/span><\/p>\n<p>Very soft to the touch, it is pleasant to consume, and you will feel a slight earthy taste, mixed with fruity notes, when using it<\/p>\n<p>A quality pollen, to be consumed at any time of the day.<\/p>\n<ul>\n<li>Culture : Indoor<\/li>\n<li>Origin of the flowers: Switzerland, organic farming<\/li>\n<li>Effects: relaxing<\/li>\n<\/ul>\n<table style=\"border-collapse: collapse; width: 192px; height: 205px;\" border=\"1\">\n<tbody>\n<tr>\n<td style=\"width: 50%; text-align: center;\"><strong>THC<\/strong><\/td>\n<td style=\"width: 50%; text-align: center;\"><strong>0.17%<\/strong><\/td>\n<\/tr>\n<tr>\n<td style=\"width: 50%; text-align: center;\"><strong>CBD<\/strong><\/td>\n<td style=\"width: 50%; text-align: center;\"><strong>23-26 %<\/strong><\/td>\n<\/tr>\n<tr>\n<td style=\"width: 50%; text-align: center;\"><strong>CBG<\/strong><\/td>\n<td style=\"width: 50%; text-align: center;\"><strong>n.n<\/strong><\/td>\n<\/tr>\n<tr>\n<td style=\"width: 50%; text-align: center;\"><b>Culture<\/b><\/td>\n<td style=\"width: 50%; text-align: center;\"><strong>Indoor<\/strong><\/td>\n<\/tr>\n<\/tbody>\n<\/table>\n<p>&nbsp;<\/p>","protected":false},"featured_media":15882,"comment_status":"open","ping_status":"closed","template":"","meta":{"inline_featured_image":false},"product_brand":[75],"product_cat":[59],"product_tag":[244,76,230],"class_list":{"0":"post-14257","1":"product","2":"type-product","3":"status-publish","4":"has-post-thumbnail","6":"product_brand-la-verte","7":"product_cat-pollens","8":"product_tag-hash","9":"product_tag-indoor","10":"product_tag-resines","12":"first","13":"instock","14":"taxable","15":"shipping-taxable","16":"purchasable","17":"product-type-variable"},"jetpack_sharing_enabled":true,"_links":{"self":[{"href":"https:\/\/laverteshop.fr\/en\/wp-json\/wp\/v2\/product\/14257","targetHints":{"allow":["GET"]}}],"collection":[{"href":"https:\/\/laverteshop.fr\/en\/wp-json\/wp\/v2\/product"}],"about":[{"href":"https:\/\/laverteshop.fr\/en\/wp-json\/wp\/v2\/types\/product"}],"replies":[{"embeddable":true,"href":"https:\/\/laverteshop.fr\/en\/wp-json\/wp\/v2\/comments?post=14257"}],"wp:featuredmedia":[{"embeddable":true,"href":"https:\/\/laverteshop.fr\/en\/wp-json\/wp\/v2\/media\/15882"}],"wp:attachment":[{"href":"https:\/\/laverteshop.fr\/en\/wp-json\/wp\/v2\/media?parent=14257"}],"wp:term":[{"taxonomy":"product_brand","embeddable":true,"href":"https:\/\/laverteshop.fr\/en\/wp-json\/wp\/v2\/product_brand?post=14257"},{"taxonomy":"product_cat","embeddable":true,"href":"https:\/\/laverteshop.fr\/en\/wp-json\/wp\/v2\/product_cat?post=14257"},{"taxonomy":"product_tag","embeddable":true,"href":"https:\/\/laverteshop.fr\/en\/wp-json\/wp\/v2\/product_tag?post=14257"}],"curies":[{"name":"wp","href":"https:\/\/api.w.org\/{rel}","templated":true}]}}