{"id":14253,"date":"2023-01-10T16:32:24","date_gmt":"2023-01-10T15:32:24","guid":{"rendered":"https:\/\/laverteshop.fr\/?post_type=product&#038;p=14253"},"modified":"2025-07-15T14:56:25","modified_gmt":"2025-07-15T12:56:25","slug":"raw-masterpiece-filter-roll","status":"publish","type":"product","link":"https:\/\/laverteshop.fr\/en\/product\/raw-masterpiece-filter-roll\/","title":{"rendered":"RAW Masterpiece roll + filters"},"content":{"rendered":"<p>RAW Masterpiece roll + filters provides 30 pre-rolled filters and a 3 metre roll of unrefined, high quality RAW cigarette paper ready for use.<\/p>\n<p>The practical cardboard box (dimensions: approx. 65 x 52 x 26 mm) is refillable, closes with a practical magnetic clasp and has an integrated tear-off edge.<br \/>\nSlow and uniform combustion thanks to the patented RAW cross filigree.<\/p>\n<p>The RAW Masterpiece roll + filters box will follow you everywhere!<\/p>\n<p>Properties:<\/p>\n<p>- Width 54 mm (King Size) Edge<br \/>\n- 3 metres long<br \/>\n- Filters: approx. 19 \u00d7 7 mm<br \/>\n- Chlorine free, wood free, biogenetic, VEGAN<br \/>\n&#8211; Fabriqu\u00e9 avec de l&rsquo;\u00e9nergie \u00e9olienne \u00e9cologique<br \/>\n- 1x 3 meter roll + 30 nails per package<\/p>","protected":false},"excerpt":{"rendered":"<p>This RAW Masterpiece box is unique! 30 pre-rolled filters, and a 3 metre roll of king size foil.<\/p>\n<p>La boite se ferme avec un magnet, pour garder votre rouleau et vos filtres bien \u00e0 l&rsquo;abris.<\/p>\n<ul>\n<li>roll width: 54mm (King Size)<\/li>\n<li>30 filters included, with central notch for good smoke filtration<\/li>\n<li>3 metres of rolling paper<\/li>\n<li>Reusable and refillable box.<\/li>\n<li>Tearing edge to cut your sheet to the length you want<\/li>\n<\/ul>\n<p>Cette bo\u00eete RAW Masterpiece rouleau + filtres est donc l&rsquo;accessoire ultime.<\/p>","protected":false},"featured_media":14254,"comment_status":"open","ping_status":"closed","template":"","meta":{"inline_featured_image":false},"product_brand":[198],"product_cat":[61,196],"product_tag":[217,218],"class_list":{"0":"post-14253","1":"product","2":"type-product","3":"status-publish","4":"has-post-thumbnail","6":"product_brand-raw","7":"product_cat-accessoires","8":"product_cat-feuilles-a-rouler","9":"product_tag-feuilles","10":"product_tag-filtres","12":"first","13":"instock","14":"taxable","15":"shipping-taxable","16":"purchasable","17":"product-type-simple"},"jetpack_sharing_enabled":true,"_links":{"self":[{"href":"https:\/\/laverteshop.fr\/en\/wp-json\/wp\/v2\/product\/14253","targetHints":{"allow":["GET"]}}],"collection":[{"href":"https:\/\/laverteshop.fr\/en\/wp-json\/wp\/v2\/product"}],"about":[{"href":"https:\/\/laverteshop.fr\/en\/wp-json\/wp\/v2\/types\/product"}],"replies":[{"embeddable":true,"href":"https:\/\/laverteshop.fr\/en\/wp-json\/wp\/v2\/comments?post=14253"}],"wp:featuredmedia":[{"embeddable":true,"href":"https:\/\/laverteshop.fr\/en\/wp-json\/wp\/v2\/media\/14254"}],"wp:attachment":[{"href":"https:\/\/laverteshop.fr\/en\/wp-json\/wp\/v2\/media?parent=14253"}],"wp:term":[{"taxonomy":"product_brand","embeddable":true,"href":"https:\/\/laverteshop.fr\/en\/wp-json\/wp\/v2\/product_brand?post=14253"},{"taxonomy":"product_cat","embeddable":true,"href":"https:\/\/laverteshop.fr\/en\/wp-json\/wp\/v2\/product_cat?post=14253"},{"taxonomy":"product_tag","embeddable":true,"href":"https:\/\/laverteshop.fr\/en\/wp-json\/wp\/v2\/product_tag?post=14253"}],"curies":[{"name":"wp","href":"https:\/\/api.w.org\/{rel}","templated":true}]}}