{"id":12213,"date":"2022-06-14T14:43:04","date_gmt":"2022-06-14T12:43:04","guid":{"rendered":"https:\/\/laverteshop.fr\/?post_type=product&#038;p=12213"},"modified":"2026-03-05T12:35:05","modified_gmt":"2026-03-05T11:35:05","slug":"berry-wine-indoor","status":"publish","type":"product","link":"https:\/\/laverteshop.fr\/en\/product\/berry-wine-indoor\/","title":{"rendered":"Berry Wine Indoor"},"content":{"rendered":"<p>Berry Wine Indoor is a Sativa-dominant flower variety. It was made by combining Harlequin and Blueberry. It is grown in Switzerland, in the canton of Valais.<\/p>\n<p>Magnifique fleur de culture indoor (donc \u00e0 temp\u00e9rature et humidit\u00e9 contr\u00f4l\u00e9es), elle est verte claire, et plein de pollen blanc qui l&rsquo;entoure.<\/p>\n<p><span style=\"font-size: 16px;\">When you open the bag, you'll recognize its fruity smell, with notes of red fruits coming through. A mixture of medium and large buds. The berry wine indoor is a beautiful flower, with a rather high CBD content.<\/span><\/p>\n<p>Our products are certified Swiss CBD quality. What matters most to us is to be able to provide you with excellent value flowers and resins at affordable and acceptable prices. And of course within the levels allowed by the CJEU (&lt;0.2% THC).<\/p>\n<p>What can you do with these products? Relaxing infusions, to improve your sleep, potpourri to impregnate your home with a natural scent, or you can use them in your food if you wish (salads, sauces, seasonings).<\/p>\n<p>We advise you to consult your doctor, who will be able to advise you the best use for your CBD.<\/p>","protected":false},"excerpt":{"rendered":"<p>Our Berry Wine Indoor is a Sativa-dominant variety, which is grown in the canton of Valais, Switzerland<\/p>\n<p>C&rsquo;est une magnifique fleur de culture indoor (donc \u00e0 temp\u00e9rature et humidit\u00e9 contr\u00f4l\u00e9es). Elle est verte claire, et pleine de pollen blanc qui l&rsquo;entoure. Un joli nez fruit\u00e9 lors de l&rsquo;ouverture du sachet<\/p>\n<ul>\n<li>Culture : indoor<\/li>\n<li>Origin: Switzerland<\/li>\n<\/ul>\n<table style=\"border-collapse: collapse; width: 192px; height: 205px;\" border=\"1\">\n<tbody>\n<tr>\n<td style=\"width: 50%; text-align: center;\"><strong>THC<\/strong><\/td>\n<td style=\"width: 50%; text-align: center;\"><strong>0.2 %&lt;<\/strong><\/td>\n<\/tr>\n<tr>\n<td style=\"width: 50%; text-align: center;\"><strong>CBD<\/strong><\/td>\n<td style=\"width: 50%; text-align: center;\"><strong>17 %<\/strong><\/td>\n<\/tr>\n<tr>\n<td style=\"width: 50%; text-align: center;\"><strong>CBG<\/strong><\/td>\n<td style=\"width: 50%; text-align: center;\"><strong>n.n<\/strong><\/td>\n<\/tr>\n<tr>\n<td style=\"width: 50%; text-align: center;\"><b>Culture<\/b><\/td>\n<td style=\"width: 50%; text-align: center;\"><strong>indoor<\/strong><\/td>\n<\/tr>\n<\/tbody>\n<\/table>","protected":false},"featured_media":12521,"comment_status":"open","ping_status":"closed","template":"","meta":{"inline_featured_image":false},"product_brand":[75],"product_cat":[58,253],"product_tag":[220,76],"class_list":{"0":"post-12213","1":"product","2":"type-product","3":"status-publish","4":"has-post-thumbnail","6":"product_brand-la-verte","7":"product_cat-fleurs","8":"product_cat-indoor","9":"product_tag-fleurs-cbd","10":"product_tag-indoor","12":"first","13":"instock","14":"taxable","15":"shipping-taxable","16":"purchasable","17":"product-type-variable"},"jetpack_sharing_enabled":true,"_links":{"self":[{"href":"https:\/\/laverteshop.fr\/en\/wp-json\/wp\/v2\/product\/12213","targetHints":{"allow":["GET"]}}],"collection":[{"href":"https:\/\/laverteshop.fr\/en\/wp-json\/wp\/v2\/product"}],"about":[{"href":"https:\/\/laverteshop.fr\/en\/wp-json\/wp\/v2\/types\/product"}],"replies":[{"embeddable":true,"href":"https:\/\/laverteshop.fr\/en\/wp-json\/wp\/v2\/comments?post=12213"}],"wp:featuredmedia":[{"embeddable":true,"href":"https:\/\/laverteshop.fr\/en\/wp-json\/wp\/v2\/media\/12521"}],"wp:attachment":[{"href":"https:\/\/laverteshop.fr\/en\/wp-json\/wp\/v2\/media?parent=12213"}],"wp:term":[{"taxonomy":"product_brand","embeddable":true,"href":"https:\/\/laverteshop.fr\/en\/wp-json\/wp\/v2\/product_brand?post=12213"},{"taxonomy":"product_cat","embeddable":true,"href":"https:\/\/laverteshop.fr\/en\/wp-json\/wp\/v2\/product_cat?post=12213"},{"taxonomy":"product_tag","embeddable":true,"href":"https:\/\/laverteshop.fr\/en\/wp-json\/wp\/v2\/product_tag?post=12213"}],"curies":[{"name":"wp","href":"https:\/\/api.w.org\/{rel}","templated":true}]}}