{"id":11944,"date":"2022-05-27T11:11:48","date_gmt":"2022-05-27T09:11:48","guid":{"rendered":"https:\/\/laverteshop.fr\/product\/the-de-chanvre-bio-hanf-natur-40g-2\/"},"modified":"2025-07-15T15:03:53","modified_gmt":"2025-07-15T13:03:53","slug":"the-de-chanvre-bio-hanf-natur-40g-2","status":"publish","type":"product","link":"https:\/\/laverteshop.fr\/en\/product\/the-de-chanvre-bio-hanf-natur-40g-2\/","title":{"rendered":"Organic Hemp Tea - Hanf &amp; Natur - Lemon Verbena and Blackberry 40g"},"content":{"rendered":"<p>Ingredients: Hemp leaves (40%), blackberry leaves (30%), lemon verbena (30%) - all from controlled organic cultivation. In bulk.<\/p>\n<p>Pr\u00e9paration : Versez 1 cuill\u00e8re \u00e0 caf\u00e9 du m\u00e9lange dans de l&rsquo;eau bouillante, laissez infuser pendant 8 minutes et d\u00e9gustez.<\/p>\n<p>Note: The tea is not suitable for children weighing less than 15 kg.<\/p>","protected":false},"excerpt":{"rendered":"<p>Hemp tea <a href=\"https:\/\/theswisshemp.com\/product\/huile-de-cbd-the-swiss-hemp-24\/\">Bio<\/a> with lemon verbena and blackberry leaves - Hanf &amp; Natur - 40g<\/p>\n<p>This organic herbal tea blend is both tea-free and acid-free, so it is very easy to digest.<\/p>\n<p>Thanks to their beautiful packaging in an exclusive box, Hemp &amp; Nature teas are also ideal as a small gift idea - they will make tea lovers' hearts beat faster.<\/p>\n<p><strong>Ingredients<\/strong> Hemp leaves (35%), Turkish balsam (35%), raspberry leaves (30%) - all from controlled organic farming.<\/p>\n<p><strong>Preparation<\/strong> : Versez 1 cuill\u00e8re \u00e0 caf\u00e9 du m\u00e9lange dans de l&rsquo;eau bouillante, laissez infuser pendant 8 minutes et d\u00e9gustez.<\/p>\n<p><strong>Note<\/strong> The tea is not suitable for children weighing less than 15 kg.<\/p>","protected":false},"featured_media":14316,"comment_status":"open","ping_status":"closed","template":"","meta":{"inline_featured_image":false},"product_brand":[240],"product_cat":[241],"product_tag":[251],"class_list":{"0":"post-11944","1":"product","2":"type-product","3":"status-publish","4":"has-post-thumbnail","6":"product_brand-hanf-natur","7":"product_cat-the","8":"product_tag-thes-infusions","10":"first","11":"outofstock","12":"taxable","13":"shipping-taxable","14":"purchasable","15":"product-type-simple"},"jetpack_sharing_enabled":true,"_links":{"self":[{"href":"https:\/\/laverteshop.fr\/en\/wp-json\/wp\/v2\/product\/11944","targetHints":{"allow":["GET"]}}],"collection":[{"href":"https:\/\/laverteshop.fr\/en\/wp-json\/wp\/v2\/product"}],"about":[{"href":"https:\/\/laverteshop.fr\/en\/wp-json\/wp\/v2\/types\/product"}],"replies":[{"embeddable":true,"href":"https:\/\/laverteshop.fr\/en\/wp-json\/wp\/v2\/comments?post=11944"}],"wp:featuredmedia":[{"embeddable":true,"href":"https:\/\/laverteshop.fr\/en\/wp-json\/wp\/v2\/media\/14316"}],"wp:attachment":[{"href":"https:\/\/laverteshop.fr\/en\/wp-json\/wp\/v2\/media?parent=11944"}],"wp:term":[{"taxonomy":"product_brand","embeddable":true,"href":"https:\/\/laverteshop.fr\/en\/wp-json\/wp\/v2\/product_brand?post=11944"},{"taxonomy":"product_cat","embeddable":true,"href":"https:\/\/laverteshop.fr\/en\/wp-json\/wp\/v2\/product_cat?post=11944"},{"taxonomy":"product_tag","embeddable":true,"href":"https:\/\/laverteshop.fr\/en\/wp-json\/wp\/v2\/product_tag?post=11944"}],"curies":[{"name":"wp","href":"https:\/\/api.w.org\/{rel}","templated":true}]}}