{"id":11871,"date":"2022-05-19T10:52:28","date_gmt":"2022-05-19T08:52:28","guid":{"rendered":"https:\/\/laverteshop.fr\/product\/plenty-storz-und-bickel\/"},"modified":"2025-07-15T15:03:55","modified_gmt":"2025-07-15T13:03:55","slug":"plenty-storz-und-bickel","status":"publish","type":"product","link":"https:\/\/laverteshop.fr\/en\/product\/plenty-storz-und-bickel\/","title":{"rendered":"Plenty - Storz und Bickel"},"content":{"rendered":"<p><strong>Contents of the delivery :\u00a0<\/strong><br \/>\n1x Coffee pot<br \/>\n1x Spray unit<br \/>\n1x Tubing Section, long<br \/>\n1x Tube section, short<br \/>\n3x Normal sieve (\u00f8 ca. 59mm)<br \/>\n1x Grinder<br \/>\n1x Cleaning brush<br \/>\n1x Instructions for use<\/p>","protected":false},"excerpt":{"rendered":"<p><strong>Storz und Bickel Plenty<\/strong><\/p>\n<p>With Plenty by Storz and Bickel, there is a lot to discover:<\/p>\n<p>Le bloc d&rsquo;alimentation dot\u00e9 d&rsquo;une double h\u00e9lice permet d&rsquo;obtenir une luminosit\u00e9 optimale et, par cons\u00e9quent, un effet de serre intense.<\/p>\n<p>Temperatures range from 130\u00ba C to 202\u00ba C, depending on requirements.<\/p>\n<p>The pleasant taste of Plenty is achieved by the highly efficient cooling spiral - test this tasty thing yourself with plenty of vape!<\/p>","protected":false},"featured_media":11869,"comment_status":"open","ping_status":"closed","template":"","meta":{"inline_featured_image":false},"product_brand":[249],"product_cat":[61,248],"product_tag":[],"class_list":{"0":"post-11871","1":"product","2":"type-product","3":"status-publish","4":"has-post-thumbnail","6":"product_brand-storz-und-bickel","7":"product_cat-accessoires","8":"product_cat-vaporisateurs","10":"first","11":"instock","12":"taxable","13":"shipping-taxable","14":"purchasable","15":"product-type-simple"},"jetpack_sharing_enabled":true,"_links":{"self":[{"href":"https:\/\/laverteshop.fr\/en\/wp-json\/wp\/v2\/product\/11871","targetHints":{"allow":["GET"]}}],"collection":[{"href":"https:\/\/laverteshop.fr\/en\/wp-json\/wp\/v2\/product"}],"about":[{"href":"https:\/\/laverteshop.fr\/en\/wp-json\/wp\/v2\/types\/product"}],"replies":[{"embeddable":true,"href":"https:\/\/laverteshop.fr\/en\/wp-json\/wp\/v2\/comments?post=11871"}],"wp:featuredmedia":[{"embeddable":true,"href":"https:\/\/laverteshop.fr\/en\/wp-json\/wp\/v2\/media\/11869"}],"wp:attachment":[{"href":"https:\/\/laverteshop.fr\/en\/wp-json\/wp\/v2\/media?parent=11871"}],"wp:term":[{"taxonomy":"product_brand","embeddable":true,"href":"https:\/\/laverteshop.fr\/en\/wp-json\/wp\/v2\/product_brand?post=11871"},{"taxonomy":"product_cat","embeddable":true,"href":"https:\/\/laverteshop.fr\/en\/wp-json\/wp\/v2\/product_cat?post=11871"},{"taxonomy":"product_tag","embeddable":true,"href":"https:\/\/laverteshop.fr\/en\/wp-json\/wp\/v2\/product_tag?post=11871"}],"curies":[{"name":"wp","href":"https:\/\/api.w.org\/{rel}","templated":true}]}}