{"id":11868,"date":"2022-05-19T10:52:27","date_gmt":"2022-05-19T08:52:27","guid":{"rendered":"https:\/\/laverteshop.fr\/product\/volcano-classic-gold-incl-easy-valve-storz-und-bickel\/"},"modified":"2025-07-15T15:03:56","modified_gmt":"2025-07-15T13:03:56","slug":"volcano-classic-gold-incl-easy-valve-storz-und-bickel","status":"publish","type":"product","link":"https:\/\/laverteshop.fr\/en\/product\/volcano-classic-gold-incl-easy-valve-storz-und-bickel\/","title":{"rendered":"Volcano Classic GOLD incl. Easy Valve -Storz und Bickel"},"content":{"rendered":"<p><strong>Contents of the delivery<\/strong><br \/>\n1x Volcano Classic GOLD<br \/>\n4x Easy Valve balloon with mouthpiece<br \/>\n1x Easy Valve Balloon with adapter<br \/>\n1x Filling chamber<br \/>\n3x Clip for filling chamber<br \/>\n1x Cap ring<br \/>\n1x Normal filter set (\u00f8 ca. 30mm)<br \/>\n1x Air filter set<br \/>\n1x Herb mill (\u00f8 ca. 59mm)<br \/>\n1x Cleaning brush,<br \/>\n1x Instructions for usew<\/p>\n<p><strong>Note<\/strong><\/p>\n<p>En cas de probl\u00e8me avec l&rsquo;appareil ou de recours \u00e0 la garantie, adresse-toi directement \u00e0 Storz et Bickel www.storz-bickel.com et suis leurs instructions.<\/p>","protected":false},"excerpt":{"rendered":"<p><strong>Volcano Classic GOLD Edition - for the 20th anniversary of the Volcano Classic - incl. Easy Valve<\/strong><\/p>\n<p>Le Volcano est le vaporisateur de la premi\u00e8re heure et s\u00e9duit par sa qualit\u00e9 et son efficacit\u00e9. \u00c0 l&rsquo;occasion de son 20e anniversaire, il est d\u00e9sormais disponible dans une \u00e9dition GOLD &#8211; ne manque pas de te procurer ton exemplaire !<\/p>\n<p>The Volcano Classic: an icon that has played an important role in shaping the current vaporizer industry.<\/p>\n<p>Dans l&rsquo;\u00e9dition GOLD, le Volcano Classic a l&rsquo;air extr\u00eamement noble. Et il est effectivement dor\u00e9 24 carats. Obtenez votre propre Bling Bling Volcano.<\/p>","protected":false},"featured_media":11866,"comment_status":"open","ping_status":"closed","template":"","meta":{"inline_featured_image":false},"product_brand":[249],"product_cat":[61,248],"product_tag":[],"class_list":{"0":"post-11868","1":"product","2":"type-product","3":"status-publish","4":"has-post-thumbnail","6":"product_brand-storz-und-bickel","7":"product_cat-accessoires","8":"product_cat-vaporisateurs","10":"first","11":"instock","12":"taxable","13":"shipping-taxable","14":"purchasable","15":"product-type-simple"},"jetpack_sharing_enabled":true,"_links":{"self":[{"href":"https:\/\/laverteshop.fr\/en\/wp-json\/wp\/v2\/product\/11868","targetHints":{"allow":["GET"]}}],"collection":[{"href":"https:\/\/laverteshop.fr\/en\/wp-json\/wp\/v2\/product"}],"about":[{"href":"https:\/\/laverteshop.fr\/en\/wp-json\/wp\/v2\/types\/product"}],"replies":[{"embeddable":true,"href":"https:\/\/laverteshop.fr\/en\/wp-json\/wp\/v2\/comments?post=11868"}],"wp:featuredmedia":[{"embeddable":true,"href":"https:\/\/laverteshop.fr\/en\/wp-json\/wp\/v2\/media\/11866"}],"wp:attachment":[{"href":"https:\/\/laverteshop.fr\/en\/wp-json\/wp\/v2\/media?parent=11868"}],"wp:term":[{"taxonomy":"product_brand","embeddable":true,"href":"https:\/\/laverteshop.fr\/en\/wp-json\/wp\/v2\/product_brand?post=11868"},{"taxonomy":"product_cat","embeddable":true,"href":"https:\/\/laverteshop.fr\/en\/wp-json\/wp\/v2\/product_cat?post=11868"},{"taxonomy":"product_tag","embeddable":true,"href":"https:\/\/laverteshop.fr\/en\/wp-json\/wp\/v2\/product_tag?post=11868"}],"curies":[{"name":"wp","href":"https:\/\/api.w.org\/{rel}","templated":true}]}}