{"id":11862,"date":"2022-05-19T10:52:23","date_gmt":"2022-05-19T08:52:23","guid":{"rendered":"https:\/\/laverteshop.fr\/product\/crafty-plus-storz-bickel\/"},"modified":"2025-07-15T15:03:58","modified_gmt":"2025-07-15T13:03:58","slug":"crafty-plus-storz-bickel","status":"publish","type":"product","link":"https:\/\/laverteshop.fr\/en\/product\/crafty-plus-storz-bickel\/","title":{"rendered":"Crafty Plus - Storz &amp; Bickel"},"content":{"rendered":"<p><strong>Contents of the delivery<\/strong><\/p>\n<p>1 x CRAFTY Plus Sprayer<br \/>\n1 x Power Supply with USB Cable<br \/>\n1 x Liquid pad,<br \/>\n3 x Spare sieves,<br \/>\n1 x Cleaning brush,<br \/>\n1 x Herb mill,<br \/>\n1 x Filling Accessory,<br \/>\n1 x Set of Spare Gaskets,<br \/>\n1 x Mode d&rsquo;Emploi<\/p>\n<p><strong>Remarks<\/strong><\/p>\n<p>En cas de probl\u00e8me avec l&rsquo;appareil ou de recours \u00e0 la garantie, adresse-toi directement \u00e0 Storz &amp; Bickel : www.storz-bickel.com et suis leurs instructions.<\/p>\n<p>L&rsquo;application Storz &amp; Bickel n&rsquo;est actuellement pas disponible dans l&rsquo;App Store d&rsquo;Apple. Les param\u00e8tres du Crafty Plus peuvent toutefois \u00eatre adapt\u00e9s via l&rsquo;application web Storz &amp; Bickel.<\/p>\n<p>D&rsquo;un point de vue technique, le Crafty Plus peut \u00e9galement \u00eatre charg\u00e9 avec un c\u00e2ble de chargement USB-C vers USB-C.<\/p>\n<p>Les vitesses de charge les plus rapides sont obtenues avec un adaptateur secteur qui fournit les vitesses de charge support\u00e9es par le Crafty Plus (jusqu&rsquo;\u00e0 +5V 2.4A).<\/p>\n<p><strong>Attention<\/strong><\/p>\n<p>The Crafty Plus can be charged with wall adapters up to 1 amp!<\/p>\n<p>Always observe the warnings on the packaging!<\/p>\n<p>(Most smartphone power adapters work with more than 1 amp and are not suitable).<\/p>\n<div><\/div>","protected":false},"excerpt":{"rendered":"<p>Crafty Plus - Storz &amp; Bickel<\/p>\n<p>The latest version of the Crafty from Storz &amp; Bickel: the Crafty Plus with the following innovative features:<\/p>\n<p>&#8211; 30% d&rsquo;autonomie en plus<\/p>\n<p>- 25 minutes faster charging time<\/p>\n<p>- USB-C charging socket<\/p>\n<p>- 1.4m\u00b3 filling chamber with ceramic lining<\/p>\n<p>Le Crafty Plus est le plus petit vaporisateur de Storz &amp; Bickel, mais il utilise une combinaison de chauffage par convection et par conduction. Cette technologie se caract\u00e9rise surtout par un chauffage uniforme et efficace des herbes et permet un flux d&rsquo;air exceptionnel ainsi qu&rsquo;une inhalation sans effort. Le Crafty Plus atteint la temp\u00e9rature souhait\u00e9e en moins de 60 secondes &#8211; plus vite, mieux, plus savoureux !<\/p>\n<p>The compact construction of the Crafty Plus with a single lithium-ion battery is continued in the practical one-touch control. In addition, the new design and improved housing material ensure an optimised grip. You won't want to let go of your Crafty Plus \ud83d\ude42<\/p>\n<p>While the base temperature is 180\u00baC, a double click on the on\/off button sets the booster temperature to 195\u00baC and a triple click sets the super boost temperature to 210\u00baC (maximum).<\/p>\n<p>Un autre avantage int\u00e9ressant du Crafty Plus: avec l&rsquo;application gratuite Remote Control, tu as la possibilit\u00e9 de programmer la temp\u00e9rature de base et la temp\u00e9rature booster selon tes pr\u00e9f\u00e9rences personnelles.<\/p>\n<p><strong>Specifications<\/strong><\/p>\n<p>Dimensions: 11 x 5.7 x 3.3cm<\/p>\n<p>Weight: 135g<\/p>","protected":false},"featured_media":11859,"comment_status":"open","ping_status":"closed","template":"","meta":{"inline_featured_image":false},"product_brand":[249],"product_cat":[248],"product_tag":[],"class_list":{"0":"post-11862","1":"product","2":"type-product","3":"status-publish","4":"has-post-thumbnail","6":"product_brand-storz-und-bickel","7":"product_cat-vaporisateurs","9":"first","10":"instock","11":"taxable","12":"shipping-taxable","13":"purchasable","14":"product-type-simple"},"jetpack_sharing_enabled":true,"_links":{"self":[{"href":"https:\/\/laverteshop.fr\/en\/wp-json\/wp\/v2\/product\/11862","targetHints":{"allow":["GET"]}}],"collection":[{"href":"https:\/\/laverteshop.fr\/en\/wp-json\/wp\/v2\/product"}],"about":[{"href":"https:\/\/laverteshop.fr\/en\/wp-json\/wp\/v2\/types\/product"}],"replies":[{"embeddable":true,"href":"https:\/\/laverteshop.fr\/en\/wp-json\/wp\/v2\/comments?post=11862"}],"wp:featuredmedia":[{"embeddable":true,"href":"https:\/\/laverteshop.fr\/en\/wp-json\/wp\/v2\/media\/11859"}],"wp:attachment":[{"href":"https:\/\/laverteshop.fr\/en\/wp-json\/wp\/v2\/media?parent=11862"}],"wp:term":[{"taxonomy":"product_brand","embeddable":true,"href":"https:\/\/laverteshop.fr\/en\/wp-json\/wp\/v2\/product_brand?post=11862"},{"taxonomy":"product_cat","embeddable":true,"href":"https:\/\/laverteshop.fr\/en\/wp-json\/wp\/v2\/product_cat?post=11862"},{"taxonomy":"product_tag","embeddable":true,"href":"https:\/\/laverteshop.fr\/en\/wp-json\/wp\/v2\/product_tag?post=11862"}],"curies":[{"name":"wp","href":"https:\/\/api.w.org\/{rel}","templated":true}]}}