{"id":11076,"date":"2022-03-07T17:14:15","date_gmt":"2022-03-07T16:14:15","guid":{"rendered":"https:\/\/laverteshop.fr\/?post_type=product&#038;p=11076"},"modified":"2025-07-15T16:50:59","modified_gmt":"2025-07-15T14:50:59","slug":"cannaliz-dreams-e-liquid-refill-300ng-cbd-10ml","status":"publish","type":"product","link":"https:\/\/laverteshop.fr\/en\/product\/cannaliz-dreams-e-liquid-refill-300ng-cbd-10ml\/","title":{"rendered":"Cannaliz Dreams E-Liquid Refill 300ng CBD - 10ml"},"content":{"rendered":"<p>Cannaliz Dreams E-liquid refill10 [ml] with 3% of CBD (cannabidiol) and &lt; 0.2% of THC.<\/p>\n<p><strong>Ingredients<\/strong> : 45,5% propyl\u00e8ne glycol (USP: qualit\u00e9 pharmaceutique), 45,5% glyc\u00e9rine v\u00e9g\u00e9tale (USP: qualit\u00e9 pharmaceutique), 6% extrait d&rsquo;alcool Hanfk\u00e4lte (mono terp\u00e8nes, sesquiterp\u00e8nes, Terpenophenole), 3% ajout\u00e9 terp\u00e8nes (Myrcen, alpha-pinen, b\u00eata pinen)\/ 100% organique\/nicotine libre\/extrait est RSO inspir\u00e9.<\/p>\n<p>Terpenes + (Myrcen, alpha-pinen, beta pine).<\/p>","protected":false},"excerpt":{"rendered":"<p class=\"no_margin\">Cannaliz Dreams E-liquid refill10 [ml] with 3% of CBD (cannabidiol) and &lt; 0.2% of THC, with additional terpenes, which have a sweet aroma with citrus and hazelnut.<\/p>\n<p class=\"no_margin\">Fabriqu\u00e9 \u00e0 partir de chanvre organique extrait d&rsquo;alcool froid.<\/p>\n<p class=\"no_margin\">Il peut \u00eatre employ\u00e9 pour remplir des cartouches d&rsquo;e-cigarette\/atomiseurs.<\/p>\n<ul>\n<li class=\"no_margin\"><strong>CBD<\/strong> 3% (300 mg)<\/li>\n<li class=\"no_margin\"><strong>THC<\/strong> : &lt; 0.2%.<\/li>\n<\/ul>","protected":false},"featured_media":11077,"comment_status":"open","ping_status":"closed","template":"","meta":{"inline_featured_image":false},"product_brand":[238],"product_cat":[60,239],"product_tag":[215,76],"class_list":{"0":"post-11076","1":"product","2":"type-product","3":"status-publish","4":"has-post-thumbnail","6":"product_brand-cannaliz","7":"product_cat-bien-etre","8":"product_cat-e-liquide","9":"product_tag-bio","10":"product_tag-indoor","12":"first","13":"outofstock","14":"taxable","15":"shipping-taxable","16":"purchasable","17":"product-type-simple"},"jetpack_sharing_enabled":true,"_links":{"self":[{"href":"https:\/\/laverteshop.fr\/en\/wp-json\/wp\/v2\/product\/11076","targetHints":{"allow":["GET"]}}],"collection":[{"href":"https:\/\/laverteshop.fr\/en\/wp-json\/wp\/v2\/product"}],"about":[{"href":"https:\/\/laverteshop.fr\/en\/wp-json\/wp\/v2\/types\/product"}],"replies":[{"embeddable":true,"href":"https:\/\/laverteshop.fr\/en\/wp-json\/wp\/v2\/comments?post=11076"}],"wp:featuredmedia":[{"embeddable":true,"href":"https:\/\/laverteshop.fr\/en\/wp-json\/wp\/v2\/media\/11077"}],"wp:attachment":[{"href":"https:\/\/laverteshop.fr\/en\/wp-json\/wp\/v2\/media?parent=11076"}],"wp:term":[{"taxonomy":"product_brand","embeddable":true,"href":"https:\/\/laverteshop.fr\/en\/wp-json\/wp\/v2\/product_brand?post=11076"},{"taxonomy":"product_cat","embeddable":true,"href":"https:\/\/laverteshop.fr\/en\/wp-json\/wp\/v2\/product_cat?post=11076"},{"taxonomy":"product_tag","embeddable":true,"href":"https:\/\/laverteshop.fr\/en\/wp-json\/wp\/v2\/product_tag?post=11076"}],"curies":[{"name":"wp","href":"https:\/\/api.w.org\/{rel}","templated":true}]}}