{"id":9763,"date":"2021-11-12T10:08:40","date_gmt":"2021-11-12T09:08:40","guid":{"rendered":"https:\/\/laverteshop.fr\/?post_type=product&#038;p=9763"},"modified":"2025-07-15T15:04:10","modified_gmt":"2025-07-15T13:04:10","slug":"ocb-king-size-slim-organic-hemp","status":"publish","type":"product","link":"https:\/\/laverteshop.fr\/de\/product\/ocb-king-size-slim-organic-hemp\/","title":{"rendered":"OCB King Size Slim Organic Hemp"},"content":{"rendered":"<p>OCB King Size Slim Organic Hemp ist ein Originalblatt, das aus BIO-Hanf hergestellt wird.<\/p>\n<p>Sie bestehen aus ungebleichtem, organischem Hanf und sind frei von jeglichen Chemikalien (z. B. Chlorid).<\/p>\n<p>La ligne collante est faite de gomme arabique naturelle issue de l&rsquo;acacia africain, d\u00e9marche qui s&rsquo;engage dans le d\u00e9veloppement durable.<\/p>\n<p>&nbsp;<\/p>","protected":false},"excerpt":{"rendered":"<p>OCB King Size Slim Organic Hemp ist ein Originalblatt, das aus BIO-Hanf hergestellt wird.<\/p>\n<p>Sie bestehen aus ungebleichtem, organischem Hanf und sind frei von jeglichen Chemikalien (z. B. Chlorid).<\/p>\n<ul>\n<li>Gr\u00f6\u00dfe: ca. 44*109 mm<\/li>\n<li>32 Blatt \/ Packung<\/li>\n<li>emballage en mat\u00e9riaux recycl\u00e9s, et imprim\u00e9s avec de l&rsquo;encre organique<\/li>\n<\/ul>","protected":false},"featured_media":9764,"comment_status":"open","ping_status":"closed","template":"","meta":{"inline_featured_image":false},"product_brand":[224],"product_cat":[196],"product_tag":[217],"class_list":{"0":"post-9763","1":"product","2":"type-product","3":"status-publish","4":"has-post-thumbnail","6":"product_brand-ocb","7":"product_cat-feuilles-a-rouler","8":"product_tag-feuilles","10":"first","11":"instock","12":"taxable","13":"shipping-taxable","14":"purchasable","15":"product-type-simple"},"jetpack_sharing_enabled":true,"_links":{"self":[{"href":"https:\/\/laverteshop.fr\/de\/wp-json\/wp\/v2\/product\/9763","targetHints":{"allow":["GET"]}}],"collection":[{"href":"https:\/\/laverteshop.fr\/de\/wp-json\/wp\/v2\/product"}],"about":[{"href":"https:\/\/laverteshop.fr\/de\/wp-json\/wp\/v2\/types\/product"}],"replies":[{"embeddable":true,"href":"https:\/\/laverteshop.fr\/de\/wp-json\/wp\/v2\/comments?post=9763"}],"wp:featuredmedia":[{"embeddable":true,"href":"https:\/\/laverteshop.fr\/de\/wp-json\/wp\/v2\/media\/9764"}],"wp:attachment":[{"href":"https:\/\/laverteshop.fr\/de\/wp-json\/wp\/v2\/media?parent=9763"}],"wp:term":[{"taxonomy":"product_brand","embeddable":true,"href":"https:\/\/laverteshop.fr\/de\/wp-json\/wp\/v2\/product_brand?post=9763"},{"taxonomy":"product_cat","embeddable":true,"href":"https:\/\/laverteshop.fr\/de\/wp-json\/wp\/v2\/product_cat?post=9763"},{"taxonomy":"product_tag","embeddable":true,"href":"https:\/\/laverteshop.fr\/de\/wp-json\/wp\/v2\/product_tag?post=9763"}],"curies":[{"name":"wp","href":"https:\/\/api.w.org\/{rel}","templated":true}]}}