{"id":9750,"date":"2021-11-12T09:29:22","date_gmt":"2021-11-12T08:29:22","guid":{"rendered":"https:\/\/laverteshop.fr\/?post_type=product&#038;p=9750"},"modified":"2025-07-15T15:04:11","modified_gmt":"2025-07-15T13:04:11","slug":"gizeh-blatter-bio","status":"publish","type":"product","link":"https:\/\/laverteshop.fr\/de\/product\/gizeh-blatter-bio\/","title":{"rendered":"Gizeh 100% Bio-Bl\u00e4tter King size slim + Filter"},"content":{"rendered":"<p>Ces feuilles Gizeh 100% bio sont un subtil m\u00e9lange entre les feuilles King Size Slim, fabriqu\u00e9s \u00e0 partir de chanvre non blanchi issu de l&rsquo;agriculture biologique certifi\u00e9e, et d&#8217;embouts assortis de la gamme pure de GIZEH.<\/p>\n<p>Die Spitzen der Kartons sind faltbar, um das Filtern effektiver zu machen,.<\/p>\n<p>Ultrad\u00fcnn und leicht durchsichtig, brennen die Papiere langsam und gleichm\u00e4\u00dfig und bieten einen perfekten Geschmack.<\/p>\n<p>VEGAN-freundliches Produkt.<\/p>","protected":false},"excerpt":{"rendered":"<p>Ces feuilles Gizeh 100% bio sont un subtil m\u00e9lange entre les feuilles King Size Slim, fabriqu\u00e9s \u00e0 partir de chanvre non blanchi issu de l&rsquo;agriculture biologique certifi\u00e9e, et d&#8217;embouts assortis de la gamme pure de GIZEH.<\/p>\n<ul>\n<li>Abmessungen des Blattes: 44*107 mm<\/li>\n<li>Filterma\u00dfe: 24*54 mm<\/li>\n<li>34 Bl\u00e4tter und Filter \/ Packung<\/li>\n<\/ul>","protected":false},"featured_media":9751,"comment_status":"open","ping_status":"closed","template":"","meta":{"inline_featured_image":false},"product_brand":[212],"product_cat":[196],"product_tag":[217],"class_list":{"0":"post-9750","1":"product","2":"type-product","3":"status-publish","4":"has-post-thumbnail","6":"product_brand-gizeh","7":"product_cat-feuilles-a-rouler","8":"product_tag-feuilles","10":"first","11":"instock","12":"taxable","13":"shipping-taxable","14":"purchasable","15":"product-type-simple"},"jetpack_sharing_enabled":true,"_links":{"self":[{"href":"https:\/\/laverteshop.fr\/de\/wp-json\/wp\/v2\/product\/9750","targetHints":{"allow":["GET"]}}],"collection":[{"href":"https:\/\/laverteshop.fr\/de\/wp-json\/wp\/v2\/product"}],"about":[{"href":"https:\/\/laverteshop.fr\/de\/wp-json\/wp\/v2\/types\/product"}],"replies":[{"embeddable":true,"href":"https:\/\/laverteshop.fr\/de\/wp-json\/wp\/v2\/comments?post=9750"}],"wp:featuredmedia":[{"embeddable":true,"href":"https:\/\/laverteshop.fr\/de\/wp-json\/wp\/v2\/media\/9751"}],"wp:attachment":[{"href":"https:\/\/laverteshop.fr\/de\/wp-json\/wp\/v2\/media?parent=9750"}],"wp:term":[{"taxonomy":"product_brand","embeddable":true,"href":"https:\/\/laverteshop.fr\/de\/wp-json\/wp\/v2\/product_brand?post=9750"},{"taxonomy":"product_cat","embeddable":true,"href":"https:\/\/laverteshop.fr\/de\/wp-json\/wp\/v2\/product_cat?post=9750"},{"taxonomy":"product_tag","embeddable":true,"href":"https:\/\/laverteshop.fr\/de\/wp-json\/wp\/v2\/product_tag?post=9750"}],"curies":[{"name":"wp","href":"https:\/\/api.w.org\/{rel}","templated":true}]}}