{"id":9608,"date":"2021-10-28T15:09:03","date_gmt":"2021-10-28T13:09:03","guid":{"rendered":"https:\/\/laverteshop.fr\/?post_type=product&#038;p=9608"},"modified":"2025-07-15T15:04:15","modified_gmt":"2025-07-15T13:04:15","slug":"blatter-a-roll-dark-horse-black-king-size-slim-34-blatter","status":"publish","type":"product","link":"https:\/\/laverteshop.fr\/de\/product\/blatter-a-roll-dark-horse-black-king-size-slim-34-blatter\/","title":{"rendered":"Rolling Papers - Dark Horse Black - King Size Slim - 34 Bl\u00e4tter"},"content":{"rendered":"","protected":false},"excerpt":{"rendered":"<p>Box mit 25 Packungen Rolling Leaves - Dark Horse Black - King Size Slim.<\/p>\n<p>Nicht nur f\u00fcr Pferdeliebhaber, sondern f\u00fcr alle, die gerne King Size Papers rauchen!<\/p>\n<p>Diese langen, d\u00fcnnen Papiere stammen aus der Black-Edition von Dark Horse und bieten einen langsamen, gleichm\u00e4\u00dfigen Abbrand. Die Gummilinie besteht aus nat\u00fcrlichem Gummi arabicum 100%.<\/p>\n<ul>\n<li>Ma\u00dfe: ca. 44 x 109 mm.<\/li>\n<li>Gewicht: 14 Gramm pro qm\u00b2.<\/li>\n<li>34 Blatt pro Packung.<\/li>\n<li>25 Packungen pro Schachtel.<\/li>\n<\/ul>","protected":false},"featured_media":9607,"comment_status":"open","ping_status":"closed","template":"","meta":{"inline_featured_image":false},"product_brand":[221],"product_cat":[196,61],"product_tag":[217,218,222],"class_list":{"0":"post-9608","1":"product","2":"type-product","3":"status-publish","4":"has-post-thumbnail","6":"product_brand-dark-horse","7":"product_cat-feuilles-a-rouler","8":"product_cat-accessoires","9":"product_tag-feuilles","10":"product_tag-filtres","11":"product_tag-king-size-slim","13":"first","14":"instock","15":"taxable","16":"shipping-taxable","17":"purchasable","18":"product-type-simple"},"jetpack_sharing_enabled":true,"_links":{"self":[{"href":"https:\/\/laverteshop.fr\/de\/wp-json\/wp\/v2\/product\/9608","targetHints":{"allow":["GET"]}}],"collection":[{"href":"https:\/\/laverteshop.fr\/de\/wp-json\/wp\/v2\/product"}],"about":[{"href":"https:\/\/laverteshop.fr\/de\/wp-json\/wp\/v2\/types\/product"}],"replies":[{"embeddable":true,"href":"https:\/\/laverteshop.fr\/de\/wp-json\/wp\/v2\/comments?post=9608"}],"wp:featuredmedia":[{"embeddable":true,"href":"https:\/\/laverteshop.fr\/de\/wp-json\/wp\/v2\/media\/9607"}],"wp:attachment":[{"href":"https:\/\/laverteshop.fr\/de\/wp-json\/wp\/v2\/media?parent=9608"}],"wp:term":[{"taxonomy":"product_brand","embeddable":true,"href":"https:\/\/laverteshop.fr\/de\/wp-json\/wp\/v2\/product_brand?post=9608"},{"taxonomy":"product_cat","embeddable":true,"href":"https:\/\/laverteshop.fr\/de\/wp-json\/wp\/v2\/product_cat?post=9608"},{"taxonomy":"product_tag","embeddable":true,"href":"https:\/\/laverteshop.fr\/de\/wp-json\/wp\/v2\/product_tag?post=9608"}],"curies":[{"name":"wp","href":"https:\/\/api.w.org\/{rel}","templated":true}]}}