{"id":9391,"date":"2021-10-08T15:35:14","date_gmt":"2021-10-08T13:35:14","guid":{"rendered":"https:\/\/laverteshop.fr\/?post_type=product&#038;p=9391"},"modified":"2025-11-27T05:48:27","modified_gmt":"2025-11-27T04:48:27","slug":"mini-buds-amnesia-haze","status":"publish","type":"product","link":"https:\/\/laverteshop.fr\/de\/product\/mini-buds-amnesia-haze\/","title":{"rendered":"Mini Buds Amnesia Haze"},"content":{"rendered":"<p>Voici la nouvelle r\u00e9colte de Mini Buds Amnesia Haze ! Elle provient d&rsquo;un nouveau producteur, et est bien meilleure qu&rsquo;avant ! Un gout terreux et poivr\u00e9 bien pr\u00e9sent, typique des fleurs Amnesia Haze. Elle sont de culture indoor, donc aux conditions optimales.<\/p>\n<p>Ces mini buds indoor ont un puissant nez \u00e0 l&rsquo;ouverture du paquet, qui vous rappellera le c\u00f4t\u00e9 un peu relev\u00e9 de la Amnesia Haze. Leur couleur vert clair, ainsi que leur texture plut\u00f4t mi s\u00e8che &#8211; mi humide vous ravirons. Un effet de relaxation, et un l\u00e9ger go\u00fbt poivr\u00e9 en bouche.<\/p>\n<p>Der Preis ist eindeutig unschlagbar f\u00fcr diese Indoor, die in kleinen Bl\u00fcten serviert wird. Ohne zu z\u00f6gern bestellen!<\/p>\n<p>Unsere Produkte sind mit dem Qualit\u00e4tszertifikat CBD Schweiz ausgezeichnet. Am wichtigsten ist uns, dass wir Ihnen Blumen und Pollen von ausgezeichnetem Wert zu erschwinglichen und akzeptablen Preisen und innerhalb der vom EuGH zugelassenen Werte (&lt;0,2% THC) liefern k\u00f6nnen.<\/p>\n<p>Was k\u00f6nnen Sie mit diesen Produkten machen? Entspannende Tees, um Ihren Schlaf zu verbessern, Potpourris, um Ihr Zuhause mit einem nat\u00fcrlichen Geruch zu durchtr\u00e4nken, oder Sie k\u00f6nnen sie in Ihrem Essen verwenden, wenn Sie m\u00f6chten (Salate, So\u00dfen, Dressings).<\/p>\n<p>Wir empfehlen Ihnen, die Meinung Ihres Arztes einzuholen, der Ihnen die beste Verwendung f\u00fcr Ihr CBD empfehlen kann.<\/p>","protected":false},"excerpt":{"rendered":"<p>Voici la nouvelle r\u00e9colte de Mini Buds Amnesia Haze ! Elle provient d&rsquo;un nouveau producteur, et est bien meilleure qu&rsquo;avant ! Un gout terreux et poivr\u00e9 bien pr\u00e9sent, typique des fleurs Amnesia Haze. Elle sont de culture indoor, donc aux conditions optimales.<\/p>\n<p>Ces mini buds indoor ont un puissant nez \u00e0 l&rsquo;ouverture du paquet, qui vous rappellera le c\u00f4t\u00e9 un peu relev\u00e9 de la Amnesia Haze. Leur couleur vert clair, ainsi que leur texture plut\u00f4t mi s\u00e8che &#8211; mi humide vous ravirons. Un effet de relaxation, et un l\u00e9ger go\u00fbt poivr\u00e9 en bouche. Parfait pour nous amateurs de mini buds de qualit\u00e9.<\/p>\n<table style=\"border-collapse: collapse; width: 244px; height: 216px;\" border=\"1\">\n<tbody>\n<tr>\n<td style=\"width: 50%; text-align: center;\"><strong>THC<\/strong><\/td>\n<td style=\"width: 50%; text-align: center;\"><strong>0.25%<\/strong><\/td>\n<\/tr>\n<tr>\n<td style=\"width: 50%; text-align: center;\"><strong>CBD<\/strong><\/td>\n<td style=\"width: 50%; text-align: center;\"><strong>14%<\/strong><\/td>\n<\/tr>\n<tr>\n<td style=\"width: 50%; text-align: center;\"><strong>CBG<\/strong><\/td>\n<td style=\"width: 50%; text-align: center;\"><strong>0.10%<\/strong><\/td>\n<\/tr>\n<tr>\n<td style=\"width: 50%; text-align: center;\"><b>Kultur<\/b><\/td>\n<td style=\"width: 50%; text-align: center;\"><strong>INDOOR<\/strong><\/td>\n<\/tr>\n<\/tbody>\n<\/table>","protected":false},"featured_media":15880,"comment_status":"open","ping_status":"closed","template":"","meta":{"inline_featured_image":false},"product_brand":[75],"product_cat":[258,58,253],"product_tag":[220,76,252],"class_list":{"0":"post-9391","1":"product","2":"type-product","3":"status-publish","4":"has-post-thumbnail","6":"product_brand-la-verte","7":"product_cat-trim-minibuds-cbd","8":"product_cat-fleurs","9":"product_cat-indoor","10":"product_tag-fleurs-cbd","11":"product_tag-indoor","12":"product_tag-mini-buds","14":"first","15":"outofstock","16":"taxable","17":"shipping-taxable","18":"purchasable","19":"product-type-variable"},"jetpack_sharing_enabled":true,"_links":{"self":[{"href":"https:\/\/laverteshop.fr\/de\/wp-json\/wp\/v2\/product\/9391","targetHints":{"allow":["GET"]}}],"collection":[{"href":"https:\/\/laverteshop.fr\/de\/wp-json\/wp\/v2\/product"}],"about":[{"href":"https:\/\/laverteshop.fr\/de\/wp-json\/wp\/v2\/types\/product"}],"replies":[{"embeddable":true,"href":"https:\/\/laverteshop.fr\/de\/wp-json\/wp\/v2\/comments?post=9391"}],"wp:featuredmedia":[{"embeddable":true,"href":"https:\/\/laverteshop.fr\/de\/wp-json\/wp\/v2\/media\/15880"}],"wp:attachment":[{"href":"https:\/\/laverteshop.fr\/de\/wp-json\/wp\/v2\/media?parent=9391"}],"wp:term":[{"taxonomy":"product_brand","embeddable":true,"href":"https:\/\/laverteshop.fr\/de\/wp-json\/wp\/v2\/product_brand?post=9391"},{"taxonomy":"product_cat","embeddable":true,"href":"https:\/\/laverteshop.fr\/de\/wp-json\/wp\/v2\/product_cat?post=9391"},{"taxonomy":"product_tag","embeddable":true,"href":"https:\/\/laverteshop.fr\/de\/wp-json\/wp\/v2\/product_tag?post=9391"}],"curies":[{"name":"wp","href":"https:\/\/api.w.org\/{rel}","templated":true}]}}