{"id":9235,"date":"2021-09-24T08:41:14","date_gmt":"2021-09-24T06:41:14","guid":{"rendered":"https:\/\/laverteshop.fr\/?post_type=product&#038;p=9235"},"modified":"2026-03-09T07:16:26","modified_gmt":"2026-03-09T06:16:26","slug":"ol-aus-bio-grun-20-cbd","status":"publish","type":"product","link":"https:\/\/laverteshop.fr\/de\/product\/ol-aus-bio-grun-20-cbd\/","title":{"rendered":"Bio CBD \u00d6l - La Verte - 20% CBD"},"content":{"rendered":"<p>Dieses Bio-CBD-\u00d6l - La Verte - 20% CBD ist perfekt, wenn du chronische Schmerzen oder Schlafprobleme hast.<\/p>\n<p>Unser CBD-\u00d6l ist als Schweizer CBD-Qualit\u00e4t zertifiziert. Uns ist es am wichtigsten, dass wir Ihnen \u00d6le von ausgezeichnetem Wert zu erschwinglichen und akzeptablen Preisen und innerhalb der vom EuGH zugelassenen Werte (0% THC) liefern k\u00f6nnen.<\/p>\n<p>Wir empfehlen Ihnen, die Meinung Ihres Arztes einzuholen, der Ihnen die beste Verwendung f\u00fcr Ihr CBD empfehlen kann.<\/p>","protected":false},"excerpt":{"rendered":"<p>Unser Bio-CBD-\u00d6l - La Verte - 20% CBD wurde in der Schweiz von Wissenschaftlern und Forschern entwickelt, die das beste \u00d6l f\u00fcr Ihr Wohlbefinden herstellen m\u00f6chten.<\/p>\n<p>Dieses CBD-\u00d6l 20% ist perfekt f\u00fcr den Schlaf, sowie wenn du mit wiederkehrenden Schmerzen zu k\u00e4mpfen hast.<\/p>\n<p>Ses 20% de CBD agiront rapidement sur votre corps pour vous procurer le bien \u00eatre cherch\u00e9. C&rsquo;est une huile MCT, ce qui signifie qu&rsquo;elle est faite \u00e0 base d&rsquo;huile de coco, ce qui la rend plus l\u00e9g\u00e8re et donc parfait pour son utilisation.<\/p>","protected":false},"featured_media":9229,"comment_status":"open","ping_status":"closed","template":"","meta":{"inline_featured_image":false},"product_brand":[75],"product_cat":[60,243],"product_tag":[215,216],"class_list":{"0":"post-9235","1":"product","2":"type-product","3":"status-publish","4":"has-post-thumbnail","6":"product_brand-la-verte","7":"product_cat-bien-etre","8":"product_cat-huiles-cbd","9":"product_tag-bio","10":"product_tag-huile-cbd","12":"first","13":"outofstock","14":"taxable","15":"shipping-taxable","16":"purchasable","17":"product-type-simple"},"jetpack_sharing_enabled":true,"_links":{"self":[{"href":"https:\/\/laverteshop.fr\/de\/wp-json\/wp\/v2\/product\/9235","targetHints":{"allow":["GET"]}}],"collection":[{"href":"https:\/\/laverteshop.fr\/de\/wp-json\/wp\/v2\/product"}],"about":[{"href":"https:\/\/laverteshop.fr\/de\/wp-json\/wp\/v2\/types\/product"}],"replies":[{"embeddable":true,"href":"https:\/\/laverteshop.fr\/de\/wp-json\/wp\/v2\/comments?post=9235"}],"wp:featuredmedia":[{"embeddable":true,"href":"https:\/\/laverteshop.fr\/de\/wp-json\/wp\/v2\/media\/9229"}],"wp:attachment":[{"href":"https:\/\/laverteshop.fr\/de\/wp-json\/wp\/v2\/media?parent=9235"}],"wp:term":[{"taxonomy":"product_brand","embeddable":true,"href":"https:\/\/laverteshop.fr\/de\/wp-json\/wp\/v2\/product_brand?post=9235"},{"taxonomy":"product_cat","embeddable":true,"href":"https:\/\/laverteshop.fr\/de\/wp-json\/wp\/v2\/product_cat?post=9235"},{"taxonomy":"product_tag","embeddable":true,"href":"https:\/\/laverteshop.fr\/de\/wp-json\/wp\/v2\/product_tag?post=9235"}],"curies":[{"name":"wp","href":"https:\/\/api.w.org\/{rel}","templated":true}]}}