{"id":8847,"date":"2021-08-31T09:16:13","date_gmt":"2021-08-31T07:16:13","guid":{"rendered":"https:\/\/laverteshop.fr\/?post_type=product&#038;p=8847"},"modified":"2025-07-15T15:10:42","modified_gmt":"2025-07-15T13:10:42","slug":"filter-a-kohle-aktiv-actitube-extra-slim-6mm","status":"publish","type":"product","link":"https:\/\/laverteshop.fr\/de\/product\/filter-a-kohle-aktiv-actitube-extra-slim-6mm\/","title":{"rendered":"Aktivkohlefilter Actitube| Extra Slim 6mm"},"content":{"rendered":"<p>- Filterabmessungen: 6 x 27 mm<br \/>\n- Keramikkappen auf beiden Seiten<br \/>\n- 50 Filter pro Packung<\/p>\n<p><strong>Tipps f\u00fcr den Winter :<\/strong><\/p>\n<p>Bei Temperaturen unter 5\u00b0 C kann der Filter verstopfen. Die Ursache ist die Kondensation des Rauchs im Inneren des Filters.<\/p>\n<p>Daher ist es ratsam, in der kalten Jahreszeit drinnen zu rauchen oder das\u00a0<a href=\"https:\/\/laverteshop.fr\/de\/product-category\/zubehor\/filter\/\">Filter<\/a>\u00a0warm halten, bis Sie ihn einschalten.<\/p>\n<p>Um Ihnen eine der bestm\u00f6glichen Verkostungen zu gew\u00e4hrleisten, vermarkten wir nur Produkte von h\u00f6chster Qualit\u00e4t. F\u00fcr ihre Herstellung werden Premium-Materialien verwendet, die weltweit anerkannt sind.<\/p>\n<p>Die angewandten Preise sind f\u00fcr diese Art von Produkten ebenfalls sehr interessant, also z\u00f6gern Sie nicht l\u00e4nger und f\u00fcgen Sie sie Ihrer Bestellung hinzu!<\/p>","protected":false},"excerpt":{"rendered":"<p>Die\u00a0<strong>Filter\u00a0<\/strong><a href=\"https:\/\/laverteshop.fr\/de\/product\/filtres-a-charbon-active-actitube-slim-compact-travel-size\/\"><strong>ActiTube<\/strong><\/a> <strong>Extra<\/strong> <strong>Slim<\/strong>\u00a0wurden so konzipiert, dass sie mithilfe von Aktivkohle einen Gro\u00dfteil der sch\u00e4dlichen Stoffe herausfiltern.<\/p>\n<p>Bei diesen Filtern hat actiTube den F\u00fcllgrad reduziert. Infolgedessen wird der Schutz der Atemwege reduziert, aber Sie erhalten den VOLLEN Geschmack beim Rauchen Ihrer Roll-ups.<\/p>\n<p>Dieser hat die Besonderheit, dass er bestimmte Elemente wie Nikotin und Teer, die beim Verbrennen von Zigaretten entstehen, und andere sch\u00e4dliche Stoffe zur\u00fcckh\u00e4lt.<\/p>\n<p>Wenn der Rauch durch einen Aktivkohlefilter geleitet wird, bleibt ein Gro\u00dfteil der sch\u00e4dlichen Teerstoffe im Rauch an der Aktivkohle haften.<\/p>\n<p>La fum\u00e9e est moins n\u00e9faste, elle est refroidie par un embout en c\u00e9ramique, ce qui l&rsquo;a rend plus douce, le go\u00fbt du tabac est att\u00e9nu\u00e9 mais pas celui de l\u2019herbe et l\u2019effet du \u00ab hit \u00bb n\u2019est pas alt\u00e9r\u00e9.<\/p>","protected":false},"featured_media":9974,"comment_status":"open","ping_status":"closed","template":"","meta":{"inline_featured_image":false},"product_brand":[211],"product_cat":[197,61],"product_tag":[217,218],"class_list":{"0":"post-8847","1":"product","2":"type-product","3":"status-publish","4":"has-post-thumbnail","6":"product_brand-actitube","7":"product_cat-filtres","8":"product_cat-accessoires","9":"product_tag-feuilles","10":"product_tag-filtres","12":"first","13":"instock","14":"taxable","15":"shipping-taxable","16":"purchasable","17":"product-type-simple"},"jetpack_sharing_enabled":true,"_links":{"self":[{"href":"https:\/\/laverteshop.fr\/de\/wp-json\/wp\/v2\/product\/8847","targetHints":{"allow":["GET"]}}],"collection":[{"href":"https:\/\/laverteshop.fr\/de\/wp-json\/wp\/v2\/product"}],"about":[{"href":"https:\/\/laverteshop.fr\/de\/wp-json\/wp\/v2\/types\/product"}],"replies":[{"embeddable":true,"href":"https:\/\/laverteshop.fr\/de\/wp-json\/wp\/v2\/comments?post=8847"}],"wp:featuredmedia":[{"embeddable":true,"href":"https:\/\/laverteshop.fr\/de\/wp-json\/wp\/v2\/media\/9974"}],"wp:attachment":[{"href":"https:\/\/laverteshop.fr\/de\/wp-json\/wp\/v2\/media?parent=8847"}],"wp:term":[{"taxonomy":"product_brand","embeddable":true,"href":"https:\/\/laverteshop.fr\/de\/wp-json\/wp\/v2\/product_brand?post=8847"},{"taxonomy":"product_cat","embeddable":true,"href":"https:\/\/laverteshop.fr\/de\/wp-json\/wp\/v2\/product_cat?post=8847"},{"taxonomy":"product_tag","embeddable":true,"href":"https:\/\/laverteshop.fr\/de\/wp-json\/wp\/v2\/product_tag?post=8847"}],"curies":[{"name":"wp","href":"https:\/\/api.w.org\/{rel}","templated":true}]}}