{"id":8829,"date":"2021-08-30T14:59:40","date_gmt":"2021-08-30T12:59:40","guid":{"rendered":"https:\/\/laverteshop.fr\/?post_type=product&#038;p=8829"},"modified":"2025-07-15T15:10:44","modified_gmt":"2025-07-15T13:10:44","slug":"blunt-wrap-double-platinum-pink-bubble-gum-2","status":"publish","type":"product","link":"https:\/\/laverteshop.fr\/de\/product\/blunt-wrap-double-platinum-pink-bubble-gum-2\/","title":{"rendered":"Blunt Wrap Double Platinum Pink | Bubble Gum"},"content":{"rendered":"<p>Blunt ist ein\u00a0<b>Art des Zigarettenpapiers<\/b>\u00a0und ein Begriff, der zur Beschreibung von<i>\u00a0gro\u00dfe Gelenke.\u00a0<\/i>Ein Bluntblatt ist eine\u00a0<b><a href=\"https:\/\/laverteshop.fr\/de\/product\/blunt-wrap-double-platinum-purple\/\">nat\u00fcrliches Tabakblatt<\/a>,\u00a0<\/b>die aromatisiert werden kann, um unserem <a href=\"https:\/\/laverteshop.fr\/de\/7808-2\/\">Cannabis<\/a>.<\/p>\n<p>Es waren amerikanische Rapper und Hip-Hop-S\u00e4nger, die als erste diesen<b>\u00a0Papier zum Rollen, um sich die Gelenke zu machen.<\/b>\u00a0Das war eine gute M\u00f6glichkeit, unbemerkt zu bleiben, denn es<i>\u00a0\u00e4hnelte eher einer in Kuba produzierten Cohiba-Zigarre<\/i>.<\/p>","protected":false},"excerpt":{"rendered":"<p><strong>2 Blunts pro Packung<\/strong><br \/>\n<strong>Saveur \u00ab\u00a0Bubble Gum\u00a0\u00bb<\/strong><br \/>\nGenie\u00dfen Sie auch unsere anderen Geschmacksrichtungen von <a href=\"https:\/\/laverteshop.fr\/de\/product\/blunt-wrap-double-platinum-green-apple-martini\/\">Blunt Wrap<\/a>.<br \/>\nFruchtig, <a href=\"https:\/\/laverteshop.fr\/de\/product\/blunt-wrap-double-platinum-blue-blueberry-burst\/\">exotisch<\/a>, s\u00fc\u00df - f\u00fcr jeden Geschmack ist etwas dabei!<br \/>\nEin authentischer karibischer Rauchgenuss, hergestellt in der Dominikanischen Republik.<\/p>","protected":false},"featured_media":8792,"comment_status":"open","ping_status":"closed","template":"","meta":{"inline_featured_image":false},"product_brand":[210],"product_cat":[206,61],"product_tag":[217,218],"class_list":{"0":"post-8829","1":"product","2":"type-product","3":"status-publish","4":"has-post-thumbnail","6":"product_brand-blunt-wrap-double-platinum","7":"product_cat-blunt","8":"product_cat-accessoires","9":"product_tag-feuilles","10":"product_tag-filtres","12":"first","13":"outofstock","14":"taxable","15":"shipping-taxable","16":"purchasable","17":"product-type-variable"},"jetpack_sharing_enabled":true,"_links":{"self":[{"href":"https:\/\/laverteshop.fr\/de\/wp-json\/wp\/v2\/product\/8829","targetHints":{"allow":["GET"]}}],"collection":[{"href":"https:\/\/laverteshop.fr\/de\/wp-json\/wp\/v2\/product"}],"about":[{"href":"https:\/\/laverteshop.fr\/de\/wp-json\/wp\/v2\/types\/product"}],"replies":[{"embeddable":true,"href":"https:\/\/laverteshop.fr\/de\/wp-json\/wp\/v2\/comments?post=8829"}],"wp:featuredmedia":[{"embeddable":true,"href":"https:\/\/laverteshop.fr\/de\/wp-json\/wp\/v2\/media\/8792"}],"wp:attachment":[{"href":"https:\/\/laverteshop.fr\/de\/wp-json\/wp\/v2\/media?parent=8829"}],"wp:term":[{"taxonomy":"product_brand","embeddable":true,"href":"https:\/\/laverteshop.fr\/de\/wp-json\/wp\/v2\/product_brand?post=8829"},{"taxonomy":"product_cat","embeddable":true,"href":"https:\/\/laverteshop.fr\/de\/wp-json\/wp\/v2\/product_cat?post=8829"},{"taxonomy":"product_tag","embeddable":true,"href":"https:\/\/laverteshop.fr\/de\/wp-json\/wp\/v2\/product_tag?post=8829"}],"curies":[{"name":"wp","href":"https:\/\/api.w.org\/{rel}","templated":true}]}}