{"id":8467,"date":"2021-08-10T16:56:22","date_gmt":"2021-08-10T14:56:22","guid":{"rendered":"https:\/\/laverteshop.fr\/?post_type=product&#038;p=8467"},"modified":"2025-11-13T11:11:05","modified_gmt":"2025-11-13T10:11:05","slug":"blatter-a-roll-filter-maskottchen-slim-size-organic-combi-pack","status":"publish","type":"product","link":"https:\/\/laverteshop.fr\/de\/product\/blatter-a-roll-filter-maskottchen-slim-size-organic-combi-pack\/","title":{"rendered":"Rolling Papers + Filter | Mascotte Slim Size Organic Combi Pack"},"content":{"rendered":"<p>Les feuilles \u00e0 rouler Mascotte sont connus mondialement, car elle nous viennent tout droit d&rsquo;Amsterdam.<br \/>\nUm Ihnen die bestm\u00f6gliche Verkostung zu gew\u00e4hrleisten, vertreiben wir nur Produkte von h\u00f6chster Qualit\u00e4t. Sie sind weltweit f\u00fcr ihre Struktur bekannt und vor allem aus Premium-Materialien und -Rohstoffen hergestellt.<br \/>\nAuch die angewandten Preise sind f\u00fcr diese Art von Produkten sehr interessant, also z\u00f6gern Sie nicht l\u00e4nger und f\u00fcgen Sie sie Ihrer Bestellung hinzu!<\/p>\n<p><em>Es wird Ihnen auch gefallen:<\/em><\/p>\n<ul>\n<li><a href=\"https:\/\/laverteshop.fr\/de\/product\/8384\/\">Raw original King<\/a><\/li>\n<li><a href=\"https:\/\/laverteshop.fr\/de\/product\/pack-decouverte-5-varietes\/\">Entdeckungspaket<\/a><\/li>\n<\/ul>","protected":false},"excerpt":{"rendered":"<p>Das einzig wahre Hanfpapier 100% aus biologischem Anbau und jetzt zusammen mit Spikes in einem praktischen Kombipack. Die Papiere sind rein nat\u00fcrlich und die braune Farbe unterscheidet sich je nach Ernte. Die Spitzen sind sehr glatt und ungebleicht. Die FSC-zertifizierte Verpackung ist selbstverst\u00e4ndlich wiederverschlie\u00dfbar.<br \/>\n<strong>Maskottchen<\/strong>\u00a0ist vielleicht die bekannteste Marke f\u00fcr Rollpapier in den Niederlanden.<\/p>\n<p>34 Blatt + 34 Filter pro Packung<\/p>","protected":false},"featured_media":8469,"comment_status":"open","ping_status":"closed","template":"","meta":{"inline_featured_image":false},"product_brand":[205],"product_cat":[196,61],"product_tag":[217,218],"class_list":{"0":"post-8467","1":"product","2":"type-product","3":"status-publish","4":"has-post-thumbnail","6":"product_brand-mascotte","7":"product_cat-feuilles-a-rouler","8":"product_cat-accessoires","9":"product_tag-feuilles","10":"product_tag-filtres","12":"first","13":"instock","14":"taxable","15":"shipping-taxable","16":"purchasable","17":"product-type-simple"},"jetpack_sharing_enabled":true,"_links":{"self":[{"href":"https:\/\/laverteshop.fr\/de\/wp-json\/wp\/v2\/product\/8467","targetHints":{"allow":["GET"]}}],"collection":[{"href":"https:\/\/laverteshop.fr\/de\/wp-json\/wp\/v2\/product"}],"about":[{"href":"https:\/\/laverteshop.fr\/de\/wp-json\/wp\/v2\/types\/product"}],"replies":[{"embeddable":true,"href":"https:\/\/laverteshop.fr\/de\/wp-json\/wp\/v2\/comments?post=8467"}],"wp:featuredmedia":[{"embeddable":true,"href":"https:\/\/laverteshop.fr\/de\/wp-json\/wp\/v2\/media\/8469"}],"wp:attachment":[{"href":"https:\/\/laverteshop.fr\/de\/wp-json\/wp\/v2\/media?parent=8467"}],"wp:term":[{"taxonomy":"product_brand","embeddable":true,"href":"https:\/\/laverteshop.fr\/de\/wp-json\/wp\/v2\/product_brand?post=8467"},{"taxonomy":"product_cat","embeddable":true,"href":"https:\/\/laverteshop.fr\/de\/wp-json\/wp\/v2\/product_cat?post=8467"},{"taxonomy":"product_tag","embeddable":true,"href":"https:\/\/laverteshop.fr\/de\/wp-json\/wp\/v2\/product_tag?post=8467"}],"curies":[{"name":"wp","href":"https:\/\/api.w.org\/{rel}","templated":true}]}}