{"id":8465,"date":"2021-08-10T16:46:31","date_gmt":"2021-08-10T14:46:31","guid":{"rendered":"https:\/\/laverteshop.fr\/?post_type=product&#038;p=8465"},"modified":"2025-07-15T15:10:52","modified_gmt":"2025-07-15T13:10:52","slug":"blatter-a-roll-flamez-pink-king-slim","status":"publish","type":"product","link":"https:\/\/laverteshop.fr\/de\/product\/blatter-a-roll-flamez-pink-king-slim\/","title":{"rendered":"Bl\u00e4tter zum Rollen | Flamez Pink King Slim"},"content":{"rendered":"<p>Heben Sie sich von der Masse ab mit diesen wundersch\u00f6nen rosafarbenen Papieren, die aus Hanffasern (90%) und Holzfasern (10%) f\u00fcr zus\u00e4tzliche Festigkeit hergestellt werden.<br \/>\nKaufen Sie Flamez Pink Edition Papiere<br \/>\nRevitalisez votre \u00ab\u00a0fum\u00e9e\u00a0\u00bb avec ces papiers Pink Edition de Flamez. Commandez en toute s\u00e9curit\u00e9 sur notre boutique en ligne et soyez s\u00fbr de recevoir votre paquet \u00e0 votre porte.<br \/>\nSchw\u00f6ren Sie, Pinky!<\/p>\n<p>Um Ihnen die bestm\u00f6gliche Verkostung zu gew\u00e4hrleisten, vertreiben wir nur Produkte von h\u00f6chster Qualit\u00e4t. Sie sind weltweit f\u00fcr ihre Struktur bekannt und vor allem aus Premium-Materialien und -Rohstoffen hergestellt.<\/p>\n<p>Auch die angewandten Preise sind f\u00fcr diese Art von Produkten sehr interessant, also z\u00f6gern Sie nicht l\u00e4nger und f\u00fcgen Sie sie Ihrer Bestellung hinzu!<\/p>","protected":false},"excerpt":{"rendered":"<p>Flamez Pink Edition!<br \/>\nLes vraies \u00ab\u00a0reines\u00a0\u00bb utilisent les papiers Flamez Pink (Queen) Size Slim !<br \/>\nHeben Sie sich von der Masse ab mit diesen wundersch\u00f6nen rosafarbenen Papieren, die aus Hanffasern (90%) und Holzfasern (10%) f\u00fcr zus\u00e4tzliche Festigkeit hergestellt werden.<\/p>\n<p>33 Blatt pro Packung<br \/>\nL\u00e4nge: King Size (110 mm)<br \/>\nBreite: Slim (44 mm)<br \/>\nFarbe: rosa<br \/>\nNatur: Mischung aus Hanf (90%) und Holz (10%)<\/p>","protected":false},"featured_media":8466,"comment_status":"open","ping_status":"closed","template":"","meta":{"inline_featured_image":false},"product_brand":[204],"product_cat":[196,61],"product_tag":[217,218],"class_list":{"0":"post-8465","1":"product","2":"type-product","3":"status-publish","4":"has-post-thumbnail","6":"product_brand-flamez","7":"product_cat-feuilles-a-rouler","8":"product_cat-accessoires","9":"product_tag-feuilles","10":"product_tag-filtres","12":"first","13":"outofstock","14":"taxable","15":"shipping-taxable","16":"purchasable","17":"product-type-simple"},"jetpack_sharing_enabled":true,"_links":{"self":[{"href":"https:\/\/laverteshop.fr\/de\/wp-json\/wp\/v2\/product\/8465","targetHints":{"allow":["GET"]}}],"collection":[{"href":"https:\/\/laverteshop.fr\/de\/wp-json\/wp\/v2\/product"}],"about":[{"href":"https:\/\/laverteshop.fr\/de\/wp-json\/wp\/v2\/types\/product"}],"replies":[{"embeddable":true,"href":"https:\/\/laverteshop.fr\/de\/wp-json\/wp\/v2\/comments?post=8465"}],"wp:featuredmedia":[{"embeddable":true,"href":"https:\/\/laverteshop.fr\/de\/wp-json\/wp\/v2\/media\/8466"}],"wp:attachment":[{"href":"https:\/\/laverteshop.fr\/de\/wp-json\/wp\/v2\/media?parent=8465"}],"wp:term":[{"taxonomy":"product_brand","embeddable":true,"href":"https:\/\/laverteshop.fr\/de\/wp-json\/wp\/v2\/product_brand?post=8465"},{"taxonomy":"product_cat","embeddable":true,"href":"https:\/\/laverteshop.fr\/de\/wp-json\/wp\/v2\/product_cat?post=8465"},{"taxonomy":"product_tag","embeddable":true,"href":"https:\/\/laverteshop.fr\/de\/wp-json\/wp\/v2\/product_tag?post=8465"}],"curies":[{"name":"wp","href":"https:\/\/api.w.org\/{rel}","templated":true}]}}