{"id":8460,"date":"2021-08-10T16:37:33","date_gmt":"2021-08-10T14:37:33","guid":{"rendered":"https:\/\/laverteshop.fr\/?post_type=product&#038;p=8460"},"modified":"2025-10-13T08:32:56","modified_gmt":"2025-10-13T06:32:56","slug":"filter-raw-wide-hemp-cotton-25mm","status":"publish","type":"product","link":"https:\/\/laverteshop.fr\/de\/product\/filter-raw-wide-hemp-cotton-25mm\/","title":{"rendered":"Filter Raw Wide Hemp Cotton 25mm"},"content":{"rendered":"<p>Raw a toujours fabriqu\u00e9 d&rsquo;excellents papiers sans produits chimiques ni agents de blanchiment. Aujourd&rsquo;hui, ils ont ajout\u00e9 des perforations \u00e0 cette merveilleuse capacit\u00e9 !<br \/>\nLes Raw Perforated Tips signifient que vous n&rsquo;avez plus d&rsquo;excuse pour rouler une cigarette de mauvaise qualit\u00e9. Les perforations peuvent \u00eatre repli\u00e9es pour cr\u00e9er une forme en \u00ab\u00a0z\u00a0\u00bb dans le cafetier. Cela ajoute au refroidissement de votre fum\u00e9e.<br \/>\nDie Mundst\u00fccke sind breiter als \u00fcbliche Mundst\u00fccke, was diese K\u00fchlung noch verst\u00e4rkt und sie ideal f\u00fcr sehr gro\u00dfe Zigaretten macht.<br \/>\nHergestellt aus nat\u00fcrlichen Hanf- und Baumwollfasern.<\/p>\n<p>Um Ihnen die bestm\u00f6gliche Verkostung zu gew\u00e4hrleisten, vertreiben wir nur Produkte von h\u00f6chster Qualit\u00e4t. Sie sind weltweit f\u00fcr ihre Struktur bekannt und vor allem aus Premium-Materialien und -Rohstoffen hergestellt.<\/p>\n<p>Auch die angewandten Preise sind f\u00fcr diese Art von Produkten sehr interessant, also z\u00f6gern Sie nicht l\u00e4nger und f\u00fcgen Sie sie Ihrer Bestellung hinzu!<\/p>","protected":false},"excerpt":{"rendered":"<p>Extrabreite Rohspitzen<br \/>\nPerforiert, um das Rollen zu erleichtern<br \/>\nGr\u00f6\u00dfe: 55x25mm<br \/>\n50 Spitzen pro Heft<\/p>\n<p>Z-f\u00f6rmig faltbar, um den Rauch noch besser zu filtern<\/p>","protected":false},"featured_media":8461,"comment_status":"open","ping_status":"closed","template":"","meta":{"inline_featured_image":false},"product_brand":[198],"product_cat":[197,61],"product_tag":[217,218],"class_list":{"0":"post-8460","1":"product","2":"type-product","3":"status-publish","4":"has-post-thumbnail","6":"product_brand-raw","7":"product_cat-filtres","8":"product_cat-accessoires","9":"product_tag-feuilles","10":"product_tag-filtres","12":"first","13":"instock","14":"taxable","15":"shipping-taxable","16":"purchasable","17":"product-type-simple"},"jetpack_sharing_enabled":true,"_links":{"self":[{"href":"https:\/\/laverteshop.fr\/de\/wp-json\/wp\/v2\/product\/8460","targetHints":{"allow":["GET"]}}],"collection":[{"href":"https:\/\/laverteshop.fr\/de\/wp-json\/wp\/v2\/product"}],"about":[{"href":"https:\/\/laverteshop.fr\/de\/wp-json\/wp\/v2\/types\/product"}],"replies":[{"embeddable":true,"href":"https:\/\/laverteshop.fr\/de\/wp-json\/wp\/v2\/comments?post=8460"}],"wp:featuredmedia":[{"embeddable":true,"href":"https:\/\/laverteshop.fr\/de\/wp-json\/wp\/v2\/media\/8461"}],"wp:attachment":[{"href":"https:\/\/laverteshop.fr\/de\/wp-json\/wp\/v2\/media?parent=8460"}],"wp:term":[{"taxonomy":"product_brand","embeddable":true,"href":"https:\/\/laverteshop.fr\/de\/wp-json\/wp\/v2\/product_brand?post=8460"},{"taxonomy":"product_cat","embeddable":true,"href":"https:\/\/laverteshop.fr\/de\/wp-json\/wp\/v2\/product_cat?post=8460"},{"taxonomy":"product_tag","embeddable":true,"href":"https:\/\/laverteshop.fr\/de\/wp-json\/wp\/v2\/product_tag?post=8460"}],"curies":[{"name":"wp","href":"https:\/\/api.w.org\/{rel}","templated":true}]}}