{"id":8393,"date":"2021-08-10T14:33:25","date_gmt":"2021-08-10T12:33:25","guid":{"rendered":"https:\/\/laverteshop.fr\/?post_type=product&#038;p=8393"},"modified":"2025-07-15T15:10:56","modified_gmt":"2025-07-15T13:10:56","slug":"smoking-thinnest-king-size-slim-filters","status":"publish","type":"product","link":"https:\/\/laverteshop.fr\/de\/product\/smoking-thinnest-king-size-slim-filters\/","title":{"rendered":"Smoking Thinnest King Size Slim + Filter"},"content":{"rendered":"<p>Die Bl\u00e4tter Smoking King Size Slim werden Sie zufrieden stellen. Ein Papier, das d\u00fcnner ist als die Originalversion und leicht undurchsichtig.<\/p>\n<p>Um Ihnen die bestm\u00f6gliche Verkostung zu gew\u00e4hrleisten, vertreiben wir nur Produkte von h\u00f6chster Qualit\u00e4t, die weltweit f\u00fcr ihre feine Struktur bekannt sind und vor allem aus Premium-Materialien und -Rohstoffen hergestellt werden.<\/p>\n<p>Auch die angewandten Preise sind f\u00fcr diese Art von Produkten sehr interessant, also z\u00f6gern Sie nicht l\u00e4nger und f\u00fcgen Sie sie Ihrer Bestellung hinzu!<\/p>","protected":false},"excerpt":{"rendered":"<p>Die Thinnest-Serie von Smoking bietet 20 % Bl\u00e4tter, die d\u00fcnner sind als die Smoking Deluxe Papers. Das Wasserzeichen ihrer Dinnerjackets sorgt daf\u00fcr, dass Ihre Handrollung gut, gleichm\u00e4\u00dfig und langsam abbrennt.<br \/>\nDiese Version wird sogar mit den Tipps geliefert, sodass Sie immer alles zur Hand haben.<\/p>\n<p>- Ma\u00dfe: 108 x 44 mm<br \/>\n- 33 Blatt + Filter pro Packung<br \/>\n- FSC-zertifiziertes Papier<br \/>\n- Reines Pflanzengummi<\/p>","protected":false},"featured_media":8394,"comment_status":"open","ping_status":"closed","template":"","meta":{"inline_featured_image":false},"product_brand":[200],"product_cat":[196,61],"product_tag":[217,218],"class_list":{"0":"post-8393","1":"product","2":"type-product","3":"status-publish","4":"has-post-thumbnail","6":"product_brand-smoking","7":"product_cat-feuilles-a-rouler","8":"product_cat-accessoires","9":"product_tag-feuilles","10":"product_tag-filtres","12":"first","13":"instock","14":"taxable","15":"shipping-taxable","16":"purchasable","17":"product-type-simple"},"jetpack_sharing_enabled":true,"_links":{"self":[{"href":"https:\/\/laverteshop.fr\/de\/wp-json\/wp\/v2\/product\/8393","targetHints":{"allow":["GET"]}}],"collection":[{"href":"https:\/\/laverteshop.fr\/de\/wp-json\/wp\/v2\/product"}],"about":[{"href":"https:\/\/laverteshop.fr\/de\/wp-json\/wp\/v2\/types\/product"}],"replies":[{"embeddable":true,"href":"https:\/\/laverteshop.fr\/de\/wp-json\/wp\/v2\/comments?post=8393"}],"wp:featuredmedia":[{"embeddable":true,"href":"https:\/\/laverteshop.fr\/de\/wp-json\/wp\/v2\/media\/8394"}],"wp:attachment":[{"href":"https:\/\/laverteshop.fr\/de\/wp-json\/wp\/v2\/media?parent=8393"}],"wp:term":[{"taxonomy":"product_brand","embeddable":true,"href":"https:\/\/laverteshop.fr\/de\/wp-json\/wp\/v2\/product_brand?post=8393"},{"taxonomy":"product_cat","embeddable":true,"href":"https:\/\/laverteshop.fr\/de\/wp-json\/wp\/v2\/product_cat?post=8393"},{"taxonomy":"product_tag","embeddable":true,"href":"https:\/\/laverteshop.fr\/de\/wp-json\/wp\/v2\/product_tag?post=8393"}],"curies":[{"name":"wp","href":"https:\/\/api.w.org\/{rel}","templated":true}]}}