{"id":8388,"date":"2021-08-10T14:11:27","date_gmt":"2021-08-10T12:11:27","guid":{"rendered":"https:\/\/laverteshop.fr\/?post_type=product&#038;p=8388"},"modified":"2025-07-15T15:10:58","modified_gmt":"2025-07-15T13:10:58","slug":"blatter-a-roll-rips-organic-rolls-4m","status":"publish","type":"product","link":"https:\/\/laverteshop.fr\/de\/product\/blatter-a-roll-rips-organic-rolls-4m\/","title":{"rendered":"Bl\u00e4tter zum Zusammenrollen | Rips Organic Rolls 5m"},"content":{"rendered":"<p>Diese Organic Rolls RIPS werden aus 100% organischen Materialien hergestellt.<\/p>\n<p>Um Ihnen eine der bestm\u00f6glichen Verkostungen zu gew\u00e4hrleisten, vertreiben wir nur Produkte von h\u00f6chster Qualit\u00e4t. Sie sind weltweit f\u00fcr ihre feine Struktur bekannt und vor allem aus Premium-Materialien und -Rohstoffen hergestellt.<\/p>\n<p>Auch die angewandten Preise sind f\u00fcr diese Art von Produkten sehr interessant, also z\u00f6gern Sie nicht l\u00e4nger und f\u00fcgen Sie sie Ihrer Bestellung hinzu!<\/p>","protected":false},"excerpt":{"rendered":"<p>Diese Rolling Paper Rolls sind von hoher Qualit\u00e4t und zu einem g\u00fcnstigen Preis erh\u00e4ltlich. Perfekt f\u00fcr Kenner.<\/p>\n<p>Geschmack: Nat\u00fcrlich<\/p>\n<p>Breite: 44mm<\/p>\n<p>L\u00e4nge: 5m<\/p>","protected":false},"featured_media":8390,"comment_status":"open","ping_status":"closed","template":"","meta":{"inline_featured_image":false},"product_brand":[199],"product_cat":[196,61],"product_tag":[217,218],"class_list":{"0":"post-8388","1":"product","2":"type-product","3":"status-publish","4":"has-post-thumbnail","6":"product_brand-rips","7":"product_cat-feuilles-a-rouler","8":"product_cat-accessoires","9":"product_tag-feuilles","10":"product_tag-filtres","12":"first","13":"outofstock","14":"taxable","15":"shipping-taxable","16":"purchasable","17":"product-type-simple"},"jetpack_sharing_enabled":true,"_links":{"self":[{"href":"https:\/\/laverteshop.fr\/de\/wp-json\/wp\/v2\/product\/8388","targetHints":{"allow":["GET"]}}],"collection":[{"href":"https:\/\/laverteshop.fr\/de\/wp-json\/wp\/v2\/product"}],"about":[{"href":"https:\/\/laverteshop.fr\/de\/wp-json\/wp\/v2\/types\/product"}],"replies":[{"embeddable":true,"href":"https:\/\/laverteshop.fr\/de\/wp-json\/wp\/v2\/comments?post=8388"}],"wp:featuredmedia":[{"embeddable":true,"href":"https:\/\/laverteshop.fr\/de\/wp-json\/wp\/v2\/media\/8390"}],"wp:attachment":[{"href":"https:\/\/laverteshop.fr\/de\/wp-json\/wp\/v2\/media?parent=8388"}],"wp:term":[{"taxonomy":"product_brand","embeddable":true,"href":"https:\/\/laverteshop.fr\/de\/wp-json\/wp\/v2\/product_brand?post=8388"},{"taxonomy":"product_cat","embeddable":true,"href":"https:\/\/laverteshop.fr\/de\/wp-json\/wp\/v2\/product_cat?post=8388"},{"taxonomy":"product_tag","embeddable":true,"href":"https:\/\/laverteshop.fr\/de\/wp-json\/wp\/v2\/product_tag?post=8388"}],"curies":[{"name":"wp","href":"https:\/\/api.w.org\/{rel}","templated":true}]}}