{"id":8386,"date":"2021-08-10T13:55:54","date_gmt":"2021-08-10T11:55:54","guid":{"rendered":"https:\/\/laverteshop.fr\/?post_type=product&#038;p=8386"},"modified":"2025-07-15T15:10:59","modified_gmt":"2025-07-15T13:10:59","slug":"blatter-zum-rollen-raw-papers-rolls-3m","status":"publish","type":"product","link":"https:\/\/laverteshop.fr\/de\/product\/blatter-zum-rollen-raw-papers-rolls-3m\/","title":{"rendered":"Rolling Papers | Raw Papers Rolls 3m"},"content":{"rendered":"<p>Raw Rolls X 1 Rollpapier Mit dem Raw Rolls-Papier kannst du die Gr\u00f6\u00dfe deiner Zigarette selbst bestimmen! Ob ultrakurz oder superlang, rollen Sie nach Lust und Laune.<\/p>\n<ul>\n<li>\u00a0Ungebleichtes organisches Papier, leicht raffiniert<\/li>\n<li>\u00a0Extra d\u00fcnn und durchscheinend<\/li>\n<li>\u00a0Strumpfhose auf Zuckerbasis<\/li>\n<li>\u00a0Ohne Zusatzstoffe, reine organische Fasern<\/li>\n<li>\u00a0L\u00e4nge des Blattes: 3 Meter<\/li>\n<li>\u00a0Breite des Blattes: 5.3 cm<\/li>\n<\/ul>\n<p>Um Ihnen die bestm\u00f6gliche Verkostung zu gew\u00e4hrleisten, vertreiben wir nur Produkte von h\u00f6chster Qualit\u00e4t, die weltweit f\u00fcr ihre feine Struktur bekannt sind und vor allem aus Premium-Materialien und -Rohstoffen hergestellt werden.<\/p>\n<p>Auch die angewandten Preise sind f\u00fcr diese Art von Produkten sehr interessant, also z\u00f6gern Sie nicht l\u00e4nger und f\u00fcgen Sie sie Ihrer Bestellung hinzu!<\/p>","protected":false},"excerpt":{"rendered":"<p>Raw Rolls X 1 Rollpapier Mit dem Raw Rolls-Papier kannst du die Gr\u00f6\u00dfe deiner Zigarette selbst bestimmen! Ob ultrakurz oder superlang, rollen Sie nach Lust und Laune.<\/p>\n<ul>\n<li>\u00a0Ungebleichtes organisches Papier, leicht raffiniert<\/li>\n<li>\u00a0Extra d\u00fcnn und durchscheinend<\/li>\n<li>\u00a0Strumpfhose auf Zuckerbasis<\/li>\n<li>\u00a0Ohne Zusatzstoffe, reine organische Fasern<\/li>\n<li>\u00a0L\u00e4nge des Blattes: 3 Meter<\/li>\n<li>\u00a0Breite des Blattes: 5.3 cm<\/li>\n<\/ul>\n<p>&nbsp;<\/p>","protected":false},"featured_media":8387,"comment_status":"open","ping_status":"closed","template":"","meta":{"inline_featured_image":false},"product_brand":[198],"product_cat":[61,196],"product_tag":[217,218],"class_list":{"0":"post-8386","1":"product","2":"type-product","3":"status-publish","4":"has-post-thumbnail","6":"product_brand-raw","7":"product_cat-accessoires","8":"product_cat-feuilles-a-rouler","9":"product_tag-feuilles","10":"product_tag-filtres","12":"first","13":"outofstock","14":"taxable","15":"shipping-taxable","16":"purchasable","17":"product-type-simple"},"jetpack_sharing_enabled":true,"_links":{"self":[{"href":"https:\/\/laverteshop.fr\/de\/wp-json\/wp\/v2\/product\/8386","targetHints":{"allow":["GET"]}}],"collection":[{"href":"https:\/\/laverteshop.fr\/de\/wp-json\/wp\/v2\/product"}],"about":[{"href":"https:\/\/laverteshop.fr\/de\/wp-json\/wp\/v2\/types\/product"}],"replies":[{"embeddable":true,"href":"https:\/\/laverteshop.fr\/de\/wp-json\/wp\/v2\/comments?post=8386"}],"wp:featuredmedia":[{"embeddable":true,"href":"https:\/\/laverteshop.fr\/de\/wp-json\/wp\/v2\/media\/8387"}],"wp:attachment":[{"href":"https:\/\/laverteshop.fr\/de\/wp-json\/wp\/v2\/media?parent=8386"}],"wp:term":[{"taxonomy":"product_brand","embeddable":true,"href":"https:\/\/laverteshop.fr\/de\/wp-json\/wp\/v2\/product_brand?post=8386"},{"taxonomy":"product_cat","embeddable":true,"href":"https:\/\/laverteshop.fr\/de\/wp-json\/wp\/v2\/product_cat?post=8386"},{"taxonomy":"product_tag","embeddable":true,"href":"https:\/\/laverteshop.fr\/de\/wp-json\/wp\/v2\/product_tag?post=8386"}],"curies":[{"name":"wp","href":"https:\/\/api.w.org\/{rel}","templated":true}]}}