{"id":8376,"date":"2021-08-10T12:00:56","date_gmt":"2021-08-10T10:00:56","guid":{"rendered":"https:\/\/laverteshop.fr\/?post_type=product&#038;p=8376"},"modified":"2026-02-27T12:27:30","modified_gmt":"2026-02-27T11:27:30","slug":"raw-king-size-slim","status":"publish","type":"product","link":"https:\/\/laverteshop.fr\/de\/product\/raw-king-size-slim\/","title":{"rendered":"Raw King Size Slim"},"content":{"rendered":"<p>Um Ihnen eine der bestm\u00f6glichen Verkostungen zu gew\u00e4hrleisten, vermarkten wir nur Produkte von ausgezeichneter Qualit\u00e4t.<\/p>\n<p>Weltweit bekannt f\u00fcr ihre feine Struktur, und vor allem, die aus Premium-Materialien und -Rohstoffen hergestellt werden.<\/p>\n<p>Auch die angewandten Preise sind f\u00fcr diese Art von Produkten sehr interessant, also z\u00f6gern Sie nicht l\u00e4nger und f\u00fcgen Sie sie Ihrer Bestellung hinzu!<\/p>","protected":false},"excerpt":{"rendered":"<p>Die Rolling Papers der Marke RAW stehen Ihnen jetzt zur Verf\u00fcgung. Ein d\u00fcnnes Papier, das Ihnen eine qualitativ hochwertige Verkostung garantiert.<\/p>\n<ul>\n<li>32 Blatt pro Packung<\/li>\n<\/ul>","protected":false},"featured_media":8377,"comment_status":"open","ping_status":"closed","template":"","meta":{"inline_featured_image":false},"product_brand":[198],"product_cat":[196],"product_tag":[217,218],"class_list":{"0":"post-8376","1":"product","2":"type-product","3":"status-publish","4":"has-post-thumbnail","6":"product_brand-raw","7":"product_cat-feuilles-a-rouler","8":"product_tag-feuilles","9":"product_tag-filtres","11":"first","12":"instock","13":"taxable","14":"shipping-taxable","15":"purchasable","16":"product-type-simple"},"jetpack_sharing_enabled":true,"_links":{"self":[{"href":"https:\/\/laverteshop.fr\/de\/wp-json\/wp\/v2\/product\/8376","targetHints":{"allow":["GET"]}}],"collection":[{"href":"https:\/\/laverteshop.fr\/de\/wp-json\/wp\/v2\/product"}],"about":[{"href":"https:\/\/laverteshop.fr\/de\/wp-json\/wp\/v2\/types\/product"}],"replies":[{"embeddable":true,"href":"https:\/\/laverteshop.fr\/de\/wp-json\/wp\/v2\/comments?post=8376"}],"wp:featuredmedia":[{"embeddable":true,"href":"https:\/\/laverteshop.fr\/de\/wp-json\/wp\/v2\/media\/8377"}],"wp:attachment":[{"href":"https:\/\/laverteshop.fr\/de\/wp-json\/wp\/v2\/media?parent=8376"}],"wp:term":[{"taxonomy":"product_brand","embeddable":true,"href":"https:\/\/laverteshop.fr\/de\/wp-json\/wp\/v2\/product_brand?post=8376"},{"taxonomy":"product_cat","embeddable":true,"href":"https:\/\/laverteshop.fr\/de\/wp-json\/wp\/v2\/product_cat?post=8376"},{"taxonomy":"product_tag","embeddable":true,"href":"https:\/\/laverteshop.fr\/de\/wp-json\/wp\/v2\/product_tag?post=8376"}],"curies":[{"name":"wp","href":"https:\/\/api.w.org\/{rel}","templated":true}]}}