{"id":8371,"date":"2021-08-10T11:43:53","date_gmt":"2021-08-10T09:43:53","guid":{"rendered":"https:\/\/laverteshop.fr\/?post_type=product&#038;p=8371"},"modified":"2025-08-31T20:36:54","modified_gmt":"2025-08-31T18:36:54","slug":"raw-connoisseur-king-size-slim-filters","status":"publish","type":"product","link":"https:\/\/laverteshop.fr\/de\/product\/raw-connoisseur-king-size-slim-filters\/","title":{"rendered":"Raw Connoisseur King Size Slim + Filter"},"content":{"rendered":"<p>Les RAW King Size Slim + Filtres. 2 \u00e9l\u00e9ments indispensables combin\u00e9s en un seul paquet pour faciliter votre consommation. Les feuilles contiennent un m\u00e9lange hybride de fibres non blanchies (pas blanchies au chlore). Le papier est d&rsquo;une couleur naturelle translucide brun clair. Le RAW est si fin que vous pouvez voir \u00e0 travers. Chaque papier est muni du filigrane brevet\u00e9 CrissCross.<\/p>\n<p>Um Ihnen die bestm\u00f6gliche Verkostung zu gew\u00e4hrleisten, vertreiben wir nur Produkte von h\u00f6chster Qualit\u00e4t, die weltweit f\u00fcr ihre feine Struktur bekannt sind und vor allem aus Premium-Materialien und -Rohstoffen hergestellt werden.<\/p>\n<p>Auch die angewandten Preise sind f\u00fcr diese Art von Produkten sehr interessant, also z\u00f6gern Sie nicht l\u00e4nger und f\u00fcgen Sie sie Ihrer Bestellung hinzu!<\/p>","protected":false},"excerpt":{"rendered":"<p><strong>32 Blatt und 32 Filter pro Packung<\/strong><\/p>\n<p>Bl\u00e4tter und Filter in Kartons in einem Paket. Der RAW-Kenner vereint zwei wichtige Elemente f\u00fcr Ihren Konsum in einem einzigen Design.<br \/>\nLes papiers RAW contiennent un m\u00e9lange hybride de fibres non blanchies (pas blanchies au chlore), le papier est d&rsquo;une couleur naturelle translucide brun clair. Le RAW est si fin que vous pouvez voir \u00e0 travers. Chaque papier est muni du filigrane brevet\u00e9 CrissCross. Ce filigrane sp\u00e9cial permet d&rsquo;\u00e9viter les coulures et de conserver les caract\u00e9ristiques de combustion r\u00e9guli\u00e8re qui ont fait notre r\u00e9putation.<br \/>\nRAW-Filter werden aus chlorfreiem 100%-Papier hergestellt.<\/p>","protected":false},"featured_media":8372,"comment_status":"open","ping_status":"closed","template":"","meta":{"inline_featured_image":false},"product_brand":[198],"product_cat":[196,61],"product_tag":[217,218],"class_list":{"0":"post-8371","1":"product","2":"type-product","3":"status-publish","4":"has-post-thumbnail","6":"product_brand-raw","7":"product_cat-feuilles-a-rouler","8":"product_cat-accessoires","9":"product_tag-feuilles","10":"product_tag-filtres","12":"first","13":"outofstock","14":"taxable","15":"shipping-taxable","16":"purchasable","17":"product-type-simple"},"jetpack_sharing_enabled":true,"_links":{"self":[{"href":"https:\/\/laverteshop.fr\/de\/wp-json\/wp\/v2\/product\/8371","targetHints":{"allow":["GET"]}}],"collection":[{"href":"https:\/\/laverteshop.fr\/de\/wp-json\/wp\/v2\/product"}],"about":[{"href":"https:\/\/laverteshop.fr\/de\/wp-json\/wp\/v2\/types\/product"}],"replies":[{"embeddable":true,"href":"https:\/\/laverteshop.fr\/de\/wp-json\/wp\/v2\/comments?post=8371"}],"wp:featuredmedia":[{"embeddable":true,"href":"https:\/\/laverteshop.fr\/de\/wp-json\/wp\/v2\/media\/8372"}],"wp:attachment":[{"href":"https:\/\/laverteshop.fr\/de\/wp-json\/wp\/v2\/media?parent=8371"}],"wp:term":[{"taxonomy":"product_brand","embeddable":true,"href":"https:\/\/laverteshop.fr\/de\/wp-json\/wp\/v2\/product_brand?post=8371"},{"taxonomy":"product_cat","embeddable":true,"href":"https:\/\/laverteshop.fr\/de\/wp-json\/wp\/v2\/product_cat?post=8371"},{"taxonomy":"product_tag","embeddable":true,"href":"https:\/\/laverteshop.fr\/de\/wp-json\/wp\/v2\/product_tag?post=8371"}],"curies":[{"name":"wp","href":"https:\/\/api.w.org\/{rel}","templated":true}]}}