{"id":7457,"date":"2021-05-31T10:46:03","date_gmt":"2021-05-31T08:46:03","guid":{"rendered":"https:\/\/laverteshop.fr\/?post_type=product&#038;p=7457"},"modified":"2025-10-15T19:04:26","modified_gmt":"2025-10-15T17:04:26","slug":"lemon-haze-pollen","status":"publish","type":"product","link":"https:\/\/laverteshop.fr\/de\/product\/lemon-haze-pollen\/","title":{"rendered":"Lemon Haze Pollen"},"content":{"rendered":"<p>Unsere Produkte sind mit dem Qualit\u00e4tszertifikat CBD Schweiz ausgezeichnet. Am wichtigsten ist uns, dass wir Ihnen Blumen und Pollen von ausgezeichnetem Wert zu erschwinglichen und akzeptablen Preisen und innerhalb der vom EuGH zugelassenen Werte (&lt;0,2% THC) liefern k\u00f6nnen.<\/p>\n<p>Was k\u00f6nnen Sie mit diesen Produkten machen? Entspannende Tees, um Ihren Schlaf zu verbessern, Potpourris, um Ihr Zuhause mit einem nat\u00fcrlichen Geruch zu durchtr\u00e4nken, oder Sie k\u00f6nnen sie in Ihrem Essen verwenden, wenn Sie m\u00f6chten (Salate, So\u00dfen, Dressings).<\/p>\n<p><strong>WICHTIGER HINWEIS :<\/strong> Nos r\u00e9sines et hash sont pr\u00e9par\u00e9s dans des laboratoires certifi\u00e9s, avec des proc\u00e9d\u00e9s et techniques qui appartiennent seulement aux producteurs avec qui nous travaillons. La texture et l&rsquo;odeur des produits peuvent donc changer d&rsquo;une r\u00e9colte \u00e0 une autre, d\u00e9pendant aussi de la fleur utilis\u00e9e. Si vous avez un probl\u00e8me avec un produit, contactez nous \u00e0 <a href=\"mailto:contact@laverteshop.fr\">contact@laverteshop.fr<\/a> und wir werden eine L\u00f6sung zu Ihrer Zufriedenheit finden. Vielen Dank f\u00fcr Ihr Verst\u00e4ndnis.<\/p>\n<p>Wir empfehlen Ihnen, Ihren Arzt um Rat zu fragen, der Folgendes tun kann <a href=\"https:\/\/laverteshop.fr\/de\/contact-us\/\">Sie beraten<\/a> die beste Verwendung f\u00fcr Ihre CBD.<\/p>\n<p><em>Es wird Ihnen auch gefallen:<\/em><br \/>\n<a href=\"https:\/\/laverteshop.fr\/de\/product\/swiss-cheese\/\">Swiss Cheese<\/a><\/p>","protected":false},"excerpt":{"rendered":"<p>Unser Lemon Haze Pollen besteht aus hochwertigen, kaltgepressten CBD-Trichomen von CBD-St\u00e4mmen, die in der Schweiz biologisch angebaut werden.<\/p>\n<p>dieses Hash hat einen sehr s\u00fc\u00dfen Geschmack von <a href=\"https:\/\/laverteshop.fr\/de\/product\/lemon-tonic\/\">Zitrone<\/a> vert et est parfait tout au long de la journ\u00e9e. Vous pouvez facilement le saupoudrer et l&rsquo;utiliser pour toute sorte de recette sp\u00e9ciale ou le m\u00e9langer avec l&rsquo;une de nos fleurs CBD.<\/p>\n<table style=\"border-collapse: collapse; width: 192px; height: 205px;\" border=\"1\">\n<tbody>\n<tr>\n<td style=\"width: 50%; text-align: center;\"><strong>THC<\/strong><\/td>\n<td style=\"width: 50%; text-align: center;\"><strong>0.15%<\/strong><\/td>\n<\/tr>\n<tr>\n<td style=\"width: 50%; text-align: center;\"><strong>CBD<\/strong><\/td>\n<td style=\"width: 50%; text-align: center;\"><strong>22%<\/strong><\/td>\n<\/tr>\n<tr>\n<td style=\"width: 50%; text-align: center;\"><strong>CBG<\/strong><\/td>\n<td style=\"width: 50%; text-align: center;\"><strong>0.13%<\/strong><\/td>\n<\/tr>\n<tr>\n<td style=\"width: 50%; text-align: center;\"><b>Kultur<\/b><\/td>\n<td style=\"width: 50%; text-align: center;\"><strong>indoor<\/strong><\/td>\n<\/tr>\n<\/tbody>\n<\/table>","protected":false},"featured_media":14892,"comment_status":"open","ping_status":"closed","template":"","meta":{"inline_featured_image":false},"product_brand":[75],"product_cat":[59],"product_tag":[76],"class_list":{"0":"post-7457","1":"product","2":"type-product","3":"status-publish","4":"has-post-thumbnail","6":"product_brand-la-verte","7":"product_cat-pollens","8":"product_tag-indoor","10":"first","11":"instock","12":"sale","13":"taxable","14":"shipping-taxable","15":"purchasable","16":"product-type-variable","17":"has-default-attributes"},"jetpack_sharing_enabled":true,"_links":{"self":[{"href":"https:\/\/laverteshop.fr\/de\/wp-json\/wp\/v2\/product\/7457","targetHints":{"allow":["GET"]}}],"collection":[{"href":"https:\/\/laverteshop.fr\/de\/wp-json\/wp\/v2\/product"}],"about":[{"href":"https:\/\/laverteshop.fr\/de\/wp-json\/wp\/v2\/types\/product"}],"replies":[{"embeddable":true,"href":"https:\/\/laverteshop.fr\/de\/wp-json\/wp\/v2\/comments?post=7457"}],"wp:featuredmedia":[{"embeddable":true,"href":"https:\/\/laverteshop.fr\/de\/wp-json\/wp\/v2\/media\/14892"}],"wp:attachment":[{"href":"https:\/\/laverteshop.fr\/de\/wp-json\/wp\/v2\/media?parent=7457"}],"wp:term":[{"taxonomy":"product_brand","embeddable":true,"href":"https:\/\/laverteshop.fr\/de\/wp-json\/wp\/v2\/product_brand?post=7457"},{"taxonomy":"product_cat","embeddable":true,"href":"https:\/\/laverteshop.fr\/de\/wp-json\/wp\/v2\/product_cat?post=7457"},{"taxonomy":"product_tag","embeddable":true,"href":"https:\/\/laverteshop.fr\/de\/wp-json\/wp\/v2\/product_tag?post=7457"}],"curies":[{"name":"wp","href":"https:\/\/api.w.org\/{rel}","templated":true}]}}