{"id":20477,"date":"2025-10-23T15:25:41","date_gmt":"2025-10-23T13:25:41","guid":{"rendered":"https:\/\/laverteshop.fr\/?post_type=product&#038;p=20477"},"modified":"2026-04-06T12:09:00","modified_gmt":"2026-04-06T10:09:00","slug":"cali-bud-indoor-medium","status":"publish","type":"product","link":"https:\/\/laverteshop.fr\/de\/product\/cali-bud-indoor-medium\/","title":{"rendered":"Cali Bud indoor medium"},"content":{"rendered":"<p>Nouvelle small bud top qualit\u00e9 ! Nous sommes ravis de vous pr\u00e9senter la Cali Bud indoor medium. Cette fleur magnifique, d&rsquo;un vert clair et avec de jolis reflets blanc, vous envo\u00fbtera par ses notes sucr\u00e9es et bois\u00e9es.<\/p>\n<p>Issue d&rsquo;une culture indoor, cette vari\u00e9t\u00e9 est un croisement de la g\u00e9n\u00e9tique Gelato et Amnesia, qui sont 2 des vari\u00e9t\u00e9s les plus demand\u00e9es en CBD. Les conditions parfaites de sa culture (temp\u00e9rature, humidit\u00e9, luminosit\u00e9) en font une vari\u00e9t\u00e9 \u00e0 ne pas rater. Des buds de taille moyenne, tr\u00e8s compactes et claire. Lors de l&rsquo;ouverture du sachet, vous sentirez toutes ses saveurs sucr\u00e9es.<\/p>\n<p>Une de nos meilleurs small buds, qui vous plaira a coup s\u00fbr !<\/p>\n<p>Am wichtigsten ist uns, dass wir Ihnen Blumen und Harze von ausgezeichnetem Wert zu erschwinglichen und akzeptablen Preisen und unter Einhaltung der vom EuGH zugelassenen Werte (&lt;0,3% THC) liefern k\u00f6nnen.<\/p>\n<p>Was k\u00f6nnen Sie mit diesen Produkten machen? Entspannende Tees, um Ihren Schlaf zu verbessern, Potpourris, um Ihr Zuhause mit einem nat\u00fcrlichen Geruch zu durchtr\u00e4nken, oder Sie k\u00f6nnen sie in Ihrem Essen verwenden, wenn Sie m\u00f6chten (Salate, So\u00dfen, Dressings).<\/p>\n<p>Wir empfehlen Ihnen, die Meinung Ihres Arztes einzuholen, der Ihnen die beste Verwendung f\u00fcr Ihr CBD empfehlen kann.<\/p>\n<p>&nbsp;<\/p>\n<p>&nbsp;<\/p>\n<p>&nbsp;<\/p>\n<h6><\/h6>","protected":false},"excerpt":{"rendered":"<p>Cette Cali Bud indoor medium provient d&rsquo;une culture en int\u00e9rieur, et est \u00e9labor\u00e9e par des producteurs passionn\u00e9s et investis, pour assurer la plus haute qualit\u00e9 possible.<\/p>\n<p>De splendides t\u00eates de taille moyenne, une couleur claire, remplie de trichomes blancs qui nous montre une fleur tr\u00e8s pollinis\u00e9e. Une odeur sucr\u00e9e et bois\u00e9e se d\u00e9gage lors de l&rsquo;ouverture du sachet ainsi que lors de la consommation. La Cali Bud indoor medium a tout pour vous plaire, si vous \u00eates amateurs de mini buds \u00e0 bon prix et excellente qualit\u00e9.<\/p>\n<p>A tester rapidement !<\/p>\n<ul>\n<li>Herkunft: Schweiz<\/li>\n<li>Vari\u00e9t\u00e9 : Skunk<\/li>\n<\/ul>\n<table style=\"border-collapse: collapse; width: 192px; height: 205px;\" border=\"1\">\n<tbody>\n<tr>\n<td style=\"width: 50%; text-align: center;\"><strong>THC<\/strong><\/td>\n<td style=\"width: 50%; text-align: center;\"><strong>0.28 %<\/strong><\/td>\n<\/tr>\n<tr>\n<td style=\"width: 50%; text-align: center;\"><strong>CBD<\/strong><\/td>\n<td style=\"width: 50%; text-align: center;\"><strong>19 %<\/strong><\/td>\n<\/tr>\n<tr>\n<td style=\"width: 50%; text-align: center;\"><strong>CBG<\/strong><\/td>\n<td style=\"width: 50%; text-align: center;\"><strong>n.n<\/strong><\/td>\n<\/tr>\n<tr>\n<td style=\"width: 50%; text-align: center;\"><b>Kultur<\/b><\/td>\n<td style=\"width: 50%; text-align: center;\"><strong>Indoor<\/strong><\/td>\n<\/tr>\n<\/tbody>\n<\/table>","protected":false},"featured_media":20486,"comment_status":"open","ping_status":"closed","template":"","meta":{"inline_featured_image":false},"product_brand":[75],"product_cat":[58,253,258],"product_tag":[220,76,252],"class_list":{"0":"post-20477","1":"product","2":"type-product","3":"status-publish","4":"has-post-thumbnail","6":"product_brand-la-verte","7":"product_cat-fleurs","8":"product_cat-indoor","9":"product_cat-trim-minibuds-cbd","10":"product_tag-fleurs-cbd","11":"product_tag-indoor","12":"product_tag-mini-buds","14":"first","15":"instock","16":"taxable","17":"shipping-taxable","18":"purchasable","19":"product-type-variable"},"jetpack_sharing_enabled":true,"_links":{"self":[{"href":"https:\/\/laverteshop.fr\/de\/wp-json\/wp\/v2\/product\/20477","targetHints":{"allow":["GET"]}}],"collection":[{"href":"https:\/\/laverteshop.fr\/de\/wp-json\/wp\/v2\/product"}],"about":[{"href":"https:\/\/laverteshop.fr\/de\/wp-json\/wp\/v2\/types\/product"}],"replies":[{"embeddable":true,"href":"https:\/\/laverteshop.fr\/de\/wp-json\/wp\/v2\/comments?post=20477"}],"wp:featuredmedia":[{"embeddable":true,"href":"https:\/\/laverteshop.fr\/de\/wp-json\/wp\/v2\/media\/20486"}],"wp:attachment":[{"href":"https:\/\/laverteshop.fr\/de\/wp-json\/wp\/v2\/media?parent=20477"}],"wp:term":[{"taxonomy":"product_brand","embeddable":true,"href":"https:\/\/laverteshop.fr\/de\/wp-json\/wp\/v2\/product_brand?post=20477"},{"taxonomy":"product_cat","embeddable":true,"href":"https:\/\/laverteshop.fr\/de\/wp-json\/wp\/v2\/product_cat?post=20477"},{"taxonomy":"product_tag","embeddable":true,"href":"https:\/\/laverteshop.fr\/de\/wp-json\/wp\/v2\/product_tag?post=20477"}],"curies":[{"name":"wp","href":"https:\/\/api.w.org\/{rel}","templated":true}]}}