{"id":19856,"date":"2025-05-16T16:12:20","date_gmt":"2025-05-16T14:12:20","guid":{"rendered":"https:\/\/laverteshop.fr\/?post_type=product&#038;p=19856"},"modified":"2026-04-12T12:04:02","modified_gmt":"2026-04-12T10:04:02","slug":"beldia-original-cbd","status":"publish","type":"product","link":"https:\/\/laverteshop.fr\/de\/product\/beldia-original-cbd\/","title":{"rendered":"Beldia Original CBD"},"content":{"rendered":"<p>ALERTE P\u00c9PITE ! Le Beldia Original CBD est un hash Marocain a 100% ! Fait dans les montagnes du RIF, \u00e0 partir de fleurs indoors. Le pollen est extrait gr\u00e2ce \u00e0 un tamis de 180 microns, ce qui assure une qualit\u00e9 rare et exceptionnelle sur ce produit.<\/p>\n<p>Une belle odeur florale, une texture parfaite, pas collante. Inutile de le chauffer pour l&rsquo;\u00e9ffriter, il s&rsquo;\u00e9ffrite tout seul, mais est tout de m\u00eame compact. Clairement un produit d&rsquo;exception, qui est semblable en tout point au vrai hash marocain, sans les effets psychotropes. Un taux de CBD de 30% qui assure tout de m\u00eame une bonne d\u00e9tente. Alors, avis aux amateurs, ne ratez pas ce produit de qualit\u00e9 sup\u00e9rieure !<\/p>\n<p>Unsere Produkte sind mit dem Schweizer CBD-Qualit\u00e4tssiegel zertifiziert. Am wichtigsten ist uns, dass wir Ihnen Bl\u00fcten und Harze von ausgezeichnetem Wert zu erschwinglichen und akzeptablen Preisen und unter Einhaltung der vom EuGH zugelassenen Werte (&lt;0,3% THC) liefern k\u00f6nnen.<\/p>\n<p>Was k\u00f6nnen Sie mit diesen Produkten machen? Entspannende Tees, um Ihren Schlaf zu verbessern, Potpourris, um Ihr Zuhause mit einem nat\u00fcrlichen Geruch zu durchtr\u00e4nken, oder Sie k\u00f6nnen sie in Ihrem Essen verwenden, wenn Sie m\u00f6chten (Salate, So\u00dfen, Dressings).<\/p>\n<p><strong>WICHTIGER HINWEIS :<\/strong> Nos r\u00e9sines et hash sont pr\u00e9par\u00e9s dans des laboratoires certifi\u00e9s, avec des proc\u00e9d\u00e9s et techniques qui appartiennent seulement aux producteurs avec qui nous travaillons. La texture et l&rsquo;odeur des produits peuvent donc changer d&rsquo;une r\u00e9colte \u00e0 une autre, d\u00e9pendant aussi de la fleur utilis\u00e9e. Si vous avez un probl\u00e8me avec un produit, contactez nous \u00e0 <a href=\"mailto:contact@laverteshop.fr\">contact@laverteshop.fr<\/a> und wir werden eine L\u00f6sung zu Ihrer Zufriedenheit finden. Vielen Dank f\u00fcr Ihr Verst\u00e4ndnis.<\/p>\n<p>Wir empfehlen Ihnen, die Meinung Ihres Arztes einzuholen, der Ihnen die beste Verwendung f\u00fcr Ihr CBD empfehlen kann.<\/p>","protected":false},"excerpt":{"rendered":"<p>ALERTE P\u00c9PITE ! Ce Beldia Original CBD est un vrai hash marocain \u00e0 100% ! Issu du pollen des fleurs du RIF, et tamis\u00e9 \u00e0 180 microns pour assurer une qualit\u00e9 exceptionnelle, ce produit est une vraie p\u00e9pite.<\/p>\n<p>Des odeurs florales, une texture parfaite, ou il n&rsquo;y a m\u00eame pas besoin de chauffer le hash pour l&rsquo;utiliser. Alors, avis \u00e0 tous nos amateurs des meilleurs hash, ce hash est tout simplement ce qui se rapproche le plus du \u00ab\u00a0vrai\u00a0\u00bb, mais sans les effets psychotropes. Une vraie trouvaille qui vous plaira sans aucun doute !<\/p>\n<ul>\n<li>Provenance : R\u00e9gion du RIF, Maroc<\/li>\n<li>Wirkung: entspannend<\/li>\n<\/ul>\n<table style=\"border-collapse: collapse; width: 192px; height: 205px;\" border=\"1\">\n<tbody>\n<tr>\n<td style=\"width: 50%; text-align: center;\"><strong>THC<\/strong><\/td>\n<td style=\"width: 50%; text-align: center;\"><strong>0.26 %<\/strong><\/td>\n<\/tr>\n<tr>\n<td style=\"width: 50%; text-align: center;\"><strong>CBD<\/strong><\/td>\n<td style=\"width: 50%; text-align: center;\"><strong>30 %<\/strong><\/td>\n<\/tr>\n<tr>\n<td style=\"width: 50%; text-align: center;\"><b>CBG<\/b><\/td>\n<td style=\"width: 50%; text-align: center;\"><strong>n.n<\/strong><\/td>\n<\/tr>\n<tr>\n<td style=\"width: 50%; text-align: center;\"><b>Tamisage<\/b><\/td>\n<td style=\"width: 50%; text-align: center;\"><strong>180 microns<\/strong><\/td>\n<\/tr>\n<\/tbody>\n<\/table>\n<p>&nbsp;<\/p>","protected":false},"featured_media":19861,"comment_status":"open","ping_status":"closed","template":"","meta":{"inline_featured_image":false},"product_brand":[75],"product_cat":[59],"product_tag":[244,230],"class_list":{"0":"post-19856","1":"product","2":"type-product","3":"status-publish","4":"has-post-thumbnail","6":"product_brand-la-verte","7":"product_cat-pollens","8":"product_tag-hash","9":"product_tag-resines","11":"first","12":"instock","13":"taxable","14":"shipping-taxable","15":"purchasable","16":"product-type-variable"},"jetpack_sharing_enabled":true,"_links":{"self":[{"href":"https:\/\/laverteshop.fr\/de\/wp-json\/wp\/v2\/product\/19856","targetHints":{"allow":["GET"]}}],"collection":[{"href":"https:\/\/laverteshop.fr\/de\/wp-json\/wp\/v2\/product"}],"about":[{"href":"https:\/\/laverteshop.fr\/de\/wp-json\/wp\/v2\/types\/product"}],"replies":[{"embeddable":true,"href":"https:\/\/laverteshop.fr\/de\/wp-json\/wp\/v2\/comments?post=19856"}],"wp:featuredmedia":[{"embeddable":true,"href":"https:\/\/laverteshop.fr\/de\/wp-json\/wp\/v2\/media\/19861"}],"wp:attachment":[{"href":"https:\/\/laverteshop.fr\/de\/wp-json\/wp\/v2\/media?parent=19856"}],"wp:term":[{"taxonomy":"product_brand","embeddable":true,"href":"https:\/\/laverteshop.fr\/de\/wp-json\/wp\/v2\/product_brand?post=19856"},{"taxonomy":"product_cat","embeddable":true,"href":"https:\/\/laverteshop.fr\/de\/wp-json\/wp\/v2\/product_cat?post=19856"},{"taxonomy":"product_tag","embeddable":true,"href":"https:\/\/laverteshop.fr\/de\/wp-json\/wp\/v2\/product_tag?post=19856"}],"curies":[{"name":"wp","href":"https:\/\/api.w.org\/{rel}","templated":true}]}}