{"id":19193,"date":"2025-01-17T15:49:17","date_gmt":"2025-01-17T14:49:17","guid":{"rendered":"https:\/\/laverteshop.fr\/?post_type=product&#038;p=19193"},"modified":"2025-12-29T22:05:17","modified_gmt":"2025-12-29T21:05:17","slug":"kiss-indoor-cbd","status":"publish","type":"product","link":"https:\/\/laverteshop.fr\/de\/product\/kiss-indoor-cbd\/","title":{"rendered":"Kiss Indoor CBD"},"content":{"rendered":"<p>Alerte nouveaut\u00e9 ! Top indoor qui vient s&rsquo;ajouter \u00e0 notre catalogue<\/p>\n<p>La Kiss indoor CBD est une magnifique fleur pr\u00e9sent\u00e9e sous forme de grosse t\u00eates compactes, et aux odeurs fruit\u00e9es bien pr\u00e9sentes. la Kiss se rapproche d&rsquo;une vari\u00e9t\u00e9 type Gelato, elle est donc l\u00e9g\u00e8rement sucr\u00e9e. Une couleur claire, et de jolis trichomes qui ressortent.<\/p>\n<p>Ein CBD-Gehalt von a 18%, der Ihnen eine nicht zu untersch\u00e4tzende Entspannung garantiert.<\/p>\n<p>Unsere Produkte sind mit dem Schweizer CBD-Qualit\u00e4tssiegel zertifiziert. Am wichtigsten ist uns, dass wir Ihnen Bl\u00fcten und Harze von ausgezeichnetem Wert zu erschwinglichen und akzeptablen Preisen und unter Einhaltung der vom EuGH zugelassenen Werte (&lt;0,3% THC) liefern k\u00f6nnen.<\/p>\n<p>Was k\u00f6nnen Sie mit diesen Produkten machen? Entspannende Tees, um Ihren Schlaf zu verbessern, Potpourris, um Ihr Zuhause mit einem nat\u00fcrlichen Geruch zu durchtr\u00e4nken, oder Sie k\u00f6nnen sie in Ihrem Essen verwenden, wenn Sie m\u00f6chten (Salate, So\u00dfen, Dressings).<\/p>\n<p>Wir empfehlen Ihnen, die Meinung Ihres Arztes einzuholen, der Ihnen die beste Verwendung f\u00fcr Ihr CBD empfehlen kann.<\/p>","protected":false},"excerpt":{"rendered":"<p>Neuheiten-Alarm Top-Qualit\u00e4t! Die Indoor Kiss wird Sie begeistern, wenn Sie eine charakterstarke Indoor-Blume m\u00f6gen. Bei der Indoor-Kultur sind alle Bedingungen f\u00fcr eine ausgezeichnete Bl\u00fcte gegeben (Licht, Feuchtigkeit, Temperatur).<\/p>\n<p>Elle est grosse, compacte, et des couleur claire. Lors de l&rsquo;ouverture du sachet, des notes sucr\u00e9es et fruit\u00e9es vous raviront.<\/p>\n<p>Und, wenn Ihnen unsere letzten Neuheiten gefallen haben, werden Sie sehen, dass die Qualit\u00e4t immer noch stimmt! Produkt, das Sie sich nicht entgehen lassen sollten!<\/p>\n<table style=\"border-collapse: collapse; width: 192px; height: 205px;\" border=\"1\">\n<tbody>\n<tr>\n<td style=\"width: 50%; text-align: center;\"><strong>THC<\/strong><\/td>\n<td style=\"width: 50%; text-align: center;\"><strong>0.24 %<\/strong><\/td>\n<\/tr>\n<tr>\n<td style=\"width: 50%; text-align: center;\"><b>CBD<\/b><\/td>\n<td style=\"width: 50%; text-align: center;\"><strong>18 %<\/strong><\/td>\n<\/tr>\n<tr>\n<td style=\"width: 50%; text-align: center;\"><b>CBG<\/b><\/td>\n<td style=\"width: 50%; text-align: center;\"><strong>n.n<\/strong><\/td>\n<\/tr>\n<tr>\n<td style=\"width: 50%; text-align: center;\"><b>Kultur<\/b><\/td>\n<td style=\"width: 50%; text-align: center;\"><strong>Indoor<\/strong><\/td>\n<\/tr>\n<\/tbody>\n<\/table>","protected":false},"featured_media":19197,"comment_status":"open","ping_status":"closed","template":"","meta":{"inline_featured_image":false},"product_brand":[75],"product_cat":[58,253],"product_tag":[220,299],"class_list":{"0":"post-19193","1":"product","2":"type-product","3":"status-publish","4":"has-post-thumbnail","6":"product_brand-la-verte","7":"product_cat-fleurs","8":"product_cat-indoor","9":"product_tag-fleurs-cbd","10":"product_tag-fleurs-indoor","12":"first","13":"instock","14":"taxable","15":"shipping-taxable","16":"purchasable","17":"product-type-variable"},"jetpack_sharing_enabled":true,"_links":{"self":[{"href":"https:\/\/laverteshop.fr\/de\/wp-json\/wp\/v2\/product\/19193","targetHints":{"allow":["GET"]}}],"collection":[{"href":"https:\/\/laverteshop.fr\/de\/wp-json\/wp\/v2\/product"}],"about":[{"href":"https:\/\/laverteshop.fr\/de\/wp-json\/wp\/v2\/types\/product"}],"replies":[{"embeddable":true,"href":"https:\/\/laverteshop.fr\/de\/wp-json\/wp\/v2\/comments?post=19193"}],"wp:featuredmedia":[{"embeddable":true,"href":"https:\/\/laverteshop.fr\/de\/wp-json\/wp\/v2\/media\/19197"}],"wp:attachment":[{"href":"https:\/\/laverteshop.fr\/de\/wp-json\/wp\/v2\/media?parent=19193"}],"wp:term":[{"taxonomy":"product_brand","embeddable":true,"href":"https:\/\/laverteshop.fr\/de\/wp-json\/wp\/v2\/product_brand?post=19193"},{"taxonomy":"product_cat","embeddable":true,"href":"https:\/\/laverteshop.fr\/de\/wp-json\/wp\/v2\/product_cat?post=19193"},{"taxonomy":"product_tag","embeddable":true,"href":"https:\/\/laverteshop.fr\/de\/wp-json\/wp\/v2\/product_tag?post=19193"}],"curies":[{"name":"wp","href":"https:\/\/api.w.org\/{rel}","templated":true}]}}