{"id":19182,"date":"2025-01-17T15:23:59","date_gmt":"2025-01-17T14:23:59","guid":{"rendered":"https:\/\/laverteshop.fr\/?post_type=product&#038;p=19182"},"modified":"2026-04-17T14:08:58","modified_gmt":"2026-04-17T12:08:58","slug":"black-widow-indoor-cpm","status":"publish","type":"product","link":"https:\/\/laverteshop.fr\/de\/product\/black-widow-indoor-cpm\/","title":{"rendered":"Black Widow indoor CPM"},"content":{"rendered":"<p>Neues molekulares Produkt!<\/p>\n<p>Qu&rsquo;est ce que le CPM ? Le CPM est un n\u00e9o cannabino\u00efde tout r\u00e9cent, et trouv\u00e9 par des chimistes qui travaillent depuis plusieurs ann\u00e9es sur les mol\u00e9cules de cannabis et de chanvre. Apr\u00e8s le HHC, le THCP, le H4CBD, le HHCPO, et le 10-OH-HHC, tous interdits, le CPM est LA SEULE MOL\u00c9CULE l\u00e9gale du march\u00e9, et qui donne un effet euphorisant lors de la consommation.<\/p>\n<p>Cette mol\u00e9cule vous relaxera davantage que le CBD normal, et vous procurera des effets euphorisants rapides et courts. C&rsquo;est clairement la meilleure alternative au THC possible.<\/p>\n<p>Cette Black Widow indoor CPM est une vari\u00e9t\u00e9 hybride, un m\u00e9lange des vari\u00e9t\u00e9s Purple et Black Mamba, cultiv\u00e9e en indoor, donc aux conditions optimales pour assurer une fleur d&rsquo;excellente qualit\u00e9, et ensuite infus\u00e9e dans le distillat CPM. Il en ressort une belle fleur, l\u00e9g\u00e8rement humide, et avec des odeurs l\u00e9g\u00e8rement bois\u00e9es. Un excellent produit.<\/p>\n<p>Ein dunkles Gr\u00fcn mit violetten Reflexen sorgt f\u00fcr eine kr\u00e4ftige Bl\u00fcte.<\/p>\n<p>Am wichtigsten ist uns, dass wir Ihnen Blumen und Harze von ausgezeichnetem Wert zu erschwinglichen und akzeptablen Preisen und unter Einhaltung der vom EuGH zugelassenen Werte (&lt;0,3% THC) liefern k\u00f6nnen.<\/p>\n<p>Was k\u00f6nnen Sie mit diesen Produkten machen? Entspannende Tees, um Ihren Schlaf zu verbessern, Potpourris, um Ihr Zuhause mit einem nat\u00fcrlichen Geruch zu durchtr\u00e4nken, oder Sie k\u00f6nnen sie in Ihrem Essen verwenden, wenn Sie m\u00f6chten (Salate, So\u00dfen, Dressings).<\/p>\n<p>Nous vous conseillons de consulter l\u2019avis votre m\u00e9decin, qui pourra vous conseiller le meilleur usage pour votre CBD. De plus, nous vous rappelons qu&rsquo;il est strictement interdit de consommer du CPM avant de conduire.<\/p>\n<p>&nbsp;<\/p>\n<p>&nbsp;<\/p>\n<p>&nbsp;<\/p>\n<h6><\/h6>","protected":false},"excerpt":{"rendered":"<p>La mol\u00e9cule CPM (voir d\u00e9tails ci dessous dans la description longue) vous relaxera davantage que le CBD normal, et vous procurera un \u00ab\u00a0high\u00a0\u00bb puissant et rapide. Mol\u00e9cule 100% l\u00e9gale<\/p>\n<p>Cette Black Widow indoor CPM est une vari\u00e9t\u00e9 hybride, un m\u00e9lange des vari\u00e9t\u00e9s Purple et Black Mamba, cultiv\u00e9e en indoor, donc aux conditions optimales pour assurer une fleur d&rsquo;excellente qualit\u00e9, et ensuite infus\u00e9e dans le distillat CPM. Des buds de grosse taille, une odeur plut\u00f4t bois\u00e9e, et un produit puissant qui plaira aux clients qui recherchent une alternative au THC<\/p>\n<p>Ein dunkles Gr\u00fcn mit violetten Reflexen. Eine Top-Blume, die Sie begeistern wird<\/p>\n<ul>\n<li>Herkunft: Schweiz<\/li>\n<li>Sorte: Purple - Black Mamba Hybride<\/li>\n<\/ul>\n<table style=\"border-collapse: collapse; width: 192px; height: 205px;\" border=\"1\">\n<tbody>\n<tr>\n<td style=\"width: 50%; text-align: center;\"><strong>THC<\/strong><\/td>\n<td style=\"width: 50%; text-align: center;\"><strong>0.23 %<\/strong><\/td>\n<\/tr>\n<tr>\n<td style=\"width: 50%; text-align: center;\"><strong>CBD<\/strong><\/td>\n<td style=\"width: 50%; text-align: center;\"><strong>19 %<\/strong><\/td>\n<\/tr>\n<tr>\n<td style=\"width: 50%; text-align: center;\"><strong>CPM<\/strong><\/td>\n<td style=\"width: 50%; text-align: center;\"><strong>10%<\/strong><\/td>\n<\/tr>\n<tr>\n<td style=\"width: 50%; text-align: center;\"><b>Kultur<\/b><\/td>\n<td style=\"width: 50%; text-align: center;\"><strong>Indoor Hybrid<\/strong><\/td>\n<\/tr>\n<\/tbody>\n<\/table>","protected":false},"featured_media":19188,"comment_status":"open","ping_status":"closed","template":"","meta":{"inline_featured_image":false},"product_brand":[75],"product_cat":[304,58,253],"product_tag":[303,220,76],"class_list":{"0":"post-19182","1":"product","2":"type-product","3":"status-publish","4":"has-post-thumbnail","6":"product_brand-la-verte","7":"product_cat-produits-puissants","8":"product_cat-fleurs","9":"product_cat-indoor","10":"product_tag-cpm","11":"product_tag-fleurs-cbd","12":"product_tag-indoor","14":"first","15":"instock","16":"taxable","17":"shipping-taxable","18":"purchasable","19":"product-type-variable"},"jetpack_sharing_enabled":true,"_links":{"self":[{"href":"https:\/\/laverteshop.fr\/de\/wp-json\/wp\/v2\/product\/19182","targetHints":{"allow":["GET"]}}],"collection":[{"href":"https:\/\/laverteshop.fr\/de\/wp-json\/wp\/v2\/product"}],"about":[{"href":"https:\/\/laverteshop.fr\/de\/wp-json\/wp\/v2\/types\/product"}],"replies":[{"embeddable":true,"href":"https:\/\/laverteshop.fr\/de\/wp-json\/wp\/v2\/comments?post=19182"}],"wp:featuredmedia":[{"embeddable":true,"href":"https:\/\/laverteshop.fr\/de\/wp-json\/wp\/v2\/media\/19188"}],"wp:attachment":[{"href":"https:\/\/laverteshop.fr\/de\/wp-json\/wp\/v2\/media?parent=19182"}],"wp:term":[{"taxonomy":"product_brand","embeddable":true,"href":"https:\/\/laverteshop.fr\/de\/wp-json\/wp\/v2\/product_brand?post=19182"},{"taxonomy":"product_cat","embeddable":true,"href":"https:\/\/laverteshop.fr\/de\/wp-json\/wp\/v2\/product_cat?post=19182"},{"taxonomy":"product_tag","embeddable":true,"href":"https:\/\/laverteshop.fr\/de\/wp-json\/wp\/v2\/product_tag?post=19182"}],"curies":[{"name":"wp","href":"https:\/\/api.w.org\/{rel}","templated":true}]}}