{"id":18831,"date":"2024-09-27T16:47:36","date_gmt":"2024-09-27T14:47:36","guid":{"rendered":"https:\/\/laverteshop.fr\/?post_type=product&#038;p=18831"},"modified":"2026-02-06T01:43:29","modified_gmt":"2026-02-06T00:43:29","slug":"diesel-greenhouse-t-p-12","status":"publish","type":"product","link":"https:\/\/laverteshop.fr\/de\/product\/diesel-greenhouse-t-p-12\/","title":{"rendered":"Gelato Indoor medium buds"},"content":{"rendered":"<p>Alarm f\u00fcr eine Neuheit! Zu einem erschwinglichen Preis wird Sie diese wundersch\u00f6ne Gelato Indoor medium buds begeistern.<\/p>\n<p>Fruit\u00e9e, compacte, ni trop humide ni trop s\u00e8che, parsem\u00e9e de pistils orang\u00e9s qui assure un go\u00fbt sucr\u00e9, c&rsquo;est un top produit. Pr\u00e9sent\u00e9 sous forme de fleurs de calibre moyen (de 1 \u00e0 2.5 cm), plut\u00f4t un vert puissant et pas trop clair. A partir de 2.6\u20ac par gramme, vous ne vous trompez pas ! Provenant d&rsquo;une culture indoor, qui assure des conditions parfaites de temp\u00e9rature, luminosit\u00e9 et humidit\u00e9. Donc vous serez face \u00e0 une fleur de superbe qualit\u00e9.<\/p>\n<p>Unsere Produkte sind mit dem Schweizer CBD-Qualit\u00e4tssiegel zertifiziert. Am wichtigsten ist uns, dass wir Ihnen Bl\u00fcten und Harze von ausgezeichnetem Wert zu erschwinglichen und akzeptablen Preisen und unter Einhaltung der vom EuGH zugelassenen Werte (&lt;0,3% THC) liefern k\u00f6nnen.<\/p>\n<p>Was k\u00f6nnen Sie mit diesen Produkten machen? Entspannende Tees, um Ihren Schlaf zu verbessern, Potpourris, um Ihr Zuhause mit einem nat\u00fcrlichen Geruch zu durchtr\u00e4nken, oder Sie k\u00f6nnen sie in Ihrem Essen verwenden, wenn Sie m\u00f6chten (Salate, So\u00dfen, Dressings).<\/p>\n<p>Wir empfehlen Ihnen, die Meinung Ihres Arztes einzuholen, der Ihnen die beste Verwendung f\u00fcr Ihr CBD empfehlen kann.<\/p>","protected":false},"excerpt":{"rendered":"<p>Alerte nouveaut\u00e9 \u00e0 petit prix ! La Gelato Indoor medium buds, comme son nom l&rsquo;indique est une fleur cultiv\u00e9e en int\u00e9rieur, aux conditions parfaites.<\/p>\n<p>Cela donne des fleurs d&rsquo;excellente qualit\u00e9. La vari\u00e9t\u00e9 Gelato est une vari\u00e9t\u00e9 plut\u00f4t fruit\u00e9e et sucr\u00e9e, vous retrouverez ses jolis pistils oranges. Les buds sont de taille moyenne \u00e0 grosse (de 1 \u00e0 3 cm). A partir de 2.5\u20ac le gramme, c&rsquo;est un rapport qualit\u00e9 prix imbattable !<\/p>\n<p>A l&rsquo;ouverture du sachet, vous serez surpris par la force de son odeur, et aurez rapidement envie de la consommer.<\/p>\n<p>Und, wenn Ihnen unsere letzten Neuheiten gefallen haben, werden Sie sehen, dass die Qualit\u00e4t immer noch stimmt! Produkt, das Sie sich nicht entgehen lassen sollten!<\/p>\n<table style=\"border-collapse: collapse; width: 192px; height: 205px;\" border=\"1\">\n<tbody>\n<tr>\n<td style=\"width: 50%; text-align: center;\"><strong>THC<\/strong><\/td>\n<td style=\"width: 50%; text-align: center;\"><strong>0.23 %<\/strong><\/td>\n<\/tr>\n<tr>\n<td style=\"width: 50%; text-align: center;\"><b>CBD<\/b><\/td>\n<td style=\"width: 50%; text-align: center;\"><strong>17 %<\/strong><\/td>\n<\/tr>\n<tr>\n<td style=\"width: 50%; text-align: center;\"><b>CBG<\/b><\/td>\n<td style=\"width: 50%; text-align: center;\"><strong>n.n<\/strong><\/td>\n<\/tr>\n<tr>\n<td style=\"width: 50%; text-align: center;\"><b>Kultur<\/b><\/td>\n<td style=\"width: 50%; text-align: center;\"><strong>Indoor<\/strong><\/td>\n<\/tr>\n<\/tbody>\n<\/table>","protected":false},"featured_media":18835,"comment_status":"open","ping_status":"closed","template":"","meta":{"inline_featured_image":false},"product_brand":[75],"product_cat":[58,253],"product_tag":[220,299],"class_list":{"0":"post-18831","1":"product","2":"type-product","3":"status-publish","4":"has-post-thumbnail","6":"product_brand-la-verte","7":"product_cat-fleurs","8":"product_cat-indoor","9":"product_tag-fleurs-cbd","10":"product_tag-fleurs-indoor","12":"first","13":"outofstock","14":"taxable","15":"shipping-taxable","16":"purchasable","17":"product-type-variable"},"jetpack_sharing_enabled":true,"_links":{"self":[{"href":"https:\/\/laverteshop.fr\/de\/wp-json\/wp\/v2\/product\/18831","targetHints":{"allow":["GET"]}}],"collection":[{"href":"https:\/\/laverteshop.fr\/de\/wp-json\/wp\/v2\/product"}],"about":[{"href":"https:\/\/laverteshop.fr\/de\/wp-json\/wp\/v2\/types\/product"}],"replies":[{"embeddable":true,"href":"https:\/\/laverteshop.fr\/de\/wp-json\/wp\/v2\/comments?post=18831"}],"wp:featuredmedia":[{"embeddable":true,"href":"https:\/\/laverteshop.fr\/de\/wp-json\/wp\/v2\/media\/18835"}],"wp:attachment":[{"href":"https:\/\/laverteshop.fr\/de\/wp-json\/wp\/v2\/media?parent=18831"}],"wp:term":[{"taxonomy":"product_brand","embeddable":true,"href":"https:\/\/laverteshop.fr\/de\/wp-json\/wp\/v2\/product_brand?post=18831"},{"taxonomy":"product_cat","embeddable":true,"href":"https:\/\/laverteshop.fr\/de\/wp-json\/wp\/v2\/product_cat?post=18831"},{"taxonomy":"product_tag","embeddable":true,"href":"https:\/\/laverteshop.fr\/de\/wp-json\/wp\/v2\/product_tag?post=18831"}],"curies":[{"name":"wp","href":"https:\/\/api.w.org\/{rel}","templated":true}]}}