{"id":18433,"date":"2024-07-23T16:35:22","date_gmt":"2024-07-23T14:35:22","guid":{"rendered":"https:\/\/laverteshop.fr\/?post_type=product&#038;p=18433"},"modified":"2025-07-15T15:51:53","modified_gmt":"2025-07-15T13:51:53","slug":"diesel-greenhouse-t-p-11","status":"publish","type":"product","link":"https:\/\/laverteshop.fr\/de\/product\/diesel-greenhouse-t-p-11\/","title":{"rendered":"Lemon Skunk Indoor"},"content":{"rendered":"<p>Keine Neumolek\u00fcle mehr? Kein Problem! Wir haben es uns zur Aufgabe gemacht, Ihnen das Beste von CBD Schweiz zu bieten<\/p>\n<p>Comme l&rsquo;\u00eendique son nom, la Lemon Skunk Indoor provient d&rsquo;une culture en int\u00e9rieur, qui garantit les meilleurs niveaux de temp\u00e9rature, luminosit\u00e9 et humidit\u00e9. Elle provient d&rsquo;un m\u00e9lange de 2 g\u00e9n\u00e9tiques \u00e0 fort caract\u00e8re terp\u00e9nique, la Lemon Haze et la Super Skunk. Cela vous offre donc une fleur tr\u00e8s citronn\u00e9e, mais \u00e9galement avec un arri\u00e8re go\u00fbt bois\u00e9 qui la rend particuli\u00e8re et attirante.<\/p>\n<p>Kompakte Bl\u00fcten voller wei\u00dfer, best\u00e4ubter Stempel und ein Duft, der allen Liebhabern von fruchtigen Lemon-Bl\u00fcten gefallen wird. Nicht zu \u00fcbersehen!<\/p>\n<p>Unsere Produkte sind mit dem Schweizer CBD-Qualit\u00e4tssiegel zertifiziert. Am wichtigsten ist uns, dass wir Ihnen Bl\u00fcten und Harze von ausgezeichnetem Wert zu erschwinglichen und akzeptablen Preisen und unter Einhaltung der vom EuGH zugelassenen Werte (&lt;0,3% THC) liefern k\u00f6nnen.<\/p>\n<p>Was k\u00f6nnen Sie mit diesen Produkten machen? Entspannende Tees, um Ihren Schlaf zu verbessern, Potpourris, um Ihr Zuhause mit einem nat\u00fcrlichen Geruch zu durchtr\u00e4nken, oder Sie k\u00f6nnen sie in Ihrem Essen verwenden, wenn Sie m\u00f6chten (Salate, So\u00dfen, Dressings).<\/p>\n<p>Wir empfehlen Ihnen, die Meinung Ihres Arztes einzuholen, der Ihnen die beste Verwendung f\u00fcr Ihr CBD empfehlen kann.<\/p>","protected":false},"excerpt":{"rendered":"<p>Pour pallier \u00e0 l&rsquo;interdiction des n\u00e9o mol\u00e9cules, nous avons d\u00e9cid\u00e9 de vous proposer le meilleur du CBD Suisse. Cette Lemon Skunk Indoor, comme l&rsquo;indique son nom, est un m\u00e9lange des g\u00e9n\u00e9tiques Lemon Haze et Super Skunk. Une culture en int\u00e9rieur, par des professionnels de la culture, qui assure une top qualit\u00e9.<\/p>\n<p>Diese Blume wird Sie mit ihren sehr pr\u00e4senten Zitronennoten und ihren gro\u00dfen K\u00f6pfen begeistern. Wenn du Zitronenbl\u00fcten magst, dann wirst du dich in diese neue Lemon Skunk Indoor verlieben. Ein CBD-Gehalt von 18%, der Ihnen gefallen wird.<\/p>\n<p>Und, wenn Ihnen unsere letzten Neuheiten gefallen haben, werden Sie feststellen, dass die Qualit\u00e4t immer noch hoch ist.<\/p>\n<table style=\"border-collapse: collapse; width: 192px; height: 205px;\" border=\"1\">\n<tbody>\n<tr>\n<td style=\"width: 50%; text-align: center;\"><strong>THC<\/strong><\/td>\n<td style=\"width: 50%; text-align: center;\"><strong>0.28 %<\/strong><\/td>\n<\/tr>\n<tr>\n<td style=\"width: 50%; text-align: center;\"><b>CBD<\/b><\/td>\n<td style=\"width: 50%; text-align: center;\"><strong>18 %<\/strong><\/td>\n<\/tr>\n<tr>\n<td style=\"width: 50%; text-align: center;\"><b>CBG<\/b><\/td>\n<td style=\"width: 50%; text-align: center;\"><strong>n.n<\/strong><\/td>\n<\/tr>\n<tr>\n<td style=\"width: 50%; text-align: center;\"><b>Kultur<\/b><\/td>\n<td style=\"width: 50%; text-align: center;\"><strong>Greenhouse<\/strong><\/td>\n<\/tr>\n<\/tbody>\n<\/table>","protected":false},"featured_media":18437,"comment_status":"open","ping_status":"closed","template":"","meta":{"inline_featured_image":false},"product_brand":[75],"product_cat":[58,253],"product_tag":[220,299],"class_list":{"0":"post-18433","1":"product","2":"type-product","3":"status-publish","4":"has-post-thumbnail","6":"product_brand-la-verte","7":"product_cat-fleurs","8":"product_cat-indoor","9":"product_tag-fleurs-cbd","10":"product_tag-fleurs-indoor","12":"first","13":"outofstock","14":"taxable","15":"shipping-taxable","16":"purchasable","17":"product-type-variable"},"jetpack_sharing_enabled":true,"_links":{"self":[{"href":"https:\/\/laverteshop.fr\/de\/wp-json\/wp\/v2\/product\/18433","targetHints":{"allow":["GET"]}}],"collection":[{"href":"https:\/\/laverteshop.fr\/de\/wp-json\/wp\/v2\/product"}],"about":[{"href":"https:\/\/laverteshop.fr\/de\/wp-json\/wp\/v2\/types\/product"}],"replies":[{"embeddable":true,"href":"https:\/\/laverteshop.fr\/de\/wp-json\/wp\/v2\/comments?post=18433"}],"wp:featuredmedia":[{"embeddable":true,"href":"https:\/\/laverteshop.fr\/de\/wp-json\/wp\/v2\/media\/18437"}],"wp:attachment":[{"href":"https:\/\/laverteshop.fr\/de\/wp-json\/wp\/v2\/media?parent=18433"}],"wp:term":[{"taxonomy":"product_brand","embeddable":true,"href":"https:\/\/laverteshop.fr\/de\/wp-json\/wp\/v2\/product_brand?post=18433"},{"taxonomy":"product_cat","embeddable":true,"href":"https:\/\/laverteshop.fr\/de\/wp-json\/wp\/v2\/product_cat?post=18433"},{"taxonomy":"product_tag","embeddable":true,"href":"https:\/\/laverteshop.fr\/de\/wp-json\/wp\/v2\/product_tag?post=18433"}],"curies":[{"name":"wp","href":"https:\/\/api.w.org\/{rel}","templated":true}]}}