{"id":18428,"date":"2024-07-23T16:18:25","date_gmt":"2024-07-23T14:18:25","guid":{"rendered":"https:\/\/laverteshop.fr\/?post_type=product&#038;p=18428"},"modified":"2026-01-19T08:40:35","modified_gmt":"2026-01-19T07:40:35","slug":"diesel-greenhouse-t-p-10","status":"publish","type":"product","link":"https:\/\/laverteshop.fr\/de\/product\/diesel-greenhouse-t-p-10\/","title":{"rendered":"Swiss Cheese Greenhouse"},"content":{"rendered":"<p>Pour pallier \u00e0 l&rsquo;interdiction des n\u00e9o-mol\u00e9cules, nous vous offrons le meilleur du CBD Suisse.<\/p>\n<p>Die Swiss Cheese Greenhouse ist ein Neuzugang in der Abteilung f\u00fcr Gew\u00e4chshausblumen. Sie ist eine kompakte, lange und buschige Blume, die jedoch hervorragend manik\u00fcrt ist. Sie ist dunkelgr\u00fcn und wird in Form von gro\u00dfen K\u00f6pfen pr\u00e4sentiert.<\/p>\n<p>Lors de l&rsquo;ouverture du pochon, c&rsquo;est un cot\u00e9 plus terreux qui se reconnaitra, provenant de la culture sous serre. Les conditions \u00e9tant plus fraiches en Suisse, on ressent une fraicheur lors de la consommation, et un ar\u00f4me plut\u00f4t bois\u00e9. Clairement une fleur qui plaira aux amateurs de fleurs de culture sous serre. Une top Greenhouse \u00e0 tr\u00e8s bon prix.<\/p>\n<p>Unsere Produkte sind mit dem Schweizer CBD-Qualit\u00e4tssiegel zertifiziert. Am wichtigsten ist uns, dass wir Ihnen Bl\u00fcten und Harze von ausgezeichnetem Wert zu erschwinglichen und akzeptablen Preisen und unter Einhaltung der vom EuGH zugelassenen Werte (&lt;0,3% THC) liefern k\u00f6nnen.<\/p>\n<p>Was k\u00f6nnen Sie mit diesen Produkten machen? Entspannende Tees, um Ihren Schlaf zu verbessern, Potpourris, um Ihr Zuhause mit einem nat\u00fcrlichen Geruch zu durchtr\u00e4nken, oder Sie k\u00f6nnen sie in Ihrem Essen verwenden, wenn Sie m\u00f6chten (Salate, So\u00dfen, Dressings).<\/p>\n<p>Wir empfehlen Ihnen, die Meinung Ihres Arztes einzuholen, der Ihnen die beste Verwendung f\u00fcr Ihr CBD empfehlen kann.<\/p>","protected":false},"excerpt":{"rendered":"<p>Pour pallier \u00e0 l&rsquo;interdiction des n\u00e9o mol\u00e9cules, nous avons d\u00e9cid\u00e9 de vous proposer les meilleurs fleurs suisses possible. Cette Swiss Cheese greenhouse, comme l&rsquo;indique son nom, provient d&rsquo;une culture sous serre du canton de Berne. Des conditions fraiches, une terre propre et bien entretenue, et des serres nouvelles g\u00e9n\u00e9rations.<\/p>\n<p>Diese Blume wird Sie mit ihrer frischen Seite, ihren gro\u00dfen Buds und ihrer leicht dunkelgr\u00fcnen Farbe begeistern. Der Geschmack der Natur ist unverkennbar und die Blume hat ein ausgezeichnetes Preis-Leistungs-Verh\u00e4ltnis.<\/p>\n<p>Wenn Ihnen unsere letzten Neuheiten gefallen haben, werden Sie von dieser Qualit\u00e4tsblume begeistert sein.<\/p>\n<table style=\"border-collapse: collapse; width: 192px; height: 205px;\" border=\"1\">\n<tbody>\n<tr>\n<td style=\"width: 50%; text-align: center;\"><strong>THC<\/strong><\/td>\n<td style=\"width: 50%; text-align: center;\"><strong>0.22 %<\/strong><\/td>\n<\/tr>\n<tr>\n<td style=\"width: 50%; text-align: center;\"><b>CBD<\/b><\/td>\n<td style=\"width: 50%; text-align: center;\"><strong>14-16 %<\/strong><\/td>\n<\/tr>\n<tr>\n<td style=\"width: 50%; text-align: center;\"><b>CBG<\/b><\/td>\n<td style=\"width: 50%; text-align: center;\"><strong>n.n<\/strong><\/td>\n<\/tr>\n<tr>\n<td style=\"width: 50%; text-align: center;\"><b>Kultur<\/b><\/td>\n<td style=\"width: 50%; text-align: center;\"><strong>Greenhouse<\/strong><\/td>\n<\/tr>\n<\/tbody>\n<\/table>","protected":false},"featured_media":19539,"comment_status":"open","ping_status":"closed","template":"","meta":{"inline_featured_image":false},"product_brand":[75],"product_cat":[58,255],"product_tag":[220,298],"class_list":{"0":"post-18428","1":"product","2":"type-product","3":"status-publish","4":"has-post-thumbnail","6":"product_brand-la-verte","7":"product_cat-fleurs","8":"product_cat-greenhouse","9":"product_tag-fleurs-cbd","10":"product_tag-fleurs-greenhouse","12":"first","13":"instock","14":"taxable","15":"shipping-taxable","16":"purchasable","17":"product-type-variable"},"jetpack_sharing_enabled":true,"_links":{"self":[{"href":"https:\/\/laverteshop.fr\/de\/wp-json\/wp\/v2\/product\/18428","targetHints":{"allow":["GET"]}}],"collection":[{"href":"https:\/\/laverteshop.fr\/de\/wp-json\/wp\/v2\/product"}],"about":[{"href":"https:\/\/laverteshop.fr\/de\/wp-json\/wp\/v2\/types\/product"}],"replies":[{"embeddable":true,"href":"https:\/\/laverteshop.fr\/de\/wp-json\/wp\/v2\/comments?post=18428"}],"wp:featuredmedia":[{"embeddable":true,"href":"https:\/\/laverteshop.fr\/de\/wp-json\/wp\/v2\/media\/19539"}],"wp:attachment":[{"href":"https:\/\/laverteshop.fr\/de\/wp-json\/wp\/v2\/media?parent=18428"}],"wp:term":[{"taxonomy":"product_brand","embeddable":true,"href":"https:\/\/laverteshop.fr\/de\/wp-json\/wp\/v2\/product_brand?post=18428"},{"taxonomy":"product_cat","embeddable":true,"href":"https:\/\/laverteshop.fr\/de\/wp-json\/wp\/v2\/product_cat?post=18428"},{"taxonomy":"product_tag","embeddable":true,"href":"https:\/\/laverteshop.fr\/de\/wp-json\/wp\/v2\/product_tag?post=18428"}],"curies":[{"name":"wp","href":"https:\/\/api.w.org\/{rel}","templated":true}]}}