{"id":18066,"date":"2024-05-23T16:29:53","date_gmt":"2024-05-23T14:29:53","guid":{"rendered":"https:\/\/laverteshop.fr\/?post_type=product&#038;p=18066"},"modified":"2025-07-11T10:22:20","modified_gmt":"2025-07-11T08:22:20","slug":"ocb-king-size-slim-organic-hemp-2","status":"publish","type":"product","link":"https:\/\/laverteshop.fr\/de\/product\/ocb-king-size-slim-organic-hemp-2\/","title":{"rendered":"OCB Bamboo King Size Slim Papers"},"content":{"rendered":"<div>OCB pr\u00e4sentiert hier Zigarettenpapier, das zu 100% aus Bambus hergestellt wird.<\/div>\n<div><\/div>\n<div>Bambus geh\u00f6rt zu den schnell nachwachsenden Rohstoffen und das daraus hergestellte Papier zeichnet sich ebenfalls durch seine Flexibilit\u00e4t und Rei\u00dffestigkeit aus.<\/div>\n<div>Jedes Heft enth\u00e4lt 32 ungebleichte, hauchd\u00fcnne Bambuspapiere, die gleichm\u00e4\u00dfig abbrennen.<\/div>\n<div>Dieses Produkt ist vegan und wurde in Frankreich hergestellt.<\/div>\n<div><\/div>\n<div>Eigenschaften:<\/div>\n<div><\/div>\n<div>- Abmessungen der Papiere: 44 x 109 mm<\/div>\n<div>- Ungebleicht und ohne Farbstoffe<\/div>\n<div>- 32 Artikel pro Heft<\/div>\n<div>- 50 Hefte pro Box (= 1 Einheit)<\/div>\n<div>- 50 Kartons pro Mastercase<\/div>\n<p>&nbsp;<\/p>","protected":false},"excerpt":{"rendered":"<h2>OCB Bamboo King Size Slim Papers<\/h2>\n<p>OCB pr\u00e4sentiert hier Zigarettenpapier, das zu 100% aus Bambus hergestellt wird.<\/p>\n<p>Veganes Produkt, das in Frankreich hergestellt wird. Ein Muss f\u00fcr alle Liebhaber ungebleichter und hochwertiger Bl\u00e4tter.<\/p>\n<p>Sie bestehen aus ungebleichtem, organischem Hanf und sind frei von jeglichen Chemikalien (z. B. Chlorid).<\/p>\n<ul>\n<li>Abmessungen der Papiere: 44 x 109 mm<\/li>\n<li>Ungebleicht und ohne Farbstoffe<\/li>\n<li>32 Blatt pro Packung<\/li>\n<\/ul>","protected":false},"featured_media":18068,"comment_status":"open","ping_status":"closed","template":"","meta":{"inline_featured_image":false},"product_brand":[224],"product_cat":[196,61],"product_tag":[217],"class_list":{"0":"post-18066","1":"product","2":"type-product","3":"status-publish","4":"has-post-thumbnail","6":"product_brand-ocb","7":"product_cat-feuilles-a-rouler","8":"product_cat-accessoires","9":"product_tag-feuilles","11":"first","12":"instock","13":"taxable","14":"shipping-taxable","15":"purchasable","16":"product-type-simple"},"jetpack_sharing_enabled":true,"_links":{"self":[{"href":"https:\/\/laverteshop.fr\/de\/wp-json\/wp\/v2\/product\/18066","targetHints":{"allow":["GET"]}}],"collection":[{"href":"https:\/\/laverteshop.fr\/de\/wp-json\/wp\/v2\/product"}],"about":[{"href":"https:\/\/laverteshop.fr\/de\/wp-json\/wp\/v2\/types\/product"}],"replies":[{"embeddable":true,"href":"https:\/\/laverteshop.fr\/de\/wp-json\/wp\/v2\/comments?post=18066"}],"wp:featuredmedia":[{"embeddable":true,"href":"https:\/\/laverteshop.fr\/de\/wp-json\/wp\/v2\/media\/18068"}],"wp:attachment":[{"href":"https:\/\/laverteshop.fr\/de\/wp-json\/wp\/v2\/media?parent=18066"}],"wp:term":[{"taxonomy":"product_brand","embeddable":true,"href":"https:\/\/laverteshop.fr\/de\/wp-json\/wp\/v2\/product_brand?post=18066"},{"taxonomy":"product_cat","embeddable":true,"href":"https:\/\/laverteshop.fr\/de\/wp-json\/wp\/v2\/product_cat?post=18066"},{"taxonomy":"product_tag","embeddable":true,"href":"https:\/\/laverteshop.fr\/de\/wp-json\/wp\/v2\/product_tag?post=18066"}],"curies":[{"name":"wp","href":"https:\/\/api.w.org\/{rel}","templated":true}]}}