{"id":17387,"date":"2024-02-15T11:15:16","date_gmt":"2024-02-15T10:15:16","guid":{"rendered":"https:\/\/laverteshop.fr\/?post_type=product&#038;p=17387"},"modified":"2025-07-15T15:59:08","modified_gmt":"2025-07-15T13:59:08","slug":"amnesia-haze-indoor","status":"publish","type":"product","link":"https:\/\/laverteshop.fr\/de\/product\/amnesia-haze-indoor\/","title":{"rendered":"Amnesia Haze Indoor"},"content":{"rendered":"<p>La fleur de CBD Amnesia Haze indoor est enfin de retour sur notre catalogue! Une des vari\u00e9t\u00e9 les plus connues du monde du CBD, cette fleur provient d&rsquo;une culture indoor suisse, faite par des professionnels, et donc aux niveaux de temp\u00e9ratures, de luminosit\u00e9 et d&rsquo;humidit\u00e9 parfaits.<\/p>\n<p>La Amnesia Haze indoor est une fleur d&rsquo;un vert clair, typique de cette vari\u00e9t\u00e9, avec de jolis pistils de pollen blanc. Vous trouverez de belles fleurs, croustillantes et tr\u00e8s bien manucur\u00e9es. Son odeur plut\u00f4t acidul\u00e9e qui est \u00e9galement reconnaissable pour toutes les variet\u00e9s de type Haze. C&rsquo;est clairement notre p\u00e9pite du moment, et elle ravira tous nos amateurs d&rsquo;excellentes fleurs.<\/p>\n<p>Am wichtigsten ist uns, dass wir Ihnen Blumen und Harze von ausgezeichnetem Wert zu erschwinglichen und akzeptablen Preisen und unter Einhaltung der vom EuGH zugelassenen Werte (&lt;0,3% THC) liefern k\u00f6nnen.<\/p>\n<p>Was k\u00f6nnen Sie mit diesen Produkten machen? Entspannende Tees, um Ihren Schlaf zu verbessern, Potpourris, um Ihr Zuhause mit einem nat\u00fcrlichen Geruch zu durchtr\u00e4nken, oder Sie k\u00f6nnen sie in Ihrem Essen verwenden, wenn Sie m\u00f6chten (Salate, So\u00dfen, Dressings).<\/p>\n<p>Wir empfehlen Ihnen, die Meinung Ihres Arztes einzuholen, der Ihnen die beste Verwendung f\u00fcr Ihr CBD empfehlen kann.<\/p>\n<p>&nbsp;<\/p>\n<p>&nbsp;<\/p>\n<p>&nbsp;<\/p>\n<h6><\/h6>","protected":false},"excerpt":{"rendered":"<p>La Amnesia Haze Indoor est enfin de retour ! Notre p\u00e9pite du moment, cette fleur de culture indoor vous ravira \u00e0 coup s\u00fbr. Difficile \u00e0 cultiver car elle est soigneusement travaill\u00e9e, aux conditions optimales de culture (luminosit\u00e9, temp\u00e9rature, humidit\u00e9). Pleine de pollen, verte tr\u00e8s clair, croustillante et humide \u00e0 la fois, c&rsquo;est une bombe \u00e0 ne pas rater !<\/p>\n<p>Beim Verbrennen findest du alle seine leicht s\u00e4uerlichen Terpene wieder, die typisch f\u00fcr die Haze-Genetik sind.<\/p>\n<p>Une manucure de qualit\u00e9, des buds de belle taille, elle a tout pour vous combler. Stock limit\u00e9, alors n&rsquo;attendez plus !<\/p>\n<table style=\"border-collapse: collapse; width: 192px; height: 205px;\" border=\"1\">\n<tbody>\n<tr>\n<td style=\"width: 50%; text-align: center;\"><strong>THC<\/strong><\/td>\n<td style=\"width: 50%; text-align: center;\"><strong>0.28 %<\/strong><\/td>\n<\/tr>\n<tr>\n<td style=\"width: 50%; text-align: center;\"><strong>CBD<\/strong><\/td>\n<td style=\"width: 50%; text-align: center;\"><strong>18 %<\/strong><\/td>\n<\/tr>\n<tr>\n<td style=\"width: 50%; text-align: center;\"><strong>CBG<\/strong><\/td>\n<td style=\"width: 50%; text-align: center;\"><strong>n.n<\/strong><\/td>\n<\/tr>\n<tr>\n<td style=\"width: 50%; text-align: center;\"><b>Kultur<\/b><\/td>\n<td style=\"width: 50%; text-align: center;\"><strong>indoor<\/strong><\/td>\n<\/tr>\n<\/tbody>\n<\/table>","protected":false},"featured_media":17391,"comment_status":"open","ping_status":"closed","template":"","meta":{"inline_featured_image":false},"product_brand":[75],"product_cat":[58,253],"product_tag":[220,76],"class_list":{"0":"post-17387","1":"product","2":"type-product","3":"status-publish","4":"has-post-thumbnail","6":"product_brand-la-verte","7":"product_cat-fleurs","8":"product_cat-indoor","9":"product_tag-fleurs-cbd","10":"product_tag-indoor","12":"first","13":"instock","14":"taxable","15":"shipping-taxable","16":"purchasable","17":"product-type-variable"},"jetpack_sharing_enabled":true,"_links":{"self":[{"href":"https:\/\/laverteshop.fr\/de\/wp-json\/wp\/v2\/product\/17387","targetHints":{"allow":["GET"]}}],"collection":[{"href":"https:\/\/laverteshop.fr\/de\/wp-json\/wp\/v2\/product"}],"about":[{"href":"https:\/\/laverteshop.fr\/de\/wp-json\/wp\/v2\/types\/product"}],"replies":[{"embeddable":true,"href":"https:\/\/laverteshop.fr\/de\/wp-json\/wp\/v2\/comments?post=17387"}],"wp:featuredmedia":[{"embeddable":true,"href":"https:\/\/laverteshop.fr\/de\/wp-json\/wp\/v2\/media\/17391"}],"wp:attachment":[{"href":"https:\/\/laverteshop.fr\/de\/wp-json\/wp\/v2\/media?parent=17387"}],"wp:term":[{"taxonomy":"product_brand","embeddable":true,"href":"https:\/\/laverteshop.fr\/de\/wp-json\/wp\/v2\/product_brand?post=17387"},{"taxonomy":"product_cat","embeddable":true,"href":"https:\/\/laverteshop.fr\/de\/wp-json\/wp\/v2\/product_cat?post=17387"},{"taxonomy":"product_tag","embeddable":true,"href":"https:\/\/laverteshop.fr\/de\/wp-json\/wp\/v2\/product_tag?post=17387"}],"curies":[{"name":"wp","href":"https:\/\/api.w.org\/{rel}","templated":true}]}}